{"id":102,"date":"2014-10-17T15:32:36","date_gmt":"2014-10-17T13:32:36","guid":{"rendered":"http:\/\/kpsg-cadolzburg.de\/WP\/?page_id=102"},"modified":"2014-10-21T20:56:26","modified_gmt":"2014-10-21T18:56:26","slug":"staende","status":"publish","type":"page","link":"http:\/\/kpsg-cadolzburg.de\/?page_id=102","title":{"rendered":"St\u00e4nde"},"content":{"rendered":"<p>Die K\u00f6nigl. priv. Sch\u00fctzengesellschaft Cadolzburg bietet eine Vielzahl an M\u00f6glichkeiten traditionellen und modernen Schiesssport auszu\u00fcben. Hier bekommen Sie einen kurzen \u00dcberblick \u00fcber unsere St\u00e4nde.<\/p>\n<p><a href=\"http:\/\/kpsg-cadolzburg.de\/WP\/?page_id=211\">100m GK Schie\u00dfstand<\/a><\/p>\n<p><a href=\"http:\/\/kpsg-cadolzburg.de\/WP\/?page_id=118\">25m GK Schie\u00dfstand<\/a><\/p>\n<p><a href=\"http:\/\/kpsg-cadolzburg.de\/WP\/?page_id=106\">10m LP \/ LG Schie\u00dfstand<\/a><\/p>\n<p><a href=\"http:\/\/kpsg-cadolzburg.de\/WP\/?page_id=106\">18m Bogen Indoor<\/a><\/p>\n","protected":false},"excerpt":{"rendered":"<p>Die K\u00f6nigl. priv. Sch\u00fctzengesellschaft Cadolzburg bietet eine Vielzahl an M\u00f6glichkeiten traditionellen und modernen Schiesssport auszu\u00fcben. Hier bekommen Sie einen kurzen \u00dcberblick \u00fcber unsere St\u00e4nde. 100m GK Schie\u00dfstand 25m GK Schie\u00dfstand 10m LP \/ LG Schie\u00dfstand 18m Bogen Indoor <a class=\"continue-reading-link\" href=\"http:\/\/kpsg-cadolzburg.de\/?page_id=102\">Continue reading<\/a><\/p>\n","protected":false},"author":3,"featured_media":0,"parent":0,"menu_order":0,"comment_status":"closed","ping_status":"closed","template":"","meta":{"footnotes":""},"_links":{"self":[{"href":"http:\/\/kpsg-cadolzburg.de\/index.php?rest_route=\/wp\/v2\/pages\/102"}],"collection":[{"href":"http:\/\/kpsg-cadolzburg.de\/index.php?rest_route=\/wp\/v2\/pages"}],"about":[{"href":"http:\/\/kpsg-cadolzburg.de\/index.php?rest_route=\/wp\/v2\/types\/page"}],"author":[{"embeddable":true,"href":"http:\/\/kpsg-cadolzburg.de\/index.php?rest_route=\/wp\/v2\/users\/3"}],"replies":[{"embeddable":true,"href":"http:\/\/kpsg-cadolzburg.de\/index.php?rest_route=%2Fwp%2Fv2%2Fcomments&post=102"}],"version-history":[{"count":7,"href":"http:\/\/kpsg-cadolzburg.de\/index.php?rest_route=\/wp\/v2\/pages\/102\/revisions"}],"predecessor-version":[{"id":215,"href":"http:\/\/kpsg-cadolzburg.de\/index.php?rest_route=\/wp\/v2\/pages\/102\/revisions\/215"}],"wp:attachment":[{"href":"http:\/\/kpsg-cadolzburg.de\/index.php?rest_route=%2Fwp%2Fv2%2Fmedia&parent=102"}],"curies":[{"name":"wp","href":"https:\/\/api.w.org\/{rel}","templated":true}]}}