{"id":106,"date":"2014-10-17T15:43:16","date_gmt":"2014-10-17T13:43:16","guid":{"rendered":"http:\/\/kpsg-cadolzburg.de\/WP\/?page_id=106"},"modified":"2023-03-31T00:46:46","modified_gmt":"2023-03-30T22:46:46","slug":"10m","status":"publish","type":"page","link":"http:\/\/kpsg-cadolzburg.de\/?page_id=106","title":{"rendered":"Mehrzweckhalle"},"content":{"rendered":"<p>Unsere ehemalige Luftdruckhalle wurde zu einer Mehrzweckhalle umgebaut, in der folgende Disziplinen trainiert werden k\u00f6nnen:<\/p>\n<ul>\n<li>Luftpistole (12 elektronische St\u00e4nde auf 10 m)<\/li>\n<li>Luftgewehr (12 elektronische St\u00e4nde auf 10 m )<\/li>\n<li>Bogen (6 Stramit Scheiben auf 18 m)<\/li>\n<\/ul>\n<h3><strong>Luftdruckstand<\/strong><\/h3>\n<p>Auf 12 elektronischen St\u00e4nden (Entfernung 10m) wird in beheizter Atmosph\u00e4re geschossen.<\/p>\n<p>Folgende Disziplinen k\u00f6nnen auf unseren Luftdruck- St\u00e4nden geschossen werden:<br \/>\nLuftgewehr stehend Freihand f\u00fcr alle Altersklassen, je nach Alter 20 oder 40 Schuss plus Probesch\u00fcsse.<\/p>\n<p>Luftgewehr 3-Stellung f\u00fcr Jugend und Juniorenklasse in den Anschlagarten liegend, kniend und stehend je nach Alter je 10 oder 20 Schuss pro Anschlag plus Probe.<\/p>\n<p>Luftpistole Freihand f\u00fcr alle Altersklassen.<\/p>\n<p>Luftgewehr mit Auflage f\u00fcr Sch\u00fcler und alle Alters- und Seniorenklassen ab dem 50. Lebensjahr schie\u00dfen 30 Schuss plus Probesch\u00fcsse. In zwei unterschiedlichen Disziplinen darf aufgelegt werden. Der Unterschied liegt in der Haltung der Waffe.<\/p>\n<p>Geschossen wird mit Diabolos 4,5mm!<\/p>\n<p><strong>Laut Gesetz d\u00fcrfen Kinder ab dem 12. Lebensjahr mit der Erlaubnis der Erziehungsberechtigten das Schie\u00dfen aus\u00fcben. Kinder ab dem 10-12. Lebensjahr ben\u00f6tigen eine Ausnahmegenehmigung des zust\u00e4ndigen Ordnungsamtes.<\/strong><\/p>\n<p><span style=\"color: #ff0000;\">&nbsp;<\/span><\/p>\n<h3>Bogen<\/h3>\n<p>F\u00fcr unsere Bogensch\u00fctzen, besteht bei schlechtem Wetter und w\u00e4hrend der Wintermonate M\u00f6glichkeit in unserer Halle auf eine Entfernung von 18 m zu schie\u00dfen. Es kann auf bis zu 6 Stramit-Scheiben gleichzeitig trainieret werden.&nbsp; Die Halle ist gut ausgeleuchtet und bietet hervorragende Bedingungen um&nbsp; die kalte Jahreszeit zu \u00fcberstehen.<\/p>\n<p><img decoding=\"async\" loading=\"lazy\" class=\"aligncenter wp-image-266\" src=\"http:\/\/kpsg-cadolzburg.de\/WP\/wp-content\/uploads\/2014\/10\/bogen-halle-300x225.jpg\" alt=\"bogen-halle\" width=\"400\" height=\"300\" srcset=\"http:\/\/kpsg-cadolzburg.de\/WP\/wp-content\/uploads\/2014\/10\/bogen-halle-300x225.jpg 300w, http:\/\/kpsg-cadolzburg.de\/WP\/wp-content\/uploads\/2014\/10\/bogen-halle-1024x768.jpg 1024w, http:\/\/kpsg-cadolzburg.de\/WP\/wp-content\/uploads\/2014\/10\/bogen-halle-200x150.jpg 200w, http:\/\/kpsg-cadolzburg.de\/WP\/wp-content\/uploads\/2014\/10\/bogen-halle-150x112.jpg 150w, http:\/\/kpsg-cadolzburg.de\/WP\/wp-content\/uploads\/2014\/10\/bogen-halle.jpg 1824w\" sizes=\"(max-width: 400px) 100vw, 400px\" \/><\/p>\n","protected":false},"excerpt":{"rendered":"<p>Unsere ehemalige Luftdruckhalle wurde zu einer Mehrzweckhalle umgebaut, in der folgende Disziplinen trainiert werden k\u00f6nnen: Luftpistole (12 elektronische St\u00e4nde auf 10 m) Luftgewehr (12 elektronische St\u00e4nde auf 10 m ) Bogen (6 Stramit Scheiben auf 18 m) Luftdruckstand Auf 12 elektronischen St\u00e4nden (Entfernung 10m) wird in beheizter Atmosph\u00e4re geschossen. Folgende\u2026 <a class=\"continue-reading-link\" href=\"http:\/\/kpsg-cadolzburg.de\/?page_id=106\">Continue reading<\/a><\/p>\n","protected":false},"author":3,"featured_media":0,"parent":102,"menu_order":1,"comment_status":"closed","ping_status":"closed","template":"","meta":{"footnotes":""},"_links":{"self":[{"href":"http:\/\/kpsg-cadolzburg.de\/index.php?rest_route=\/wp\/v2\/pages\/106"}],"collection":[{"href":"http:\/\/kpsg-cadolzburg.de\/index.php?rest_route=\/wp\/v2\/pages"}],"about":[{"href":"http:\/\/kpsg-cadolzburg.de\/index.php?rest_route=\/wp\/v2\/types\/page"}],"author":[{"embeddable":true,"href":"http:\/\/kpsg-cadolzburg.de\/index.php?rest_route=\/wp\/v2\/users\/3"}],"replies":[{"embeddable":true,"href":"http:\/\/kpsg-cadolzburg.de\/index.php?rest_route=%2Fwp%2Fv2%2Fcomments&post=106"}],"version-history":[{"count":10,"href":"http:\/\/kpsg-cadolzburg.de\/index.php?rest_route=\/wp\/v2\/pages\/106\/revisions"}],"predecessor-version":[{"id":2139,"href":"http:\/\/kpsg-cadolzburg.de\/index.php?rest_route=\/wp\/v2\/pages\/106\/revisions\/2139"}],"up":[{"embeddable":true,"href":"http:\/\/kpsg-cadolzburg.de\/index.php?rest_route=\/wp\/v2\/pages\/102"}],"wp:attachment":[{"href":"http:\/\/kpsg-cadolzburg.de\/index.php?rest_route=%2Fwp%2Fv2%2Fmedia&parent=106"}],"curies":[{"name":"wp","href":"https:\/\/api.w.org\/{rel}","templated":true}]}}