{"id":118,"date":"2014-10-17T16:17:00","date_gmt":"2014-10-17T14:17:00","guid":{"rendered":"http:\/\/kpsg-cadolzburg.de\/WP\/?page_id=118"},"modified":"2016-05-20T18:11:05","modified_gmt":"2016-05-20T16:11:05","slug":"25-m","status":"publish","type":"page","link":"http:\/\/kpsg-cadolzburg.de\/?page_id=118","title":{"rendered":"25 m"},"content":{"rendered":"<p><strong>Pistolenstand 25m<\/strong><\/p>\n<p>Auf 5 Gro\u00dfkaliberst\u00e4nden f\u00fcr GK-Kurzwaffen kann mit Pistolen und Revolvern geschossen werden.<\/p>\n<p>Vorderladerkurzwaffen, Perkussionsrevolver und \u2013pistolen sowie Steinschlosspistolen d\u00fcrfen aus baulichen Gr\u00fcnden der Kugelf\u00e4nge nicht auf unseren St\u00e4nden geschossen werden.<\/p>\n<p>&nbsp;<\/p>\n<p><img decoding=\"async\" loading=\"lazy\" class=\"aligncenter wp-image-687\" src=\"http:\/\/kpsg-cadolzburg.de\/WP\/wp-content\/uploads\/2014\/10\/25m-300x225.jpg\" alt=\"25m\" width=\"400\" height=\"300\" srcset=\"http:\/\/kpsg-cadolzburg.de\/WP\/wp-content\/uploads\/2014\/10\/25m-300x225.jpg 300w, http:\/\/kpsg-cadolzburg.de\/WP\/wp-content\/uploads\/2014\/10\/25m-768x576.jpg 768w, http:\/\/kpsg-cadolzburg.de\/WP\/wp-content\/uploads\/2014\/10\/25m-1024x768.jpg 1024w, http:\/\/kpsg-cadolzburg.de\/WP\/wp-content\/uploads\/2014\/10\/25m-200x150.jpg 200w, http:\/\/kpsg-cadolzburg.de\/WP\/wp-content\/uploads\/2014\/10\/25m-150x113.jpg 150w, http:\/\/kpsg-cadolzburg.de\/WP\/wp-content\/uploads\/2014\/10\/25m.jpg 1824w\" sizes=\"(max-width: 400px) 100vw, 400px\" \/>Folgende Disziplinen werden auf unserem Pistolen-Stand geschossen:<\/p>\n<p>Sportpistole Kleinkaliber, Kaliber .22 oder 5,6mm. Geschossen wird Pr\u00e4zision und Duell, die Waffe wird nur mit einer Hand gehalten<\/p>\n<p>Pr\u00e4zision: 6 Serien \u00e1 5 Schuss in je 5 Minuten auf eine Ringscheibe.<\/p>\n<p>Duell: 6 Serien \u00e1 5 Schuss auf eine Ringscheibe, mit wesentlich gr\u00f6\u00dferen nur schwarzen Ringen. Die Scheibe klappt je Schuss f\u00fcr 3 Sekunden zum Schie\u00dfen auf.<\/p>\n<p>Sportpistole Zentralfeuer, Kaliber .30 &#8211; .38 oder 7,62-9mm. Die Durchf\u00fchrung erfolgt wie bei der Sportpistole Kleinkaliber.<\/p>\n<p>f\u00fcr beiden Disziplinen d\u00fcrfen auch entsprechende Revolver benutzt werden<\/p>\n<p>Klapp- oder Fallscheiben mit Kleinkalibergewehr (\u00e4hnlich Biathlon)<\/p>\n<p><strong>Alle Pistolendisziplinen d\u00fcrfen laut Waffengesetz erst ab dem 18. Lebensjahr geschossen werden!<\/strong><\/p>\n","protected":false},"excerpt":{"rendered":"<p>Pistolenstand 25m Auf 5 Gro\u00dfkaliberst\u00e4nden f\u00fcr GK-Kurzwaffen kann mit Pistolen und Revolvern geschossen werden. Vorderladerkurzwaffen, Perkussionsrevolver und \u2013pistolen sowie Steinschlosspistolen d\u00fcrfen aus baulichen Gr\u00fcnden der Kugelf\u00e4nge nicht auf unseren St\u00e4nden geschossen werden. &nbsp; Folgende Disziplinen werden auf unserem Pistolen-Stand geschossen: Sportpistole Kleinkaliber, Kaliber .22 oder 5,6mm. Geschossen wird Pr\u00e4zision und\u2026 <a class=\"continue-reading-link\" href=\"http:\/\/kpsg-cadolzburg.de\/?page_id=118\">Continue reading<\/a><\/p>\n","protected":false},"author":3,"featured_media":0,"parent":102,"menu_order":2,"comment_status":"closed","ping_status":"closed","template":"","meta":{"footnotes":""},"_links":{"self":[{"href":"http:\/\/kpsg-cadolzburg.de\/index.php?rest_route=\/wp\/v2\/pages\/118"}],"collection":[{"href":"http:\/\/kpsg-cadolzburg.de\/index.php?rest_route=\/wp\/v2\/pages"}],"about":[{"href":"http:\/\/kpsg-cadolzburg.de\/index.php?rest_route=\/wp\/v2\/types\/page"}],"author":[{"embeddable":true,"href":"http:\/\/kpsg-cadolzburg.de\/index.php?rest_route=\/wp\/v2\/users\/3"}],"replies":[{"embeddable":true,"href":"http:\/\/kpsg-cadolzburg.de\/index.php?rest_route=%2Fwp%2Fv2%2Fcomments&post=118"}],"version-history":[{"count":2,"href":"http:\/\/kpsg-cadolzburg.de\/index.php?rest_route=\/wp\/v2\/pages\/118\/revisions"}],"predecessor-version":[{"id":693,"href":"http:\/\/kpsg-cadolzburg.de\/index.php?rest_route=\/wp\/v2\/pages\/118\/revisions\/693"}],"up":[{"embeddable":true,"href":"http:\/\/kpsg-cadolzburg.de\/index.php?rest_route=\/wp\/v2\/pages\/102"}],"wp:attachment":[{"href":"http:\/\/kpsg-cadolzburg.de\/index.php?rest_route=%2Fwp%2Fv2%2Fmedia&parent=118"}],"curies":[{"name":"wp","href":"https:\/\/api.w.org\/{rel}","templated":true}]}}