{"id":1392,"date":"2018-05-25T21:46:43","date_gmt":"2018-05-25T19:46:43","guid":{"rendered":"http:\/\/kpsg-cadolzburg.de\/?page_id=1392"},"modified":"2022-07-08T00:11:13","modified_gmt":"2022-07-07T22:11:13","slug":"datenschutz","status":"publish","type":"page","link":"http:\/\/kpsg-cadolzburg.de\/?page_id=1392","title":{"rendered":"Datenschutz"},"content":{"rendered":"<p><strong>Allgemeine Hinweise<\/strong><br \/>\nNachfolgend m\u00f6chten wir Sie \u00fcber die Art, den Umfang und die Zwecke der Erhebung und<br \/>\nVerwendung Ihrer personenbezogenen Daten auf unserer Webseite informieren. Wir behandeln<br \/>\npersonenbezogene Daten gem\u00e4\u00df dieser Datenschutzerkl\u00e4rung und der gesetzlichen Vorschriften<br \/>\ngrunds\u00e4tzlich vertraulich. Den Schutz Ihrer pers\u00f6nlichen Daten nehmen wir sehr ernst. Wenn Sie<br \/>\nunsere Website benutzen, werden verschiedene personenbezogene Daten erhoben.<br \/>\nPersonenbezogene Daten sind Daten, mit denen Sie pers\u00f6nlich identifiziert werden k\u00f6nnen. Die<br \/>\nvorliegende Datenschutzerkl\u00e4rung erl\u00e4utert, welche Daten wir erheben und wof\u00fcr wir diese nutzen.<br \/>\nSie erl\u00e4utert auch, wie und zu welchem Zweck das geschieht. Eine Daten\u00fcbertragung im Internet kann<br \/>\nz.B. bei E-Mail-Kommunikation Sicherheitsl\u00fccken aufweisen Wir m\u00f6chten Sie darauf hinweisen, dass<br \/>\nein l\u00fcckenloser Schutz der Daten vor dem Zugriff durch Dritte nicht m\u00f6glich ist.<\/p>\n<p><strong>Datenerfassung auf unserer Website<\/strong><br \/>\nWer ist verantwortlich f\u00fcr die Datenerfassung auf dieser Website?<\/p>\n<p>K\u00f6niglich privilegierte Sch\u00fctzengesellschaft Cadolzburg 1452<br \/>\nSch\u00fctzenstra\u00dfe 9, 90556 Cadolzburg<\/p>\n<p>Kontaktdaten<br \/>\nVorstand i. S. d. \u00a7 26 BGB<br \/>\n1. Sch\u00fctzenmeister Peter Sch\u00f6ner<\/p>\n<p>Hosting<br \/>\nUnsere in Anspruch genommenen Hosting-Leistungen, um den Betrieb der Homepage<br \/>\nsicherzustellen, umfassen folgende Leistungen: Plattformdienstleistungen, Webspace, Datenbank,<br \/>\ntechnische Wartung.<\/p>\n<p><strong>Welche Daten werden erfasst und wie?<\/strong><br \/>\nServer-Log-Dateien<br \/>\nDer Provider der Seiten erhebt und speichert automatisch Informationen in so genannten Server-LogDateien,<br \/>\ndie Ihr Browser automatisch \u00fcbermittelt. Dies sind:<br \/>\n&#8211; Browsertyp und Browserversion<br \/>\n&#8211; verwendetes Betriebssystem<br \/>\n&#8211; Referrer URL<br \/>\n&#8211; Hostname des zugreifenden Rechners<br \/>\n&#8211; Uhrzeit der Serveranfrage<br \/>\n&#8211; IP-Adresse<br \/>\nDiese werden ben\u00f6tigt, um Angriffe, einen fehlerhaften Code oder allgemeine Fehler zu identifizieren<br \/>\nund werden nach vier Wochen vom Webserver automatisch gel\u00f6scht. Eine Zusammenf\u00fchrung dieser<br \/>\nDaten mit anderen Datenquellen findet nicht statt. Grundlage f\u00fcr die Datenverarbeitung ist Art. 6 Abs.<br \/>\n1, b DSGVO, der die Verarbeitung von Daten zur Erf\u00fcllung eines Vertrags oder vorvertraglicher<br \/>\nMa\u00dfnahmen gestattet.<\/p>\n<p>Cookies<br \/>\nDie Internetseiten verwenden so genannte Cookies. Cookies richten auf Ihrem Rechner keinen<br \/>\nSchaden an und enthalten keine Viren. Cookies dienen dazu, unser Angebot nutzerfreundlicher,<br \/>\neffektiver und sicherer zu machen. Cookies sind kleine Textdateien, die auf Ihrem Rechner abgelegt<br \/>\nwerden und die Ihr Browser speichert.<br \/>\nDie meisten der von uns verwendeten Cookies sind so genannte \u201cSession-Cookies\u201d. Sie werden nach<br \/>\nEnde Ihres Besuchs automatisch gel\u00f6scht. Andere Cookies bleiben auf Ihrem Endger\u00e4t gespeichert<br \/>\nbis Sie diese l\u00f6schen. Diese Cookies erm\u00f6glichen es uns, Ihren Browser beim n\u00e4chsten Besuch<br \/>\nwiederzuerkennen.<br \/>\nSie k\u00f6nnen Ihren Browser so einstellen, dass Sie \u00fcber das Setzen von Cookies informiert werden und<br \/>\nCookies nur im Einzelfall erlauben, die Annahme von Cookies f\u00fcr bestimmte F\u00e4lle oder generell<br \/>\nausschlie\u00dfen sowie das automatische L\u00f6schen der Cookies beim Schlie\u00dfen des Browsers aktivieren.<br \/>\nBei der Deaktivierung von Cookies kann die Funktionalit\u00e4t dieser Website eingeschr\u00e4nkt sein.<br \/>\nCookies, die zur Durchf\u00fchrung des elektronischen Kommunikationsvorgangs oder zur Bereitstellung<br \/>\nbestimmter, von Ihnen erw\u00fcnschter Funktionen erforderlich sind, werden auf<br \/>\nGrundlage von Art. 6 Abs. 1, f DSGVO gespeichert. Der Websitebetreiber hat ein berechtigtes<br \/>\nInteresse an der Speicherung von Cookies zur technisch fehlerfreien und optimierten Bereitstellung<br \/>\nseiner Dienste.<\/p>\n<p><strong>Wof\u00fcr werden erhobene Daten genutzt?<\/strong><br \/>\nEin Teil der Daten wird erhoben, um eine fehlerfreie Bereitstellung der Website zu gew\u00e4hrleisten.<br \/>\nAndere Daten k\u00f6nnen zur Analyse des Nutzerverhaltens verwendet werden.<\/p>\n<p>Analyse-Tools und Tools von Drittanbietern<br \/>\nWir verwenden keine Analyse-Tools und Tools von Drittanbietern.<\/p>\n<p>Kontaktformulare, RSS-Feeds, Onlinemelder<br \/>\nWir verarbeiten Daten (z. B. Namen und Adressen sowie Kontaktdaten von Nutzern), die in den<br \/>\nKontaktformularen, Anmeldung f\u00fcr RSS-Feeds oder im Onlinemelder erhoben werden, um<br \/>\nvertraglichen Verpflichtungen, Serviceleistungen und der Organisation von Wettk\u00e4mpfen und<br \/>\nVeranstaltungen nachzukommen.<\/p>\n<p>Routenplaner<br \/>\nIm Bereich Anfahrt auf unserer Homepage ist als Routenplaner Google Maps implementiert. Hierf\u00fcr<br \/>\ngelten die Datenschutzerkl\u00e4rung und Nutzungsbedingungen von Google:<br \/>\nhttps:\/\/policies.google.com\/privacy?hl=de&#038;gl=dehttps:\/\/policies.google.com\/privacy?hl=de&#038;gl=de<\/p>\n<p>Welche Rechte haben Sie bez\u00fcglich Ihrer Daten?<br \/>\nAuskunft, Sperrung, L\u00f6schung<br \/>\nSie haben jederzeit das Recht unentgeltlich Auskunft \u00fcber Herkunft, Empf\u00e4nger und Zweck Ihrer<br \/>\ngespeicherten personenbezogenen Daten zu erhalten. Sie haben au\u00dferdem das Recht, die<br \/>\nBerichtigung, Sperrung oder L\u00f6schung Ihrer Daten zu verlangen. Des Weiteren steht Ihnen ein<br \/>\nBeschwerderecht bei der zust\u00e4ndigen Aufsichtsbeh\u00f6rde zu.<\/p>\n<p>Widerruf Ihrer Einwilligung zur Datenverarbeitung<br \/>\nViele Datenverarbeitungsvorg\u00e4nge sind nur mit Ihrer ausdr\u00fccklichen Einwilligung m\u00f6glich. Sie k\u00f6nnen<br \/>\neine bereits erteilte Einwilligung jederzeit widerrufen. Dazu reicht eine formlose Mitteilung per E-Mail<br \/>\nan uns. Die Rechtm\u00e4\u00dfigkeit der bis zum Widerruf erfolgten Datenverarbeitung bleibt vom Widerruf<br \/>\nunber\u00fchrt.<\/p>\n<p>Ver\u00f6ffentlichung von Daten und Fotos auf der Homepage<br \/>\nIn unseren online-Medien wird von Wettbewerben in Ton, Bild, Video und Text berichtet. Au\u00dferdem<br \/>\nwerden Ergebnislisten dieser Wettbewerbe ver\u00f6ffentlicht. Eine entsprechende Ergebnisliste ist<br \/>\nzwingender Bestandteil des sportlichen Wettkampfes, denn dem sportlichen Wettbewerb ist es<br \/>\nimmanent, dass man sich mit seinem sportlichen Kontrahenten misst und vergleicht und am Ende<br \/>\nfeststellt, wer der bessere ist. Diese Feststellung geschieht durch die Ver\u00f6ffentlichung der<br \/>\nErgebnisliste. Damit hat diese aber auch eine Bedeutung f\u00fcr die Zukunft, denn auch zuk\u00fcnftig ist es<br \/>\naus sportlicher Sicht interessant zu wissen, wie der einzelne Teilnehmer bei dem Wettbewerben<br \/>\nabgeschnitten hat.<br \/>\nMit der Teilnahme an einem Wettbewerb erkl\u00e4rt sich der Teilnehmer bereit, dass diese Daten, Bilder,<br \/>\nVideos erfasst und ver\u00f6ffentlicht werden. Eine sp\u00e4tere L\u00f6schung dieser oder Streichung insbesondere<br \/>\naus den Ergebnislisten erfolgt daher nicht; auch nicht bei Austritt des Teilnehmers aus dem Verein.<br \/>\nSportlerinnen und Sportler, die eine Ver\u00f6ffentlichung ihrer Daten in Ergebnislisten sowie<br \/>\nBerichterstattung von Wettbewerben mit ihrer Namensnennung oder Ver\u00f6ffentlichung ihrer Person in<br \/>\nTon, Bild oder Film auf dem Siegertreppchen oder Wettkampf nicht w\u00fcnschen, d\u00fcrfen daher nicht an<br \/>\ndem Wettbewerb teilnehmen.<\/p>\n<p>Beschwerderecht bei der zust\u00e4ndigen Aufsichtsbeh\u00f6rde<br \/>\nIm Falle datenschutzrechtlicher Verst\u00f6\u00dfe steht dem Betroffenen ein Beschwerderecht bei der<br \/>\nzust\u00e4ndigen Aufsichtsbeh\u00f6rde zu. Die Beschwerde kann \u00fcber den Link<br \/>\nhttps:\/\/www.lda.bayern.de\/de\/beschwerde.html an die zust\u00e4ndigen Landesdatenschutzbeauftragten<br \/>\nder Aufsichtsbeh\u00f6rde in Bayern erfolgen.<\/p>\n<p>Recht auf Daten\u00fcbertragbarkeit<br \/>\nSie haben das Recht, Daten, die wir auf Grundlage Ihrer Einwilligung oder in Erf\u00fcllung eines Vertrags<br \/>\nautomatisiert verarbeiten, an sich oder an einen Dritten in einem g\u00e4ngigen, maschinenlesbaren<br \/>\nFormat aush\u00e4ndigen zu lassen. Sofern Sie die direkte \u00dcbertragung der Daten an einen anderen<br \/>\nVerantwortlichen verlangen, erfolgt dies nur, soweit es technisch machbar ist.<\/p>\n","protected":false},"excerpt":{"rendered":"<p>Allgemeine Hinweise Nachfolgend m\u00f6chten wir Sie \u00fcber die Art, den Umfang und die Zwecke der Erhebung und Verwendung Ihrer personenbezogenen Daten auf unserer Webseite informieren. Wir behandeln personenbezogene Daten gem\u00e4\u00df dieser Datenschutzerkl\u00e4rung und der gesetzlichen Vorschriften grunds\u00e4tzlich vertraulich. Den Schutz Ihrer pers\u00f6nlichen Daten nehmen wir sehr ernst. Wenn Sie unsere\u2026 <a class=\"continue-reading-link\" href=\"http:\/\/kpsg-cadolzburg.de\/?page_id=1392\">Continue reading<\/a><\/p>\n","protected":false},"author":3,"featured_media":0,"parent":2,"menu_order":0,"comment_status":"closed","ping_status":"closed","template":"","meta":{"footnotes":""},"_links":{"self":[{"href":"http:\/\/kpsg-cadolzburg.de\/index.php?rest_route=\/wp\/v2\/pages\/1392"}],"collection":[{"href":"http:\/\/kpsg-cadolzburg.de\/index.php?rest_route=\/wp\/v2\/pages"}],"about":[{"href":"http:\/\/kpsg-cadolzburg.de\/index.php?rest_route=\/wp\/v2\/types\/page"}],"author":[{"embeddable":true,"href":"http:\/\/kpsg-cadolzburg.de\/index.php?rest_route=\/wp\/v2\/users\/3"}],"replies":[{"embeddable":true,"href":"http:\/\/kpsg-cadolzburg.de\/index.php?rest_route=%2Fwp%2Fv2%2Fcomments&post=1392"}],"version-history":[{"count":5,"href":"http:\/\/kpsg-cadolzburg.de\/index.php?rest_route=\/wp\/v2\/pages\/1392\/revisions"}],"predecessor-version":[{"id":1995,"href":"http:\/\/kpsg-cadolzburg.de\/index.php?rest_route=\/wp\/v2\/pages\/1392\/revisions\/1995"}],"up":[{"embeddable":true,"href":"http:\/\/kpsg-cadolzburg.de\/index.php?rest_route=\/wp\/v2\/pages\/2"}],"wp:attachment":[{"href":"http:\/\/kpsg-cadolzburg.de\/index.php?rest_route=%2Fwp%2Fv2%2Fmedia&parent=1392"}],"curies":[{"name":"wp","href":"https:\/\/api.w.org\/{rel}","templated":true}]}}