{"id":2,"date":"2014-10-10T18:47:21","date_gmt":"2014-10-10T16:47:21","guid":{"rendered":"http:\/\/kpsg-cadolzburg.de\/WP\/?page_id=2"},"modified":"2026-03-23T00:10:12","modified_gmt":"2026-03-22T22:10:12","slug":"beispiel-seite","status":"publish","type":"page","link":"http:\/\/kpsg-cadolzburg.de\/?page_id=2","title":{"rendered":"Impressum"},"content":{"rendered":"<p><strong>Wir stellen uns vor, die Vorstandschaft oder wie es bei uns hei\u00dft, das Sch\u00fctzenmeisteramt :<\/strong><\/p>\n<p>1. Sch\u00fctzenmeister: <a href=\"mailto:d.beyer@kpsg-cadolzburg.de\">Daniel Beyer<\/a><\/p>\n<p>2. Sch\u00fctzenmeister:\u00a0 <a href=\"mailto:s.ax@kpsg-cadolzburg.de\">Sebastian Ax<\/a><\/p>\n<p>Schatzmeister:\u00a0 <a href=\"mailto:a.stauber@kpsg-cadolzburg.de\">Armin Stauber<\/a><\/p>\n<p>Sportleiter:\u00a0\u00a0\u00a0 <a href=\"mailto:a.herzig@kpsg-cadolzburg.de\">Alexander Herzig<\/a><\/p>\n<p>Sportleiter der\u00a0 Bogenabteilung:\u00a0<a href=\"mailto:m.erban@kpsg-cadolzburg.de\">Markus Erban und Markus Rappe<\/a><\/p>\n<p>Schriftf\u00fchrer:\u00a0 \u00a0 <a href=\"mailto:g.kraemer@kpsg-cadolzburg.de\">Dr. Gunter Kr\u00e4mer<\/a><\/p>\n<h3>Rechtliche Hinweise (Disclaimer):<\/h3>\n<p>Die Inhalte unserer Seiten wurden mit gr\u00f6\u00dfter Sorgfalt erstellt. F\u00fcr die Richtigkeit, Vollst\u00e4ndigkeit und Aktualit\u00e4t der Inhalte k\u00f6nnen wir keine Gew\u00e4hr \u00fcbernehmen.<\/p>\n<p>Als Diensteanbieter ist die K\u00f6nigl. priv. Sch\u00fctzengesellschaft 1452 Cadolzburg (KPSG Cadolzburg) gem\u00e4\u00df \u00a7 7 Abs. 1 Telemediengesetz (TMG) f\u00fcr eigene Inhalte auf diesen Seiten nach den allgemeinen Gesetzen verantwortlich. Nicht verpflichtet ist die KPSG Cadolzburg, \u00fcbermittelte oder gespeicherte fremde Informationen zu \u00fcberwachen oder nach Umst\u00e4nden zu forschen, die auf eine rechtwidrige T\u00e4tigkeit hinweisen (\u00a7\u00a7 8 &#8211; 10 TMG). Verpflichtungen zum Entfernen oder Sperren der Nutzung von Informationen nach den allgemeinen Gesetzen bleiben hiervon unber\u00fchrt. Eine diesbez\u00fcgliche Haftung ist jedoch erst ab dem Zeitpunkt der Kenntnis \u00fcber eine konkrete Rechtsverletzung m\u00f6glich.<\/p>\n<p>Bei Bekanntwerden von entsprechenden Rechtsverletzung werden wir diese Inhalte umgehend entfernen.<\/p>\n<h4>Haftung f\u00fcr Verlinkungen auf externe Webseiten Dritter<\/h4>\n<p>Die Informationen der KPSG Cadolzburg enthalten Links zu externen Webseiten Dritter, auf deren Inhalte wir keinen Einfluss haben. Deshalb k\u00f6nnen wir f\u00fcr diese Inhalte auch keine Gew\u00e4hr \u00fcbernehmen. F\u00fcr die Inhalte der verlinkten Seiten sind stets die jeweiligen Anbieter oder Betreiber der Seiten verantwortlich. Die verlinkten Seiten wurden zum Zeitpunkt der Verlinkungen auf m\u00f6gliche Rechtsverst\u00f6\u00dfe \u00fcberpr\u00fcft. Rechtswidrige Inhalt waren zum Zeitpunkt der Verlinkung nicht erkennbar. Eine permanente inhaltliche Kontrolle der verlinkten Seiten ist ohne konkrete Anhaltspunkte \u00fcber eine Rechtsverletzung nicht zumutbar.<\/p>\n<p>Bei Bekanntwerden von Rechtsverletzungen werden wir derartige Links umgehend entfernen.<\/p>\n<h4>Urheberrecht \/ Open-Content-Lizenzierung (nach Creative Commons 4.0)<\/h4>\n<p>Die durch die Beauftragten der KpSG Cadolzburg erstellten Inhalte und Werke innerhalb dieser Domain unterliegen dem deutschen Urheberrecht.\u00a0Die Vervielf\u00e4ltigung, Bearbeitung, Verbreitung und jede Art der Verwertung au\u00dferhalb der Grenzen des Urheberrechts bed\u00fcrfen der schriftlichen Zustimmung des jeweiligen Autors \/Autorin bzw. Erstellers \/ Erstellerin.<\/p>\n<p>Abweichende lizenzrechtliche Erkl\u00e4rungen sind ausdr\u00fccklich gekennzeichnet. Diese erfolgt nach den Regeln einer Open-Content-Lizenzierung (<a href=\"https:\/\/de.wikipedia.org\/wiki\/Creative_Commons\">Creative Commons 4.0<\/a>).<\/p>\n<p>Soweit Inhalte auf dieser Seite nicht vom Betreiber erstellt wurden, werden die Urheber- \/ Lizenzrechte Dritter beachtet. Insbesondere werden Inhalte Dritter als solche gekennzeichnet. Sollten Sie trotzdem auf eine Urheberrechts- \/ Lizenzrechtsverletzung aufmerksam werden, bitten wir Ihren Hinweis.<\/p>\n<p>Bei Bekanntwerden von Rechtsverletzungen werden wir derartige Inhalte umgehend entfernen.<\/p>\n<h4>Datenschutz<\/h4>\n<p>Die Nutzung der Webseite der KPSG Cadolzburg ist in der Regel ohne Angabe personenbezogener Daten m\u00f6glich. Soweit auf unseren Seiten personenbezogene Daten (beispielsweise Name, Anschrift, E-Mail-Adressen, IP-Adressen) erhoben werden, erfolgt dies, soweit m\u00f6glich, stets auf freiwilliger Basis. Diese Daten werden ohne Ihre ausdr\u00fcckliche Zustimmung nicht an Dritte weitergeben.<\/p>\n<p>Wir weisen darauf hin, dass die Daten\u00fcbertragung im Internet (beispielsweise die Kommunikation per E-Mail) Sicherheitsl\u00fccken aufweisen kann. Ein l\u00fcckenloser Schutz der Daten vor dem Zugriff durch Dritte ist nicht m\u00f6glich.<\/p>\n<p>Der Nutzung von im Rahmen der Impressumspflicht ver\u00f6ffentlichten Kontaktdaten durch Dritte zur \u00dcbersendung von nicht ausdr\u00fccklich angeforderter Werbung und Informationsmaterialien wird hiermit ausdr\u00fccklich widersprochen. Die KpSG Cadolzburg beh\u00e4lt sich ausdr\u00fccklich rechtliche Schritte im Falle der unverlangten Zusendung von Werbeinformationen, etwa durch Spam-Mails, vor.<\/p>\n<p>Anschrift:<br \/>\nK\u00f6niglich privilegierte Sch\u00fctzengesellschaft 1452 Cadolzburg<br \/>\n1. Sch\u00fctzenmeister Daniel Beyer<br \/>\nSch\u00fctzenstr. 9<br \/>\n90556 Cadolzburg<\/p>\n","protected":false},"excerpt":{"rendered":"<p>Wir stellen uns vor, die Vorstandschaft oder wie es bei uns hei\u00dft, das Sch\u00fctzenmeisteramt : 1. Sch\u00fctzenmeister: Daniel Beyer 2. Sch\u00fctzenmeister:\u00a0 Sebastian Ax Schatzmeister:\u00a0 Armin Stauber Sportleiter:\u00a0\u00a0\u00a0 Alexander Herzig Sportleiter der\u00a0 Bogenabteilung:\u00a0Markus Erban und Markus Rappe Schriftf\u00fchrer:\u00a0 \u00a0 Dr. Gunter Kr\u00e4mer Rechtliche Hinweise (Disclaimer): Die Inhalte unserer Seiten wurden mit\u2026 <a class=\"continue-reading-link\" href=\"http:\/\/kpsg-cadolzburg.de\/?page_id=2\">Continue reading<\/a><\/p>\n","protected":false},"author":1,"featured_media":0,"parent":0,"menu_order":9,"comment_status":"closed","ping_status":"closed","template":"","meta":{"footnotes":""},"_links":{"self":[{"href":"http:\/\/kpsg-cadolzburg.de\/index.php?rest_route=\/wp\/v2\/pages\/2"}],"collection":[{"href":"http:\/\/kpsg-cadolzburg.de\/index.php?rest_route=\/wp\/v2\/pages"}],"about":[{"href":"http:\/\/kpsg-cadolzburg.de\/index.php?rest_route=\/wp\/v2\/types\/page"}],"author":[{"embeddable":true,"href":"http:\/\/kpsg-cadolzburg.de\/index.php?rest_route=\/wp\/v2\/users\/1"}],"replies":[{"embeddable":true,"href":"http:\/\/kpsg-cadolzburg.de\/index.php?rest_route=%2Fwp%2Fv2%2Fcomments&post=2"}],"version-history":[{"count":39,"href":"http:\/\/kpsg-cadolzburg.de\/index.php?rest_route=\/wp\/v2\/pages\/2\/revisions"}],"predecessor-version":[{"id":2451,"href":"http:\/\/kpsg-cadolzburg.de\/index.php?rest_route=\/wp\/v2\/pages\/2\/revisions\/2451"}],"wp:attachment":[{"href":"http:\/\/kpsg-cadolzburg.de\/index.php?rest_route=%2Fwp%2Fv2%2Fmedia&parent=2"}],"curies":[{"name":"wp","href":"https:\/\/api.w.org\/{rel}","templated":true}]}}