{"id":21,"date":"2014-10-10T21:55:19","date_gmt":"2014-10-10T19:55:19","guid":{"rendered":"http:\/\/kpsg-cadolzburg.de\/WP\/?page_id=21"},"modified":"2020-01-02T21:41:00","modified_gmt":"2020-01-02T19:41:00","slug":"bogenabteilung","status":"publish","type":"page","link":"http:\/\/kpsg-cadolzburg.de\/?page_id=21","title":{"rendered":"Bogen"},"content":{"rendered":"<p><b><span style=\"text-decoration: underline;\">Die Bogensportabteilung<\/span><\/b><\/p>\n<p>Bogensport ist eine Sportart, in der sich alle Altersklassen auch behinderte Menschen miteinander messen k\u00f6nnen.<\/p>\n<p>So ist zur Zeit unser j\u00fcngster Trainingsteilnehmer 7 und der \u00c4lteste 67 Jahre alt.<\/p>\n<p>Bogensport wird sowohl als Einzel- wie auch als Mannschaftssport betrieben und ist besonders gut als Freizeitsport geeignet. Bei uns im Verein finden Sie sowohl am Leistungssport Interessierte als auch Freizeitsportler.<\/p>\n<p>Die wichtigste Voraussetzung ist der Spa\u00df und das Interesse am Bogensport.<\/p>\n<p><b><span style=\"text-decoration: underline;\">Kurz\u00fcbersicht:<\/span><\/b><\/p>\n<ul>\n<li>Schie\u00dfbetrieb aufgenommen am 20. August 2006<\/li>\n<li>Zur Zeit hat die Abteilung ca. 45 Mitglieder, davon sind ca. 15 &#8211; 20\u00a0 regelm\u00e4\u00dfig im Training.<\/li>\n<li>Bei uns trainieren momentan Sch\u00fctzen mit Recurve- und Blankb\u00f6gen. Compoundb\u00f6gen bis 60 lbs k\u00f6nnen auf unseren St\u00e4nden geschossen werden. Aktuell ist leider kein &#8222;Trainer&#8220; verf\u00fcgbar.<\/li>\n<li>Die Schie\u00dfhalle der Luftdrucksch\u00fctzen ist an den Schie\u00dftagen das ganze Jahr f\u00fcr uns reserviert.<\/li>\n<li>Als Au\u00dfengel\u00e4nde steht uns seit 2010 die selbst gestaltete Trainingsanlage zur Verf\u00fcgung. Hier k\u00f6nnen Entfernungen von 18 m bis 90 m trainiert werden<\/li>\n<li>In regelm\u00e4\u00dfigen Abst\u00e4nden wird ein 3D-Parcours auf dem Trainingsgel\u00e4nde gestellt. Das erm\u00f6glicht unseren Blankbogensch\u00fctzinnen und -sch\u00fctzen unterschiedliche Anforderungen zu trainieren.<\/li>\n<li>Au\u00dferdem stellt uns die Gemeinde f\u00fcr gr\u00f6\u00dfere Veranstaltungen das Gel\u00e4nde des alten Fussballplatzes des TSV Cadolzburg direkt unterhalb des Sch\u00fctzenheims zur Verf\u00fcgung.<\/li>\n<\/ul>\n<p style=\"text-align: center;\">\n","protected":false},"excerpt":{"rendered":"<p>Die Bogensportabteilung Bogensport ist eine Sportart, in der sich alle Altersklassen auch behinderte Menschen miteinander messen k\u00f6nnen. So ist zur Zeit unser j\u00fcngster Trainingsteilnehmer 7 und der \u00c4lteste 67 Jahre alt. Bogensport wird sowohl als Einzel- wie auch als Mannschaftssport betrieben und ist besonders gut als Freizeitsport geeignet. Bei uns\u2026 <a class=\"continue-reading-link\" href=\"http:\/\/kpsg-cadolzburg.de\/?page_id=21\">Continue reading<\/a><\/p>\n","protected":false},"author":1,"featured_media":111,"parent":35,"menu_order":0,"comment_status":"closed","ping_status":"closed","template":"","meta":{"footnotes":""},"_links":{"self":[{"href":"http:\/\/kpsg-cadolzburg.de\/index.php?rest_route=\/wp\/v2\/pages\/21"}],"collection":[{"href":"http:\/\/kpsg-cadolzburg.de\/index.php?rest_route=\/wp\/v2\/pages"}],"about":[{"href":"http:\/\/kpsg-cadolzburg.de\/index.php?rest_route=\/wp\/v2\/types\/page"}],"author":[{"embeddable":true,"href":"http:\/\/kpsg-cadolzburg.de\/index.php?rest_route=\/wp\/v2\/users\/1"}],"replies":[{"embeddable":true,"href":"http:\/\/kpsg-cadolzburg.de\/index.php?rest_route=%2Fwp%2Fv2%2Fcomments&post=21"}],"version-history":[{"count":7,"href":"http:\/\/kpsg-cadolzburg.de\/index.php?rest_route=\/wp\/v2\/pages\/21\/revisions"}],"predecessor-version":[{"id":1791,"href":"http:\/\/kpsg-cadolzburg.de\/index.php?rest_route=\/wp\/v2\/pages\/21\/revisions\/1791"}],"up":[{"embeddable":true,"href":"http:\/\/kpsg-cadolzburg.de\/index.php?rest_route=\/wp\/v2\/pages\/35"}],"wp:featuredmedia":[{"embeddable":true,"href":"http:\/\/kpsg-cadolzburg.de\/index.php?rest_route=\/wp\/v2\/media\/111"}],"wp:attachment":[{"href":"http:\/\/kpsg-cadolzburg.de\/index.php?rest_route=%2Fwp%2Fv2%2Fmedia&parent=21"}],"curies":[{"name":"wp","href":"https:\/\/api.w.org\/{rel}","templated":true}]}}