{"id":2234,"date":"2023-10-29T00:25:27","date_gmt":"2023-10-28T22:25:27","guid":{"rendered":"https:\/\/kpsg-cadolzburg.de\/?page_id=2234"},"modified":"2023-11-03T09:45:57","modified_gmt":"2023-11-03T07:45:57","slug":"datenaktualisierung","status":"publish","type":"page","link":"http:\/\/kpsg-cadolzburg.de\/?page_id=2234","title":{"rendered":"Datenaktualisierung"},"content":{"rendered":"\n<div class=\"wpcf7 no-js\" id=\"wpcf7-f2232-o1\" lang=\"de-DE\" dir=\"ltr\">\n<div class=\"screen-reader-response\"><p role=\"status\" aria-live=\"polite\" aria-atomic=\"true\"><\/p> <ul><\/ul><\/div>\n<form action=\"\/index.php?rest_route=%2Fwp%2Fv2%2Fpages%2F2234#wpcf7-f2232-o1\" method=\"post\" class=\"wpcf7-form init\" aria-label=\"Kontaktformular\" novalidate=\"novalidate\" data-status=\"init\">\n<div style=\"display: none;\">\n<input type=\"hidden\" name=\"_wpcf7\" value=\"2232\" \/>\n<input type=\"hidden\" name=\"_wpcf7_version\" value=\"5.8.2\" \/>\n<input type=\"hidden\" name=\"_wpcf7_locale\" value=\"de_DE\" \/>\n<input type=\"hidden\" name=\"_wpcf7_unit_tag\" value=\"wpcf7-f2232-o1\" \/>\n<input type=\"hidden\" name=\"_wpcf7_container_post\" value=\"0\" \/>\n<input type=\"hidden\" name=\"_wpcf7_posted_data_hash\" value=\"\" \/>\n<\/div>\n<p>Liebe Sch\u00fctzenschwestern und Sch\u00fctzenbr\u00fcder,\n<\/p>\n<p>gerne m\u00f6chten wir die Daten unserer Mitglieder stets aktuell vorliegen haben und bitten um Angabe Deiner pers\u00f6nlichen Daten und Interessen. Bitte gebe Deine Daten bis <strong>sp\u00e4testens 31.12.2023<\/strong> ab, vielen Dank!\n<\/p>\n<p><label> <strong>Nachname<\/strong> * <span class=\"wpcf7-form-control-wrap\" data-name=\"your-nachname\"><input size=\"40\" class=\"wpcf7-form-control wpcf7-text wpcf7-validates-as-required\" autocomplete=\"nachname\" aria-required=\"true\" aria-invalid=\"false\" value=\"\" type=\"text\" name=\"your-nachname\" \/><\/span> <\/label>\n<\/p>\n<p><label> <strong>Vorname<\/strong> * <span class=\"wpcf7-form-control-wrap\" data-name=\"your-vorname\"><input size=\"40\" class=\"wpcf7-form-control wpcf7-text wpcf7-validates-as-required\" autocomplete=\"vorname\" aria-required=\"true\" aria-invalid=\"false\" value=\"\" type=\"text\" name=\"your-vorname\" \/><\/span> <\/label>\n<\/p>\n<p><label> <strong>BSSB-Mitgliedsnummer<\/strong> <span class=\"wpcf7-form-control-wrap\" data-name=\"your-bssb\"><input size=\"40\" class=\"wpcf7-form-control wpcf7-text\" autocomplete=\"bssb\" aria-invalid=\"false\" value=\"\" type=\"text\" name=\"your-bssb\" \/><\/span> (zu finden auf dem Sch\u00fctzenausweis)<\/label>\n<\/p>\n<p><label> <strong>Adresse<\/strong> <span class=\"wpcf7-form-control-wrap\" data-name=\"your-adresse\"><input size=\"40\" class=\"wpcf7-form-control wpcf7-text\" autocomplete=\"adresse\" aria-invalid=\"false\" value=\"\" type=\"text\" name=\"your-adresse\" \/><\/span> <\/label>\n<\/p>\n<p><label> <strong>PLZ und Ort<\/strong> <span class=\"wpcf7-form-control-wrap\" data-name=\"your-plzort\"><input size=\"40\" class=\"wpcf7-form-control wpcf7-text\" autocomplete=\"plzort\" aria-invalid=\"false\" value=\"\" type=\"text\" name=\"your-plzort\" \/><\/span> <\/label>\n<\/p>\n<p><label> <strong>Geburtsdatum<\/strong> <span class=\"wpcf7-form-control-wrap\" data-name=\"your-geburtsdatum\"><input size=\"40\" class=\"wpcf7-form-control wpcf7-text\" autocomplete=\"geburtsdatum\" aria-invalid=\"false\" value=\"\" type=\"text\" name=\"your-geburtsdatum\" \/><\/span> <\/label>\n<\/p>\n<p><label> <strong>Mobilfunknummer<\/strong> <span class=\"wpcf7-form-control-wrap\" data-name=\"your-tel\"><input size=\"40\" class=\"wpcf7-form-control wpcf7-text\" autocomplete=\"tel\" aria-invalid=\"false\" value=\"\" type=\"text\" name=\"your-tel\" \/><\/span> <\/label>\n<\/p>\n<p><label> <strong>E-Mail-Adresse<\/strong> * <span class=\"wpcf7-form-control-wrap\" data-name=\"your-email\"><input size=\"40\" class=\"wpcf7-form-control wpcf7-email wpcf7-validates-as-required wpcf7-text wpcf7-validates-as-email\" autocomplete=\"email\" aria-required=\"true\" aria-invalid=\"false\" value=\"\" type=\"email\" name=\"your-email\" \/><\/span> <\/label>\n<\/p>\n<p><label> <strong>Kontoinhaber<\/strong> <span class=\"wpcf7-form-control-wrap\" data-name=\"your-konto\"><input size=\"40\" class=\"wpcf7-form-control wpcf7-text\" autocomplete=\"konto\" aria-invalid=\"false\" value=\"\" type=\"text\" name=\"your-konto\" \/><\/span> <\/label>\n<\/p>\n<p><label> <strong>IBAN<\/strong> <span class=\"wpcf7-form-control-wrap\" data-name=\"your-iban\"><input size=\"40\" class=\"wpcf7-form-control wpcf7-text\" autocomplete=\"iban\" aria-invalid=\"false\" value=\"\" type=\"text\" name=\"your-iban\" \/><\/span> (bitte angeben, falls sich diese seit der letzten Beitragsabbuchung ge\u00e4ndert hat)<\/label>\n<\/p>\n<p><label> <strong>Beruf<\/strong> <span class=\"wpcf7-form-control-wrap\" data-name=\"your-beruf\"><input size=\"40\" class=\"wpcf7-form-control wpcf7-text\" autocomplete=\"beruf\" aria-invalid=\"false\" value=\"\" type=\"text\" name=\"your-beruf\" \/><\/span> <\/label>\n<\/p>\n<p><label> <strong>Branche<\/strong> <span class=\"wpcf7-form-control-wrap\" data-name=\"your-branche\"><input size=\"40\" class=\"wpcf7-form-control wpcf7-text\" autocomplete=\"branche\" aria-invalid=\"false\" value=\"\" type=\"text\" name=\"your-branche\" \/><\/span> <\/label>\n<\/p>\n<p><label> <strong>F\u00e4higkeiten<\/strong> <span class=\"wpcf7-form-control-wrap\" data-name=\"your-faehigkeiten\"><input size=\"40\" class=\"wpcf7-form-control wpcf7-text\" autocomplete=\"faehigkeiten\" aria-invalid=\"false\" value=\"\" type=\"text\" name=\"your-faehigkeiten\" \/><\/span> (Welche F\u00e4higkeiten hast Du, welche f\u00fcr unseren Verein vorteilhaft sein k\u00f6nnen, wie z. B. handwerklich begabt, kannst gut backen, Leute motivieren, usw.)<\/label>\n<\/p>\n<p><strong>Ich betreibe folgende Disziplinen \/ bin auf folgenden St\u00e4nden aktiv<\/strong> (Mehrfachauswahl m\u00f6glich)<span class=\"wpcf7-form-control-wrap\" data-name=\"Stand\"><span class=\"wpcf7-form-control wpcf7-checkbox\"><span class=\"wpcf7-list-item first\"><label><input type=\"checkbox\" name=\"Stand[]\" value=\"Kleinkaliber 25m Stand\" \/><span class=\"wpcf7-list-item-label\">Kleinkaliber 25m Stand<\/span><\/label><\/span><span class=\"wpcf7-list-item\"><label><input type=\"checkbox\" name=\"Stand[]\" value=\"Kleinkaliber 100m Stand\" \/><span class=\"wpcf7-list-item-label\">Kleinkaliber 100m Stand<\/span><\/label><\/span><span class=\"wpcf7-list-item\"><label><input type=\"checkbox\" name=\"Stand[]\" value=\"Gro\u00dfkaliber 25m Stand\" \/><span class=\"wpcf7-list-item-label\">Gro\u00dfkaliber 25m Stand<\/span><\/label><\/span><span class=\"wpcf7-list-item\"><label><input type=\"checkbox\" name=\"Stand[]\" value=\"Gro\u00dfkaliber 100m Stand\" \/><span class=\"wpcf7-list-item-label\">Gro\u00dfkaliber 100m Stand<\/span><\/label><\/span><span class=\"wpcf7-list-item\"><label><input type=\"checkbox\" name=\"Stand[]\" value=\"Luftpistole 10m Stand\" \/><span class=\"wpcf7-list-item-label\">Luftpistole 10m Stand<\/span><\/label><\/span><span class=\"wpcf7-list-item\"><label><input type=\"checkbox\" name=\"Stand[]\" value=\"Luftgewehr 10m Stand\" \/><span class=\"wpcf7-list-item-label\">Luftgewehr 10m Stand<\/span><\/label><\/span><span class=\"wpcf7-list-item\"><label><input type=\"checkbox\" name=\"Stand[]\" value=\"Bogen\" \/><span class=\"wpcf7-list-item-label\">Bogen<\/span><\/label><\/span><span class=\"wpcf7-list-item last\"><label><input type=\"checkbox\" name=\"Stand[]\" value=\"ich schie\u00dfe nicht (mehr) aktiv\" \/><span class=\"wpcf7-list-item-label\">ich schie\u00dfe nicht (mehr) aktiv<\/span><\/label><\/span><\/span><\/span>\n<\/p>\n<p><strong>Ich habe Interesse an nachfolgenden Rundenwettk\u00e4mpfen\/Landesmeisterschaften<\/strong> (Mehrfachauswahl m\u00f6glich)<span class=\"wpcf7-form-control-wrap\" data-name=\"RWK\"><span class=\"wpcf7-form-control wpcf7-checkbox\"><span class=\"wpcf7-list-item first\"><label><input type=\"checkbox\" name=\"RWK[]\" value=\"Sportpistole KK\" \/><span class=\"wpcf7-list-item-label\">Sportpistole KK<\/span><\/label><\/span><span class=\"wpcf7-list-item\"><label><input type=\"checkbox\" name=\"RWK[]\" value=\"Sportpistole GK\" \/><span class=\"wpcf7-list-item-label\">Sportpistole GK<\/span><\/label><\/span><span class=\"wpcf7-list-item\"><label><input type=\"checkbox\" name=\"RWK[]\" value=\"Luftpistole\" \/><span class=\"wpcf7-list-item-label\">Luftpistole<\/span><\/label><\/span><span class=\"wpcf7-list-item\"><label><input type=\"checkbox\" name=\"RWK[]\" value=\"Luftgewehr\" \/><span class=\"wpcf7-list-item-label\">Luftgewehr<\/span><\/label><\/span><span class=\"wpcf7-list-item\"><label><input type=\"checkbox\" name=\"RWK[]\" value=\"Unterhebel-Repetierer\" \/><span class=\"wpcf7-list-item-label\">Unterhebel-Repetierer<\/span><\/label><\/span><span class=\"wpcf7-list-item\"><label><input type=\"checkbox\" name=\"RWK[]\" value=\"Bogen\" \/><span class=\"wpcf7-list-item-label\">Bogen<\/span><\/label><\/span><span class=\"wpcf7-list-item last\"><label><input type=\"checkbox\" name=\"RWK[]\" value=\"verschiedenen BDS-Disziplinen (Steel, Speed, Fallscheibe, usw.) LM\/DM\" \/><span class=\"wpcf7-list-item-label\">verschiedenen BDS-Disziplinen (Steel, Speed, Fallscheibe, usw.) LM\/DM<\/span><\/label><\/span><\/span><\/span>\n<\/p>\n<p><strong>Standaufsichtslehrgang liegt vor?<\/strong><span class=\"wpcf7-form-control-wrap\" data-name=\"Standaufsicht\"><span class=\"wpcf7-form-control wpcf7-radio\"><span class=\"wpcf7-list-item first\"><label><input type=\"radio\" name=\"Standaufsicht\" value=\"ja\" checked=\"checked\" \/><span class=\"wpcf7-list-item-label\">ja<\/span><\/label><\/span><span class=\"wpcf7-list-item last\"><label><input type=\"radio\" name=\"Standaufsicht\" value=\"nein\" \/><span class=\"wpcf7-list-item-label\">nein<\/span><\/label><\/span><\/span><\/span>\n<\/p>\n<p><strong>WBK ist vorhanden?<\/strong><span class=\"wpcf7-form-control-wrap\" data-name=\"WBK\"><span class=\"wpcf7-form-control wpcf7-radio\"><span class=\"wpcf7-list-item first\"><label><input type=\"radio\" name=\"WBK\" value=\"ja\" checked=\"checked\" \/><span class=\"wpcf7-list-item-label\">ja<\/span><\/label><\/span><span class=\"wpcf7-list-item last\"><label><input type=\"radio\" name=\"WBK\" value=\"nein\" \/><span class=\"wpcf7-list-item-label\">nein<\/span><\/label><\/span><\/span><\/span>\n<\/p>\n<p><strong>Jagdschein ist vorhanden?<\/strong><span class=\"wpcf7-form-control-wrap\" data-name=\"Jagdschein\"><span class=\"wpcf7-form-control wpcf7-radio\"><span class=\"wpcf7-list-item first\"><label><input type=\"radio\" name=\"Jagdschein\" value=\"ja\" checked=\"checked\" \/><span class=\"wpcf7-list-item-label\">ja<\/span><\/label><\/span><span class=\"wpcf7-list-item last\"><label><input type=\"radio\" name=\"Jagdschein\" value=\"nein\" \/><span class=\"wpcf7-list-item-label\">nein<\/span><\/label><\/span><\/span><\/span>\n<\/p>\n<p><strong>W\u00e4re eine ehrenamtliche T\u00e4tigkeit vorstellbar<\/strong> (Ausschuss, Vorstand)? <span class=\"wpcf7-form-control-wrap\" data-name=\"Ehrenamt\"><span class=\"wpcf7-form-control wpcf7-radio\"><span class=\"wpcf7-list-item first\"><label><input type=\"radio\" name=\"Ehrenamt\" value=\"ja\" checked=\"checked\" \/><span class=\"wpcf7-list-item-label\">ja<\/span><\/label><\/span><span class=\"wpcf7-list-item last\"><label><input type=\"radio\" name=\"Ehrenamt\" value=\"nein\" \/><span class=\"wpcf7-list-item-label\">nein<\/span><\/label><\/span><\/span><\/span>\n<\/p>\n<p><strong>\u00dcber die nachfolgenden Links kannst Du Dich in die jeweiligen WhatsApp-Gruppen eintragen<\/strong>\n<\/p>\n<ul><a href=\"https:\/\/chat.whatsapp.com\/3EW2OgFPmAP2yTLCDJD8SS\" target=\"_blank\">Allgemein<\/a>\n<\/ul>\n<ul><a href=\"https:\/\/chat.whatsapp.com\/Bdjy7mwyaPv0RhtZBDLnXS\" target=\"_blank\">Newsletter<\/a>\n<\/ul>\n<ul><a href=\"https:\/\/chat.whatsapp.com\/IhnJojqPv6t0dBaI34C8bm\" target=\"_blank\">Standaufsichten<\/a>\n<\/ul>\n<ul><a href=\"https:\/\/chat.whatsapp.com\/Hs2ODeU7eJr2UPGWIA9uIp\" target=\"_blank\">Arbeitsdienst<\/a>\n<\/ul>\n<ul><a href=\"https:\/\/chat.whatsapp.com\/BsPTe8BobDA3aasoh5o2hp\" target=\"_blank\">Mittwochsaufsicht<\/a>\n<\/ul>\n<ul><a href=\"https:\/\/chat.whatsapp.com\/3EW2OgFPmAP2yTLCDJD8SS\" target=\"_blank\">Wiederlader<\/a>\n<\/ul>\n<ul><a href=\"https:\/\/chat.whatsapp.com\/CcplSoq6UFdI00kIM3Tmo2\" target=\"_blank\">Rundenwettkampf<\/a>\n<\/ul>\n<p><strong>In welche E-Mail-Verteilergruppe m\u00f6chtest Du gerne aufgenommen werden<\/strong> (Mehrfachauswahl m\u00f6glich, Erl\u00e4uterungen \u00fcber den Inhalt findest Du am Ende dieser Seite)<span class=\"wpcf7-form-control-wrap\" data-name=\"Mailverteiler\"><span class=\"wpcf7-form-control wpcf7-checkbox\"><span class=\"wpcf7-list-item first\"><label><input type=\"checkbox\" name=\"Mailverteiler[]\" value=\"Allgemein (hier wird jeder verpflichtend aufgenommen)\" \/><span class=\"wpcf7-list-item-label\">Allgemein (hier wird jeder verpflichtend aufgenommen)<\/span><\/label><\/span><span class=\"wpcf7-list-item\"><label><input type=\"checkbox\" name=\"Mailverteiler[]\" value=\"BDS Mitglied\" \/><span class=\"wpcf7-list-item-label\">BDS Mitglied<\/span><\/label><\/span><span class=\"wpcf7-list-item\"><label><input type=\"checkbox\" name=\"Mailverteiler[]\" value=\"Bogen\" \/><span class=\"wpcf7-list-item-label\">Bogen<\/span><\/label><\/span><span class=\"wpcf7-list-item\"><label><input type=\"checkbox\" name=\"Mailverteiler[]\" value=\"Arbeitsdienst\" \/><span class=\"wpcf7-list-item-label\">Arbeitsdienst<\/span><\/label><\/span><span class=\"wpcf7-list-item\"><label><input type=\"checkbox\" name=\"Mailverteiler[]\" value=\"Damen\" \/><span class=\"wpcf7-list-item-label\">Damen<\/span><\/label><\/span><span class=\"wpcf7-list-item\"><label><input type=\"checkbox\" name=\"Mailverteiler[]\" value=\"Jugend\" \/><span class=\"wpcf7-list-item-label\">Jugend<\/span><\/label><\/span><span class=\"wpcf7-list-item\"><label><input type=\"checkbox\" name=\"Mailverteiler[]\" value=\"Aufsichten\" \/><span class=\"wpcf7-list-item-label\">Aufsichten<\/span><\/label><\/span><span class=\"wpcf7-list-item last\"><label><input type=\"checkbox\" name=\"Mailverteiler[]\" value=\"Essen\" \/><span class=\"wpcf7-list-item-label\">Essen<\/span><\/label><\/span><\/span><\/span>\n<\/p>\n<p><label> <strong>Welche Anregungen\/W\u00fcnsche\/Vorschl\u00e4ge hast Du f\u00fcr den Verein?<\/strong> (optional)<span class=\"wpcf7-form-control-wrap\" data-name=\"your-message\"><textarea cols=\"40\" rows=\"10\" class=\"wpcf7-form-control wpcf7-textarea\" aria-invalid=\"false\" name=\"your-message\"><\/textarea><\/span> <\/label>\n<\/p>\n<p><label> <strong>Datenschutz<\/strong><\/label>\n<\/p>\n<p><span class=\"wpcf7-form-control-wrap\" data-name=\"Datenschutz\"><span class=\"wpcf7-form-control wpcf7-acceptance\"><span class=\"wpcf7-list-item\"><label><input type=\"checkbox\" name=\"Datenschutz\" value=\"1\" aria-invalid=\"false\" \/><span class=\"wpcf7-list-item-label\"><strong>Hiermit best\u00e4tige ich, dass ich die u. g. Datenschutzerkl\u00e4rung gelesen habe und akzeptiere diese.<\/strong><\/span><\/label><\/span><\/span><\/span>\n<\/p>\n<p><strong>Sicherheitsfrage: <\/strong><span class=\"wpcf7-form-control-wrap\" data-name=\"Sicherheitsabfrage\"><label><span class=\"wpcf7-quiz-label\">Seit wann gibt es unseren Verein? Gib das Jahr an, in dem der Verein gegr\u00fcndet wurde. (1452)<\/span> <input size=\"40\" class=\"wpcf7-form-control wpcf7-quiz\" autocomplete=\"off\" aria-required=\"true\" aria-invalid=\"false\" type=\"text\" name=\"Sicherheitsabfrage\" \/><\/label><input type=\"hidden\" name=\"_wpcf7_quiz_answer_Sicherheitsabfrage\" value=\"5a388c9907554014e63d006ea343f700\" \/><\/span>\n<\/p>\n<p><input class=\"wpcf7-form-control wpcf7-submit has-spinner\" type=\"submit\" value=\"Senden\" \/>\n<\/p>\n<div class=\"wpcf7-response-output\" aria-hidden=\"true\"><\/div>\n<p><strong><br \/>\n<u>Erl\u00e4uterungen WhatsApp-Gruppen und E-Mail-Verteiler<\/u><\/strong>\n<\/p>\n<p><strong>Allgemein<\/strong><br \/>\nHier werden allgemeine Informationen zum Verein, Einladung zur Jahreshauptversammlung und zum Ehrenabend, zum BSSB, Veranstaltungen, Schulungen, Wettkampftermine BSSB\/Gau, usw. verschickt. In der WhatsApp-Gruppe wird hier\u00fcber z. B. auch bekannt gegeben, ob ein Stand aufgrund eines Wettkampfes belegt ist, wie die Rundenwettk\u00e4mpfe ausgefallen sind oder allgemeine Themen behandelt.\n<\/p>\n<p><strong>Newsletter<\/strong><br \/>\nHier werden Neuigkeiten \u00fcber den Verein oder wichtige Informationen mitgeteilt, wie z. B. anstehende Veranstaltungen, Ergebnisse Vereinsmeisterschaft bzw. Adler- und K\u00f6nigsschie\u00dfen. In der WhatsApp-Gruppe kann nicht kommentiert werden.\n<\/p>\n<p><strong>Standaufsichten<\/strong><br \/>\nHier\u00fcber werden die Standaufsichten am allgemeinen Vereinsabend koordiniert.\n<\/p>\n<p><strong>Mittwochsaufsicht<\/strong><br \/>\nHier\u00fcber werden die Standaufsichten f\u00fcr das Schie\u00dfen am Mittwoch f\u00fcr die Disziplin KK 50m koordiniert.\n<\/p>\n<p><strong>Arbeitsdienst<\/strong><br \/>\nHier\u00fcber werden die Arbeitsdienste koordiniert (Wann findet der Arbeitsdienst statt; wer kann dabei sein; welche Arbeiten sind zu erledigen; wer leitet den Arbeitsdienst; welche Ausr\u00fcstung wird ben\u00f6tigt)\n<\/p>\n<p><strong>Wiederlader<\/strong><br \/>\nHier\u00fcber tauschen sich die Wiederlader \u00fcber Pulversorten, Arbeitsschritte, Geschosse, usw. aus\n<\/p>\n<p><strong>Rundenwettkampf<\/strong><br \/>\nHier\u00fcber tauschen sich die Sch\u00fctzen aus, welche an den Rundenwettk\u00e4mpfen teilnehmen. Jede Mannschaft hat Ihre eigene WhatsApp-Gruppe, zudem gibt es eine Gruppe f\u00fcr die Mannschaftsf\u00fchrer. Koordiniert werden hier\u00fcber z. B. die Teilnehmer an einem Wettkampf, da manche Mannschaften mehr Mitglieder haben, als an dem RWK teilnehmen k\u00f6nnen.\n<\/p>\n<p><strong>BDS-Mitglied<\/strong><br \/>\nHierbei handelt es sich um einen E-Mail-Verteiler \u00fcber den die BDS-Mitglieder alles erfahren, was den BDS betrifft.\n<\/p>\n<p><strong>Bogen<\/strong><br \/>\nHierbei handelt es sich um einen E-Mail-Verteiler \u00fcber den ausschlie\u00dflich die Aktivit\u00e4ten\/Themen unserer Bogenabteilung behandelt werden.\n<\/p>\n<p><strong>Damen<\/strong><br \/>\nHierbei handelt es sich um einen E-Mail-Verteiler \u00fcber den ausschlie\u00dflich die Aktivit\u00e4ten\/Themen unserer Damen behandelt werden.\n<\/p>\n<p><strong>Jugend<\/strong><br \/>\nHierbei handelt es sich um einen E-Mail-Verteiler \u00fcber den ausschlie\u00dflich die Aktivit\u00e4ten\/Themen unserer Jugend behandelt werden.\n<\/p>\n<p><strong>Essen<\/strong><br \/>\nHier\u00fcber erhaltet Ihr von Gerhard die Information, was es am Vereinsabend zu Essen gibt. Die Bestellung bitte an die altbekannte oder diese E-Mail-Adresse richten.\n<\/p>\n<p><strong><br \/>\n<u>Datenschutz-Disclaimer f\u00fcr den Sch\u00fctzenverein KPSG Cadolzburg 1452<\/u><\/strong>\n<\/p>\n<p>Der Schutz deiner pers\u00f6nlichen Daten ist uns ein wichtiges Anliegen. Mit der Erhebung, Verarbeitung und Nutzung deiner Daten m\u00f6chten wir sicherstellen, dass alle geltenden Datenschutzbestimmungen eingehalten werden. Im Folgenden informieren wir dich \u00fcber die Art, den Umfang und den Zweck der Erhebung und Verwendung deiner personenbezogenen Daten.\n<\/p>\n<p><strong>1. Datenerhebung und -verwendung<\/strong><br \/>\nWir erheben und verwenden personenbezogene Daten, um die Mitgliedschaft im Sch\u00fctzenverein KPSG Cadolzburg 1452 zu verwalten, Vereinsaktivit\u00e4ten zu organisieren und zu planen, sowie dich \u00fcber relevante Ereignisse und Informationen auf dem Laufenden zu halten. Dazu geh\u00f6ren Informationen wie Name, Adresse, Kontaktinformationen, Mitgliedschaftsinformationen, Interessen und Aktivit\u00e4ten.\n<\/p>\n<p><strong>2. Speicherung und Sicherheit<\/strong><br \/>\nDeine Daten werden sicher und vertraulich gespeichert. Der Zugriff auf deine pers\u00f6nlichen Informationen ist auf autorisierte Personen beschr\u00e4nkt, die diese Informationen f\u00fcr die Zwecke des Vereins ben\u00f6tigen.\n<\/p>\n<p><strong>3. Weitergabe von Daten<\/strong><br \/>\nWir geben deine Daten nicht an Dritte weiter, es sei denn, dies ist gesetzlich vorgeschrieben oder du hast ausdr\u00fccklich deine Zustimmung gegeben.\n<\/p>\n<p><strong>4. Einverst\u00e4ndniserkl\u00e4rung<\/strong><br \/>\nDurch deine Mitgliedschaft im Sch\u00fctzenverein KPSG Cadolzburg 1452 stimmst du der Erhebung, Verarbeitung und Nutzung deiner personenbezogenen Daten gem\u00e4\u00df dieser Datenschutzrichtlinie zu.\n<\/p>\n<p><strong>5. Widerruf der Einwilligung<\/strong><br \/>\nDu hast das Recht, deine Einwilligung zur Erhebung, Verarbeitung und Nutzung deiner Daten jederzeit zu widerrufen. In diesem Fall wende dich bitte schriftlich an uns, und wir werden deine Daten entsprechend l\u00f6schen.\n<\/p>\n<p><strong>6. Rechte des Betroffenen<\/strong><br \/>\nDu hast das Recht, Auskunft \u00fcber die von uns \u00fcber dich gespeicherten Daten zu erhalten und gegebenenfalls die Berichtigung, Sperrung oder L\u00f6schung deiner Daten zu verlangen.\n<\/p>\n<p>Bei Fragen oder Anliegen zum Datenschutz kannst du dich gerne an uns wenden. Die Kontaktdaten findest du auf unserer Website.\n<\/p>\n<p>Wir behalten uns das Recht vor, diese Datenschutzrichtlinie von Zeit zu Zeit zu \u00e4ndern. Bitte besuche unsere Website regelm\u00e4\u00dfig, um sicherzustellen, dass du \u00fcber etwaige Aktualisierungen informiert bist.\n<\/p>\n<p><strong>Stand 11-2023<\/strong>\n<\/p>\n<p>Vielen Dank f\u00fcr dein Vertrauen und deine Mitgliedschaft im Sch\u00fctzenverein KPSG Cadolzburg 1452.\n<\/p>\n<\/form>\n<\/div>\n\n","protected":false},"excerpt":{"rendered":"<p> <a class=\"continue-reading-link\" href=\"http:\/\/kpsg-cadolzburg.de\/?page_id=2234\">Continue reading<\/a><\/p>\n","protected":false},"author":8,"featured_media":0,"parent":2,"menu_order":0,"comment_status":"closed","ping_status":"closed","template":"","meta":{"footnotes":""},"_links":{"self":[{"href":"http:\/\/kpsg-cadolzburg.de\/index.php?rest_route=\/wp\/v2\/pages\/2234"}],"collection":[{"href":"http:\/\/kpsg-cadolzburg.de\/index.php?rest_route=\/wp\/v2\/pages"}],"about":[{"href":"http:\/\/kpsg-cadolzburg.de\/index.php?rest_route=\/wp\/v2\/types\/page"}],"author":[{"embeddable":true,"href":"http:\/\/kpsg-cadolzburg.de\/index.php?rest_route=\/wp\/v2\/users\/8"}],"replies":[{"embeddable":true,"href":"http:\/\/kpsg-cadolzburg.de\/index.php?rest_route=%2Fwp%2Fv2%2Fcomments&post=2234"}],"version-history":[{"count":1,"href":"http:\/\/kpsg-cadolzburg.de\/index.php?rest_route=\/wp\/v2\/pages\/2234\/revisions"}],"predecessor-version":[{"id":2235,"href":"http:\/\/kpsg-cadolzburg.de\/index.php?rest_route=\/wp\/v2\/pages\/2234\/revisions\/2235"}],"up":[{"embeddable":true,"href":"http:\/\/kpsg-cadolzburg.de\/index.php?rest_route=\/wp\/v2\/pages\/2"}],"wp:attachment":[{"href":"http:\/\/kpsg-cadolzburg.de\/index.php?rest_route=%2Fwp%2Fv2%2Fmedia&parent=2234"}],"curies":[{"name":"wp","href":"https:\/\/api.w.org\/{rel}","templated":true}]}}