{"id":303,"date":"2014-10-30T18:58:45","date_gmt":"2014-10-30T16:58:45","guid":{"rendered":"http:\/\/kpsg-cadolzburg.de\/WP\/?page_id=303"},"modified":"2018-04-05T17:20:08","modified_gmt":"2018-04-05T15:20:08","slug":"deutsche-meisterschaft","status":"publish","type":"page","link":"http:\/\/kpsg-cadolzburg.de\/?page_id=303","title":{"rendered":"WA im Freien \/ Halle"},"content":{"rendered":"<p><strong>2018 &#8211; WA in der Halle<\/strong><\/p>\n<p><em>Recurve \/ Einzel \/ Jugend<\/em><\/p>\n<p>17. Platz &#8211; Nicolas Kr\u00f6ckel<\/p>\n<p>&nbsp;<\/p>\n<table width=\"809\">\n<tbody>\n<tr>\n<td width=\"91\">2015<\/td>\n<td width=\"95\">5. Platz<\/td>\n<td width=\"128\">Einzel<\/td>\n<td width=\"119\">Bogen-Halle<\/td>\n<td width=\"207\">Recurve Sch\u00fcler A\/m<\/td>\n<td width=\"171\">Kr\u00f6ckel, Nicolas<\/td>\n<\/tr>\n<\/tbody>\n<\/table>\n<p>&nbsp;<\/p>\n<table width=\"736\">\n<tbody>\n<tr>\n<td width=\"91\">2014<\/td>\n<td width=\"95\">\n<ol start=\"5\">\n<li>Platz<\/li>\n<\/ol>\n<\/td>\n<td width=\"128\">Mannschaft<\/td>\n<td width=\"216\">Bogen-Fita<\/td>\n<td width=\"207\">Recurve Sch\u00fcler A<\/td>\n<\/tr>\n<\/tbody>\n<\/table>\n<p><a href=\"http:\/\/kpsg-cadolzburg.de\/WP\/wp-content\/uploads\/2014\/10\/2014-08-31_DeutscheMeisterschaft.jpg\"><img decoding=\"async\" loading=\"lazy\" class=\"wp-image-307 aligncenter\" src=\"http:\/\/kpsg-cadolzburg.de\/WP\/wp-content\/uploads\/2014\/10\/2014-08-31_DeutscheMeisterschaft-300x225.jpg\" alt=\"???????????????????????????????\" width=\"354\" height=\"265\" srcset=\"http:\/\/kpsg-cadolzburg.de\/WP\/wp-content\/uploads\/2014\/10\/2014-08-31_DeutscheMeisterschaft-300x225.jpg 300w, http:\/\/kpsg-cadolzburg.de\/WP\/wp-content\/uploads\/2014\/10\/2014-08-31_DeutscheMeisterschaft-199x150.jpg 199w, http:\/\/kpsg-cadolzburg.de\/WP\/wp-content\/uploads\/2014\/10\/2014-08-31_DeutscheMeisterschaft-150x112.jpg 150w, http:\/\/kpsg-cadolzburg.de\/WP\/wp-content\/uploads\/2014\/10\/2014-08-31_DeutscheMeisterschaft.jpg 1003w\" sizes=\"(max-width: 354px) 100vw, 354px\" \/><\/a><\/p>\n<table width=\"736\">\n<tbody>\n<tr>\n<td width=\"91\">2014<\/td>\n<td width=\"95\">\n<ol start=\"8\">\n<li>Platz<\/li>\n<\/ol>\n<\/td>\n<td width=\"128\">Mannschaft<\/td>\n<td width=\"216\">Bogen-Halle<\/td>\n<td width=\"207\">Recurve Sch\u00fcler A<\/td>\n<\/tr>\n<\/tbody>\n<\/table>\n","protected":false},"excerpt":{"rendered":"<p>2018 &#8211; WA in der Halle Recurve \/ Einzel \/ Jugend 17. Platz &#8211; Nicolas Kr\u00f6ckel &nbsp; 2015 5. Platz Einzel Bogen-Halle Recurve Sch\u00fcler A\/m Kr\u00f6ckel, Nicolas &nbsp; 2014 Platz Mannschaft Bogen-Fita Recurve Sch\u00fcler A 2014 Platz Mannschaft Bogen-Halle Recurve Sch\u00fcler A <a class=\"continue-reading-link\" href=\"http:\/\/kpsg-cadolzburg.de\/?page_id=303\">Continue reading<\/a><\/p>\n","protected":false},"author":2,"featured_media":0,"parent":1294,"menu_order":1,"comment_status":"closed","ping_status":"closed","template":"","meta":{"footnotes":""},"_links":{"self":[{"href":"http:\/\/kpsg-cadolzburg.de\/index.php?rest_route=\/wp\/v2\/pages\/303"}],"collection":[{"href":"http:\/\/kpsg-cadolzburg.de\/index.php?rest_route=\/wp\/v2\/pages"}],"about":[{"href":"http:\/\/kpsg-cadolzburg.de\/index.php?rest_route=\/wp\/v2\/types\/page"}],"author":[{"embeddable":true,"href":"http:\/\/kpsg-cadolzburg.de\/index.php?rest_route=\/wp\/v2\/users\/2"}],"replies":[{"embeddable":true,"href":"http:\/\/kpsg-cadolzburg.de\/index.php?rest_route=%2Fwp%2Fv2%2Fcomments&post=303"}],"version-history":[{"count":12,"href":"http:\/\/kpsg-cadolzburg.de\/index.php?rest_route=\/wp\/v2\/pages\/303\/revisions"}],"predecessor-version":[{"id":1307,"href":"http:\/\/kpsg-cadolzburg.de\/index.php?rest_route=\/wp\/v2\/pages\/303\/revisions\/1307"}],"up":[{"embeddable":true,"href":"http:\/\/kpsg-cadolzburg.de\/index.php?rest_route=\/wp\/v2\/pages\/1294"}],"wp:attachment":[{"href":"http:\/\/kpsg-cadolzburg.de\/index.php?rest_route=%2Fwp%2Fv2%2Fmedia&parent=303"}],"curies":[{"name":"wp","href":"https:\/\/api.w.org\/{rel}","templated":true}]}}