{"id":328,"date":"2014-10-30T22:52:47","date_gmt":"2014-10-30T20:52:47","guid":{"rendered":"http:\/\/kpsg-cadolzburg.de\/WP\/?page_id=328"},"modified":"2020-01-06T17:26:04","modified_gmt":"2020-01-06T15:26:04","slug":"bezirksmeisterschaften-mittelfranken","status":"publish","type":"page","link":"http:\/\/kpsg-cadolzburg.de\/?page_id=328","title":{"rendered":"Bezirksmeisterschaften &#8211; Bogen WA im Freien \/ Halle"},"content":{"rendered":"<p><strong>2020 &#8211; WA in der Halle<\/strong><\/p>\n<p>Recurve &#8211; Master &#8211; Einzel &#8211; m\u00e4nnlich<br \/>\n10. Platz &#8211; Stephan Konheiser<\/p>\n<p>Blankbogen &#8211; Herren<br \/>\n2. Platz &#8211; Ben Ziegler<\/p>\n<hr \/>\n<p><strong>2018 &#8211; WA im Freien<\/strong><\/p>\n<p><em>Recurve &#8211; Jugendklasse &#8211; Einzel &#8211; m\u00e4nnlich<\/em><\/p>\n<p style=\"padding-left: 30px;\">2. Platz &#8211; Nicolas Kr\u00f6ckel<\/p>\n<p><em>Recurve &#8211; Sch\u00fclerklasse A &#8211; Einzel &#8211; m\u00e4nnlich<\/em><\/p>\n<p style=\"padding-left: 30px;\">8. Platz &#8211; Ben Ziegler<\/p>\n<p style=\"padding-left: 30px;\">\n<hr \/>\n<p><strong>2018 &#8211; WA in der Halle<\/strong><\/p>\n<div id=\"attachment_1212\" style=\"width: 248px\" class=\"wp-caption alignright\"><a href=\"http:\/\/kpsg-cadolzburg.de\/WP\/wp-content\/uploads\/2017\/12\/2017119_Gau-2.jpg\"><img aria-describedby=\"caption-attachment-1212\" decoding=\"async\" loading=\"lazy\" class=\"size-full wp-image-1212\" src=\"http:\/\/kpsg-cadolzburg.de\/WP\/wp-content\/uploads\/2017\/12\/2017119_Gau-2.jpg\" alt=\"\" width=\"238\" height=\"168\" srcset=\"http:\/\/kpsg-cadolzburg.de\/WP\/wp-content\/uploads\/2017\/12\/2017119_Gau-2.jpg 238w, http:\/\/kpsg-cadolzburg.de\/WP\/wp-content\/uploads\/2017\/12\/2017119_Gau-2-213x150.jpg 213w, http:\/\/kpsg-cadolzburg.de\/WP\/wp-content\/uploads\/2017\/12\/2017119_Gau-2-150x106.jpg 150w\" sizes=\"(max-width: 238px) 100vw, 238px\" \/><\/a><p id=\"caption-attachment-1212\" class=\"wp-caption-text\">MErban \/ CC-BY-ND 4.0<\/p><\/div>\n<p><em>Recurve &#8211; Jugendklasse &#8211; Einzel &#8211; m\u00e4nnlich<\/em><\/p>\n<p style=\"padding-left: 30px;\">\u00a02. Platz &#8211; Nicolas Kr\u00f6ckel<\/p>\n<p><em>Recurve &#8211; Juniorenklasse &#8211; Einzel &#8211; m\u00e4nnlich<\/em><\/p>\n<p style=\"padding-left: 30px;\">\u00a08. Platz &#8211; Tobias Konheiser<\/p>\n<p><em>Blankbogen &#8211; Einzel &#8211; weiblich<\/em><\/p>\n<p style=\"padding-left: 30px;\">\u00a04. Platz &#8211; Christine Erban<\/p>\n<p><em>Blankbogen &#8211; Einzel &#8211; m\u00e4nnlich<\/em><\/p>\n<p style=\"padding-left: 30px;\">9. Platz &#8211; Markus Erban<\/p>\n<hr \/>\n<p><strong>2017 &#8211; WA im Freien<\/strong><\/p>\n<p><em>Recurve &#8211; Juniorenklasse &#8211; Einzel &#8211; m\u00e4nnlich<\/em><\/p>\n<p style=\"padding-left: 30px;\">\u00a06. Platz &#8211; Nicolas Kr\u00f6ckel<\/p>\n<hr \/>\n<p><strong>2017 &#8211; WA in der Halle<\/strong><\/p>\n<p><em>Recurve &#8211; Sch\u00fclerklasse &#8211; Einzel &#8211; m\u00e4nnlich<\/em><\/p>\n<p style=\"padding-left: 30px;\">11. Platz &#8211; Leo Zimmermann<\/p>\n<p><em>Recurve &#8211; Jugendklasse &#8211; Einzel &#8211; m\u00e4nnlich<\/em><\/p>\n<p style=\"padding-left: 30px;\">\u00a07. Platz &#8211; Nicolas Kr\u00f6ckel<br \/>\n8. Platz &#8211; Tobias Konheiser<\/p>\n<p><em>Blankbogen &#8211; Einzel &#8211; weiblich<\/em><\/p>\n<p style=\"padding-left: 30px;\">\u00a04. Platz &#8211; Christine Erban<\/p>\n<p><em>Blankbogen &#8211; Einzel &#8211; m\u00e4nnlich<\/em><\/p>\n<p style=\"padding-left: 30px;\">\u00a08. Platz &#8211; Andr\u00e9 Buttkewitz<\/p>\n<hr \/>\n<table width=\"589\">\n<tbody>\n<tr>\n<td width=\"89\">2016<\/td>\n<td width=\"98\">11. Platz<\/td>\n<td width=\"94\">Einzel<\/td>\n<td width=\"78\">Bogen-Halle<\/td>\n<td width=\"106\">Blankbogen Sch\u00fctzen<\/td>\n<td width=\"124\">Erban, Markus<\/td>\n<\/tr>\n<tr>\n<td width=\"89\">2016<\/td>\n<td width=\"98\">10. Platz<\/td>\n<td width=\"94\">Einzel<\/td>\n<td width=\"78\">Bogen-Halle<\/td>\n<td width=\"106\">Blankbogen Sch\u00fctzen<\/td>\n<td width=\"124\">Buttkewitz, Andr\u00e8<\/td>\n<\/tr>\n<tr>\n<td width=\"89\">2016<\/td>\n<td width=\"98\">9. Platz<\/td>\n<td width=\"94\">Einzel<\/td>\n<td width=\"78\">Bogen-Halle<\/td>\n<td width=\"106\">Blankbogen Sch\u00fctzen<\/td>\n<td width=\"124\">Rappe, Markus<\/td>\n<\/tr>\n<tr>\n<td width=\"89\">2016<\/td>\n<td width=\"98\">7. Platz<\/td>\n<td width=\"94\">Einzel<\/td>\n<td width=\"78\">Bogen-WA<\/td>\n<td width=\"106\">Blankbogen Sch\u00fctzen<\/td>\n<td width=\"124\">Konheiser, Stephan<\/td>\n<\/tr>\n<tr>\n<td width=\"89\">2016<\/td>\n<td width=\"98\">8. Platz<\/td>\n<td width=\"94\">Einzel<\/td>\n<td width=\"78\">Bogen-WA<\/td>\n<td width=\"106\">Recurve Jugend\/m<\/td>\n<td width=\"124\">Konheiser, Tobias<\/td>\n<\/tr>\n<tr>\n<td width=\"89\">2016<\/td>\n<td width=\"98\">6. Platz<\/td>\n<td width=\"94\">Einzel<\/td>\n<td width=\"78\">Bogen-WA<\/td>\n<td width=\"106\">Recurve Jugend\/m<\/td>\n<td width=\"124\">Kr\u00f6ckel, Nicolas<\/td>\n<\/tr>\n<tr>\n<td width=\"89\">2016<\/td>\n<td width=\"98\">3. Platz<\/td>\n<td width=\"94\">Mannschaft<\/td>\n<td width=\"78\">Bogen-WA<\/td>\n<td width=\"106\">Recurve Jugend<\/td>\n<td width=\"124\">Konheiser T., Rappe L., Kr\u00f6ckel N.<\/td>\n<\/tr>\n<\/tbody>\n<\/table>\n<p><a href=\"http:\/\/kpsg-cadolzburg.de\/WP\/wp-content\/uploads\/2015\/12\/Bezirk-Halle-2016-e1450557758236.jpg\"><img decoding=\"async\" loading=\"lazy\" class=\"alignnone wp-image-584\" src=\"http:\/\/kpsg-cadolzburg.de\/WP\/wp-content\/uploads\/2015\/12\/Bezirk-Halle-2016-e1450557758236-300x229.jpg\" width=\"335\" height=\"256\" srcset=\"http:\/\/kpsg-cadolzburg.de\/WP\/wp-content\/uploads\/2015\/12\/Bezirk-Halle-2016-e1450557758236-300x229.jpg 300w, http:\/\/kpsg-cadolzburg.de\/WP\/wp-content\/uploads\/2015\/12\/Bezirk-Halle-2016-e1450557758236-197x150.jpg 197w, http:\/\/kpsg-cadolzburg.de\/WP\/wp-content\/uploads\/2015\/12\/Bezirk-Halle-2016-e1450557758236-150x114.jpg 150w, http:\/\/kpsg-cadolzburg.de\/WP\/wp-content\/uploads\/2015\/12\/Bezirk-Halle-2016-e1450557758236.jpg 822w\" sizes=\"(max-width: 335px) 100vw, 335px\" \/><\/a>\u00a0\u00a0 <img decoding=\"async\" loading=\"lazy\" class=\"wp-image-751 alignnone\" src=\"http:\/\/kpsg-cadolzburg.de\/WP\/wp-content\/uploads\/2014\/10\/bezirk-wa-2016-300x195.jpg\" alt=\"bezirk wa 2016\" width=\"390\" height=\"253\" srcset=\"http:\/\/kpsg-cadolzburg.de\/WP\/wp-content\/uploads\/2014\/10\/bezirk-wa-2016-300x195.jpg 300w, http:\/\/kpsg-cadolzburg.de\/WP\/wp-content\/uploads\/2014\/10\/bezirk-wa-2016-768x498.jpg 768w, http:\/\/kpsg-cadolzburg.de\/WP\/wp-content\/uploads\/2014\/10\/bezirk-wa-2016-1024x664.jpg 1024w, http:\/\/kpsg-cadolzburg.de\/WP\/wp-content\/uploads\/2014\/10\/bezirk-wa-2016-231x150.jpg 231w, http:\/\/kpsg-cadolzburg.de\/WP\/wp-content\/uploads\/2014\/10\/bezirk-wa-2016-150x97.jpg 150w, http:\/\/kpsg-cadolzburg.de\/WP\/wp-content\/uploads\/2014\/10\/bezirk-wa-2016.jpg 1274w\" sizes=\"(max-width: 390px) 100vw, 390px\" \/><\/p>\n<table width=\"589\">\n<tbody>\n<tr>\n<td width=\"89\">2016<\/td>\n<td width=\"98\">6. Platz<\/td>\n<td width=\"94\">Einzel<\/td>\n<td width=\"78\">Bogen-Halle<\/td>\n<td width=\"106\">Blankbogen Sch\u00fctzen<\/td>\n<td width=\"124\">Buttkewitz, Andr\u00e8<\/td>\n<\/tr>\n<tr>\n<td width=\"89\">2016<\/td>\n<td width=\"98\">4. Platz<\/td>\n<td width=\"94\">Einzel<\/td>\n<td width=\"78\">Bogen-Halle<\/td>\n<td width=\"106\">Blankbogen Sch\u00fctzen<\/td>\n<td width=\"124\">Rappe, Markus<\/td>\n<\/tr>\n<tr>\n<td width=\"89\">2016<\/td>\n<td width=\"98\">1. Platz<\/td>\n<td width=\"94\">Einzel<\/td>\n<td width=\"78\">Bogen-Halle<\/td>\n<td width=\"106\">Blankbogen Sch\u00fcler<\/td>\n<td width=\"124\">Froschauer, Maximilian<\/td>\n<\/tr>\n<tr>\n<td width=\"89\">2016<\/td>\n<td width=\"98\">10. Platz<\/td>\n<td width=\"94\">Einzel<\/td>\n<td width=\"78\">Bogen-Halle<\/td>\n<td width=\"106\">Recurve\u00a0 Jugend A\/w<\/td>\n<td width=\"124\">Konheiser, Tobias<\/td>\n<\/tr>\n<tr>\n<td width=\"89\">2016<\/td>\n<td width=\"98\">7. Platz<\/td>\n<td width=\"94\">Einzel<\/td>\n<td width=\"78\">Bogen-Halle<\/td>\n<td width=\"106\">Recurve Jugend\/m<\/td>\n<td width=\"124\">Rappe, Lukas<\/td>\n<\/tr>\n<tr>\n<td width=\"89\">2016<\/td>\n<td width=\"98\">2. Platz<\/td>\n<td width=\"94\">Einzel<\/td>\n<td width=\"78\">Bogen-Halle<\/td>\n<td width=\"106\">Recurve Jugend\/m<\/td>\n<td width=\"124\">Kr\u00f6ckel, Nicolas<\/td>\n<\/tr>\n<tr>\n<td width=\"89\">2016<\/td>\n<td width=\"98\">3. Platz<\/td>\n<td width=\"94\">Mannschaft<\/td>\n<td width=\"78\">Bogen-Halle<\/td>\n<td width=\"106\">Recurve Jugend<\/td>\n<td width=\"124\">Konheiser T., Rappe L., Kr\u00f6ckel N.<\/td>\n<\/tr>\n<\/tbody>\n<\/table>\n<table width=\"589\">\n<tbody>\n<tr>\n<td width=\"89\">2015<\/td>\n<td width=\"98\">9. Platz<\/td>\n<td width=\"94\">Einzel<\/td>\n<td width=\"78\">Bogen-WA<\/td>\n<td width=\"106\">Blankbogen Sch\u00fctzen<\/td>\n<td width=\"124\">Konheiser, Stephan<\/td>\n<\/tr>\n<tr>\n<td width=\"89\">2015<\/td>\n<td width=\"98\">3. Platz<\/td>\n<td width=\"94\">Einzel<\/td>\n<td width=\"78\">Bogen-WA<\/td>\n<td width=\"106\">Blankbogen Jugend<\/td>\n<td width=\"124\">Konheiser, Tobias<\/td>\n<\/tr>\n<tr>\n<td width=\"89\">2015<\/td>\n<td width=\"98\">1. Platz<\/td>\n<td width=\"94\">Einzel<\/td>\n<td width=\"78\">Bogen-WA<\/td>\n<td width=\"106\">Blankbogen Sch\u00fcler<\/td>\n<td width=\"124\">Froschauer, Maximilian<\/td>\n<\/tr>\n<tr>\n<td width=\"89\">2015<\/td>\n<td width=\"98\">3. Platz<\/td>\n<td width=\"94\">Einzel<\/td>\n<td width=\"78\">Bogen-WA<\/td>\n<td width=\"106\">Recurve Sch\u00fcler A\/w<\/td>\n<td width=\"124\">Konheiser, Lisa<\/td>\n<\/tr>\n<tr>\n<td width=\"89\">2015<\/td>\n<td width=\"98\">2. Platz<\/td>\n<td width=\"94\">Einzel<\/td>\n<td width=\"78\">Bogen-WA<\/td>\n<td width=\"106\">Recurve Sch\u00fcler A\/m<\/td>\n<td width=\"124\">Rappe, Lukas<\/td>\n<\/tr>\n<tr>\n<td width=\"89\">2015<\/td>\n<td width=\"98\">1. Platz<\/td>\n<td width=\"94\">Einzel<\/td>\n<td width=\"78\">Bogen-WA<\/td>\n<td width=\"106\">Recurve Sch\u00fcler A\/m<\/td>\n<td width=\"124\">Kr\u00f6ckel, Nicolas<\/td>\n<\/tr>\n<tr>\n<td width=\"89\">2015<\/td>\n<td width=\"98\">1. Platz<\/td>\n<td width=\"94\">Mannschaft<\/td>\n<td width=\"78\">Bogen-WA<\/td>\n<td width=\"106\">Recurve Sch\u00fcler A<\/td>\n<td width=\"124\">Konheiser L., Rappe L., Kr\u00f6ckel N.<\/td>\n<\/tr>\n<\/tbody>\n<\/table>\n<p><a href=\"http:\/\/kpsg-cadolzburg.de\/WP\/wp-content\/uploads\/2014\/10\/2014-12-06_Bezirksmeisterschaft-81.jpg\"><img decoding=\"async\" loading=\"lazy\" class=\"alignleft wp-image-440\" src=\"http:\/\/kpsg-cadolzburg.de\/WP\/wp-content\/uploads\/2014\/10\/2014-12-06_Bezirksmeisterschaft-81-300x168.jpg\" alt=\"2014-12-06_Bezirksmeisterschaft (8)\" width=\"400\" height=\"225\" srcset=\"http:\/\/kpsg-cadolzburg.de\/WP\/wp-content\/uploads\/2014\/10\/2014-12-06_Bezirksmeisterschaft-81-300x168.jpg 300w, http:\/\/kpsg-cadolzburg.de\/WP\/wp-content\/uploads\/2014\/10\/2014-12-06_Bezirksmeisterschaft-81-250x140.jpg 250w, http:\/\/kpsg-cadolzburg.de\/WP\/wp-content\/uploads\/2014\/10\/2014-12-06_Bezirksmeisterschaft-81-150x84.jpg 150w, http:\/\/kpsg-cadolzburg.de\/WP\/wp-content\/uploads\/2014\/10\/2014-12-06_Bezirksmeisterschaft-81.jpg 1024w\" sizes=\"(max-width: 400px) 100vw, 400px\" \/><\/a><\/p>\n<table width=\"589\">\n<tbody>\n<tr>\n<td width=\"89\">2015<\/td>\n<td width=\"98\">\n<ol start=\"6\">\n<li>Platz<\/li>\n<\/ol>\n<\/td>\n<td width=\"94\">Einzel<\/td>\n<td width=\"78\">Bogen-Halle<\/td>\n<td width=\"106\">Blankbogen Sch\u00fctzen<\/td>\n<td width=\"124\">Buttkewitz, Andr\u00e8<\/td>\n<\/tr>\n<tr>\n<td width=\"89\">2015<\/td>\n<td width=\"98\">\n<ol start=\"2\">\n<li>Platz<\/li>\n<\/ol>\n<\/td>\n<td width=\"94\">Einzel<\/td>\n<td width=\"78\">Bogen-Halle<\/td>\n<td width=\"106\">Blankbogen Sch\u00fctzen<\/td>\n<td width=\"124\">Rappe, Markus<\/td>\n<\/tr>\n<tr>\n<td width=\"89\">2015<\/td>\n<td width=\"98\">\n<ol>\n<li>Platz<\/li>\n<\/ol>\n<\/td>\n<td width=\"94\">Einzel<\/td>\n<td width=\"78\">Bogen-Halle<\/td>\n<td width=\"106\">Blankbogen Sch\u00fcler<\/td>\n<td width=\"124\">Wieczorek, Ben<\/td>\n<\/tr>\n<tr>\n<td width=\"89\">2015<\/td>\n<td width=\"98\">\n<ol start=\"2\">\n<li>Platz<\/li>\n<\/ol>\n<\/td>\n<td width=\"94\">Einzel<\/td>\n<td width=\"78\">Bogen-Halle<\/td>\n<td width=\"106\">Recurve Sch\u00fcler A\/w<\/td>\n<td width=\"124\">Konheiser, Lisa<\/td>\n<\/tr>\n<tr>\n<td width=\"89\">2015<\/td>\n<td width=\"98\">\n<ol start=\"2\">\n<li>Platz<\/li>\n<\/ol>\n<\/td>\n<td width=\"94\">Einzel<\/td>\n<td width=\"78\">Bogen-Halle<\/td>\n<td width=\"106\">Recurve Sch\u00fcler A\/m<\/td>\n<td width=\"124\">Rappe, Lukas<\/td>\n<\/tr>\n<tr>\n<td width=\"89\">2015<\/td>\n<td width=\"98\">\n<ol>\n<li>Platz<\/li>\n<\/ol>\n<\/td>\n<td width=\"94\">Einzel<\/td>\n<td width=\"78\">Bogen-Halle<\/td>\n<td width=\"106\">Recurve Sch\u00fcler A\/m<\/td>\n<td width=\"124\">Kr\u00f6ckel, Nicolas<\/td>\n<\/tr>\n<tr>\n<td width=\"89\">2015<\/td>\n<td width=\"98\">\n<ol>\n<li>Platz<\/li>\n<\/ol>\n<\/td>\n<td width=\"94\">Mannschaft<\/td>\n<td width=\"78\">Bogen-Halle<\/td>\n<td width=\"106\">Recurve Sch\u00fcler A<\/td>\n<td width=\"124\">Konheiser L., Rappe L., Kr\u00f6ckel N.<\/td>\n<\/tr>\n<\/tbody>\n<\/table>\n<table width=\"809\">\n<tbody>\n<tr>\n<td width=\"91\">2014<\/td>\n<td style=\"text-align: center;\" width=\"95\">4.Platz<\/td>\n<td style=\"text-align: center;\" width=\"128\">Einzel<\/td>\n<td width=\"119\">Bogen-WA<\/td>\n<td width=\"207\">Recurve Sch\u00fcler A\/w<\/td>\n<td width=\"171\">Konheiser, Lisa<\/td>\n<\/tr>\n<tr>\n<td width=\"91\">2014<\/td>\n<td width=\"95\">\n<p style=\"text-align: center;\">12. Platz<\/p>\n<\/td>\n<td style=\"text-align: center;\" width=\"128\">Einzel<\/td>\n<td width=\"119\">Bogen-WA<\/td>\n<td width=\"207\">Recurve Sch\u00fcler A\/m<\/td>\n<td width=\"171\">Rappe, Lukas<\/td>\n<\/tr>\n<tr>\n<td width=\"91\">2014<\/td>\n<td width=\"95\">\n<p style=\"text-align: center;\">11. Platz<\/p>\n<\/td>\n<td style=\"text-align: center;\" width=\"128\">Einzel<\/td>\n<td width=\"119\">Bogen-WA<\/td>\n<td width=\"207\">Recurve Sch\u00fcler A\/m<\/td>\n<td width=\"171\">Konheiser, Tobias<\/td>\n<\/tr>\n<tr>\n<td width=\"91\">2014<\/td>\n<td width=\"95\">\n<p style=\"text-align: center;\">2. Platz<\/p>\n<\/td>\n<td style=\"text-align: center;\" width=\"128\">Einzel<\/td>\n<td width=\"119\">Bogen-WA<\/td>\n<td width=\"207\">Recurve Sch\u00fcler A\/m<\/td>\n<td width=\"171\">Kr\u00f6ckel, Nicolas<\/td>\n<\/tr>\n<tr>\n<td width=\"91\">2014<\/td>\n<td width=\"95\">\n<p style=\"text-align: center;\">2. Platz<\/p>\n<\/td>\n<td style=\"text-align: center;\" width=\"128\">Mannschaft<\/td>\n<td width=\"119\">Bogen-WA<\/td>\n<td width=\"207\">Recurve Sch\u00fcler A<\/td>\n<td width=\"171\">Konheiser T., Rappe L., Kr\u00f6ckel N.<\/td>\n<\/tr>\n<\/tbody>\n<\/table>\n<table width=\"809\">\n<tbody>\n<tr>\n<td width=\"91\">2014<\/td>\n<td style=\"text-align: center;\" width=\"95\">7.Platz<\/td>\n<td width=\"128\">Einzel<\/td>\n<td width=\"119\">Bogen-Halle<\/td>\n<td width=\"207\">Blankbogen\u00a0Sch\u00fctzen<\/td>\n<td width=\"171\">Buttkewitz, Andr\u00e8<\/td>\n<\/tr>\n<tr>\n<td width=\"91\">2014<\/td>\n<td style=\"text-align: center;\" width=\"95\">4.Platz<\/td>\n<td width=\"128\">Einzel<\/td>\n<td width=\"119\">Bogen-Halle<\/td>\n<td width=\"207\">Blankbogen\u00a0Sch\u00fctzen<\/td>\n<td width=\"171\">Rappe, Markus<\/td>\n<\/tr>\n<tr>\n<td width=\"91\">2014<\/td>\n<td width=\"95\">\n<p style=\"text-align: center;\">6. Platz<\/p>\n<\/td>\n<td width=\"128\">Einzel<\/td>\n<td width=\"119\">Bogen-Halle<\/td>\n<td width=\"207\">Recurve Sch\u00fcler A\/m<\/td>\n<td width=\"171\">Rappe, Lukas<\/td>\n<\/tr>\n<tr>\n<td width=\"91\">2014<\/td>\n<td width=\"95\">\n<p style=\"text-align: center;\">3. Platz<\/p>\n<\/td>\n<td width=\"128\">Einzel<\/td>\n<td width=\"119\">Bogen-Halle<\/td>\n<td width=\"207\">Recurve Sch\u00fcler A\/m<\/td>\n<td width=\"171\">Kr\u00f6ckel, Nicolas<\/td>\n<\/tr>\n<tr>\n<td width=\"91\">2014<\/td>\n<td width=\"95\">\n<p style=\"text-align: center;\">2. Platz<\/p>\n<\/td>\n<td width=\"128\">Einzel<\/td>\n<td width=\"119\">Bogen-Halle<\/td>\n<td width=\"207\">Recurve Sch\u00fcler A\/m<\/td>\n<td width=\"171\">Konheiser, Tobias<\/td>\n<\/tr>\n<tr>\n<td width=\"91\">2014<\/td>\n<td width=\"95\">\n<p style=\"text-align: center;\">1. Platz<\/p>\n<\/td>\n<td width=\"128\">Mannschaft<\/td>\n<td width=\"119\">Bogen-Halle<\/td>\n<td width=\"207\">Recurve Sch\u00fcler A<\/td>\n<td width=\"171\">Konheiser T., Rappe L., Kr\u00f6ckel N.<\/td>\n<\/tr>\n<\/tbody>\n<\/table>\n<table width=\"809\">\n<tbody>\n<tr>\n<td width=\"91\">2013<\/td>\n<td width=\"95\">\n<p style=\"text-align: center;\">2. Platz<\/p>\n<\/td>\n<td width=\"128\">Einzel<\/td>\n<td width=\"119\">Bogen-FITA<\/td>\n<td width=\"207\">Recurve Sch\u00fcler B\/m<\/td>\n<td width=\"171\">Rappe, Lukas<\/td>\n<\/tr>\n<tr>\n<td width=\"91\">2013<\/td>\n<td width=\"95\">\n<p style=\"text-align: center;\">1. Platz<\/p>\n<\/td>\n<td width=\"128\">Einzel<\/td>\n<td width=\"119\">Bogen-FITA<\/td>\n<td width=\"207\">Recurve Sch\u00fcler B\/m<\/td>\n<td width=\"171\">Kr\u00f6ckel, Nicolas<\/td>\n<\/tr>\n<tr>\n<td width=\"91\">2013<\/td>\n<td width=\"95\">\n<p style=\"text-align: center;\">2. Platz<\/p>\n<\/td>\n<td width=\"128\">Einzel<\/td>\n<td width=\"119\">Bogen-FITA<\/td>\n<td width=\"207\">Recurve Sch\u00fcler B\/w<\/td>\n<td width=\"171\">Konheiser, Lisa<\/td>\n<\/tr>\n<tr>\n<td width=\"91\">2013<\/td>\n<td width=\"95\">\n<p style=\"text-align: center;\">1. Platz<\/p>\n<\/td>\n<td width=\"128\">Mannschaft<\/td>\n<td width=\"119\">Bogen-FITA<\/td>\n<td width=\"207\">Recurve Sch\u00fcler B<\/td>\n<td width=\"171\">Konheiser L., Rappe L., Kr\u00f6ckel N.<\/td>\n<\/tr>\n<\/tbody>\n<\/table>\n<table width=\"809\">\n<tbody>\n<tr>\n<td width=\"91\">2013<\/td>\n<td style=\"text-align: center;\" width=\"95\">8.Platz<\/td>\n<td style=\"text-align: center;\" width=\"128\">Einzel<\/td>\n<td width=\"119\">Bogen-Halle<\/td>\n<td width=\"207\">Recurve Sch\u00fcler C\/m<\/td>\n<td width=\"171\">Meier, Fabian<\/td>\n<\/tr>\n<tr>\n<td width=\"91\">2013<\/td>\n<td style=\"text-align: center;\" width=\"95\">8.Platz<\/td>\n<td style=\"text-align: center;\" width=\"128\">Einzel<\/td>\n<td width=\"119\">Bogen-Halle<\/td>\n<td width=\"207\">Recurve Sch\u00fcler B\/m<\/td>\n<td width=\"171\">\u00d6chsner, Maik<\/td>\n<\/tr>\n<tr>\n<td width=\"91\">2013<\/td>\n<td style=\"text-align: center;\" width=\"95\">7.Platz<\/td>\n<td style=\"text-align: center;\" width=\"128\">Einzel<\/td>\n<td width=\"119\">Bogen-Halle<\/td>\n<td width=\"207\">Recurve Sch\u00fcler A\/m<\/td>\n<td width=\"171\">Konheiser, Tobias<\/td>\n<\/tr>\n<tr>\n<td width=\"91\">2013<\/td>\n<td style=\"text-align: center;\" width=\"95\">6.Platz<\/td>\n<td style=\"text-align: center;\" width=\"128\">Einzel<\/td>\n<td width=\"119\">Bogen-Halle<\/td>\n<td width=\"207\">Blankbogen\u00a0Sch\u00fctzen<\/td>\n<td width=\"171\">Rappe, Markus<\/td>\n<\/tr>\n<tr>\n<td width=\"91\">2013<\/td>\n<td width=\"95\">\n<p style=\"text-align: center;\">3.Platz<\/p>\n<\/td>\n<td style=\"text-align: center;\" width=\"128\">Einzel<\/td>\n<td width=\"119\">Bogen-Halle<\/td>\n<td width=\"207\">Recurve Sch\u00fcler B\/m<\/td>\n<td width=\"171\">Rappe, Lukas<\/td>\n<\/tr>\n<tr>\n<td width=\"91\">2013<\/td>\n<td width=\"95\">\n<p style=\"text-align: center;\">2.Platz<\/p>\n<\/td>\n<td style=\"text-align: center;\" width=\"128\">Einzel<\/td>\n<td width=\"119\">Bogen-Halle<\/td>\n<td width=\"207\">Recurve Sch\u00fcler B\/m<\/td>\n<td width=\"171\">Kr\u00f6ckel, Nicolas<\/td>\n<\/tr>\n<tr>\n<td width=\"91\">2013<\/td>\n<td width=\"95\">\n<p style=\"text-align: center;\">2.Platz<\/p>\n<\/td>\n<td style=\"text-align: center;\" width=\"128\">Einzel<\/td>\n<td width=\"119\">Bogen-Halle<\/td>\n<td width=\"207\">Recurve Sch\u00fcler B\/w<\/td>\n<td width=\"171\">Konheiser, Lisa<\/td>\n<\/tr>\n<tr>\n<td width=\"91\">2013<\/td>\n<td width=\"95\">\n<p style=\"text-align: center;\">2.Platz<\/p>\n<\/td>\n<td width=\"128\">Mannschaft<\/td>\n<td width=\"119\">Bogen-Halle<\/td>\n<td width=\"207\">Recurve Sch\u00fcler B<\/td>\n<td width=\"171\">Konheiser L., Rappe L., Kr\u00f6ckel N.<\/td>\n<\/tr>\n<\/tbody>\n<\/table>\n","protected":false},"excerpt":{"rendered":"<p>2020 &#8211; WA in der Halle Recurve &#8211; Master &#8211; Einzel &#8211; m\u00e4nnlich 10. Platz &#8211; Stephan Konheiser Blankbogen &#8211; Herren 2. Platz &#8211; Ben Ziegler 2018 &#8211; WA im Freien Recurve &#8211; Jugendklasse &#8211; Einzel &#8211; m\u00e4nnlich 2. Platz &#8211; Nicolas Kr\u00f6ckel Recurve &#8211; Sch\u00fclerklasse A &#8211; Einzel &#8211;\u2026 <a class=\"continue-reading-link\" href=\"http:\/\/kpsg-cadolzburg.de\/?page_id=328\">Continue reading<\/a><\/p>\n","protected":false},"author":2,"featured_media":0,"parent":903,"menu_order":1,"comment_status":"closed","ping_status":"closed","template":"","meta":{"footnotes":""},"_links":{"self":[{"href":"http:\/\/kpsg-cadolzburg.de\/index.php?rest_route=\/wp\/v2\/pages\/328"}],"collection":[{"href":"http:\/\/kpsg-cadolzburg.de\/index.php?rest_route=\/wp\/v2\/pages"}],"about":[{"href":"http:\/\/kpsg-cadolzburg.de\/index.php?rest_route=\/wp\/v2\/types\/page"}],"author":[{"embeddable":true,"href":"http:\/\/kpsg-cadolzburg.de\/index.php?rest_route=\/wp\/v2\/users\/2"}],"replies":[{"embeddable":true,"href":"http:\/\/kpsg-cadolzburg.de\/index.php?rest_route=%2Fwp%2Fv2%2Fcomments&post=328"}],"version-history":[{"count":34,"href":"http:\/\/kpsg-cadolzburg.de\/index.php?rest_route=\/wp\/v2\/pages\/328\/revisions"}],"predecessor-version":[{"id":1815,"href":"http:\/\/kpsg-cadolzburg.de\/index.php?rest_route=\/wp\/v2\/pages\/328\/revisions\/1815"}],"up":[{"embeddable":true,"href":"http:\/\/kpsg-cadolzburg.de\/index.php?rest_route=\/wp\/v2\/pages\/903"}],"wp:attachment":[{"href":"http:\/\/kpsg-cadolzburg.de\/index.php?rest_route=%2Fwp%2Fv2%2Fmedia&parent=328"}],"curies":[{"name":"wp","href":"https:\/\/api.w.org\/{rel}","templated":true}]}}