{"id":372,"date":"2014-11-04T15:20:47","date_gmt":"2014-11-04T13:20:47","guid":{"rendered":"http:\/\/kpsg-cadolzburg.de\/WP\/?page_id=372"},"modified":"2017-07-11T20:39:22","modified_gmt":"2017-07-11T18:39:22","slug":"versoehnung-mit-rosstal-nach-340-jahren","status":"publish","type":"page","link":"http:\/\/kpsg-cadolzburg.de\/?page_id=372","title":{"rendered":"Vers\u00f6hnung nach 300 Jahren"},"content":{"rendered":"<p><b>Ro\u00dftaler und Cadolzburger Sch\u00fctzen feierten Vers\u00f6hnung nach 340 Jahren.<\/b><\/p>\n<p>Ein Sch\u00fctzenfest oder eine \u201ekulturhistorische\u201c Veranstaltung ganz anderer Art feierten die kgl. Priv. Sch\u00fctzengesellschaft 1452 Cadolzburg und die Sch\u00fctzengesellschaft deutsche Eiche Ro\u00dftal aus dem Sch\u00fctzengau F\u00fcrth.<\/p>\n<p>&nbsp;<\/p>\n<p><b><span style=\"text-decoration: underline;\">Die Vorgeschichte: <\/span><\/b><\/p>\n<p>Im Januar 1668 erhielt der Ro\u00dftaler Richter vom Oberamt Cadolzburg die Aufforderung, f\u00fcr die Schlosswache in Cadolzburg Sch\u00fctzen zu stellen:<\/p>\n<p>\u201eDem Herrn Richter wird angedeutet , die s\u00e4mtliche Bauernschaft mit allen ihren Ober- und Untergewehren sauber und ausgeputzt mit Pulver und Blei versehen, in Bereitschaft zu halten, damit auf Anforderung kein Mangel erscheinen m\u00f6ge\u201c, lautete damals der Befehl.<\/p>\n<p>Bei Ankunft der Sch\u00fctzen aus Ro\u00dftal und der \u00dcberpr\u00fcfung ihrer Ausr\u00fcstung wurde festgestellt, dass die Sch\u00fctzen in schlampiger und zerrissener Kleidung in Cadolzburg angekommen sind und dazu auch noch verrostete Gewehre mit sich f\u00fchrten.<\/p>\n<p>Daraufhin wurden die Sch\u00fctzen oder besser, diese jammervollen Gestalten, wieder nach Hause geschickt.<\/p>\n<p>Laut Chronik waren die Ro\u00dftaler \u201eso goar schlecht und liederlich bestallet. Es ist fast mehr Schande als gute Anordnung zu sp\u00fcren, sintemalen (weil) alte unverm\u00f6gende und bre\u00dfhafte (kranke) Leute abgeordnet wurden\u201c.<\/p>\n<p>B\u00f6se Zungen Behaupten, das war Absicht und eine Fr\u00fchform von Kriegsdienstverweigerung.<\/p>\n<p>Seit damals waren wohl die Beziehungen zwischen beiden Orten etwas eingefroren, was jedoch niemanden wirklich st\u00f6rte.<\/p>\n<p>&nbsp;<\/p>\n<p>Bei\u00a0\u00a0 der 300-Jahrfeier der Ro\u00dftaler Sch\u00fctzen diesen Sommer, hat in seinem Gru\u00dfwort der Cadolzburger Sch\u00fctzenbruder und MdL G\u00fcnter Gabsteiger diese Geschichte aus der Ro\u00dftaler Chronik zitiert und die alte Feindschaft\u00a0wieder aufgew\u00e4rmt.<\/p>\n<p>Dabei wurde die Idee geboren, dieses \u201efrevelhafte\u201c Verhalten der Ro\u00dftaler Sch\u00fctzen bei einem friedlichen Treffen in Cadolzburg endg\u00fcltig zu bereinigen.<\/p>\n<p>&#8211; Gesagt \u2013 getan -. Am 30. August war es soweit. Unter F\u00fchrung ihres 1.Sch\u00fctzenmeisters J\u00fcrgen Emmerling fanden sich vor dem Toren des Marktes Cadolzburg die Ro\u00dftaler Sch\u00fctzen samt B\u00fcrgermeister und Gemeinderat ein. Im Gefolge auch Bezirkstagspr\u00e4sident Richard Bartsch ebenfalls Ro\u00dftaler, der\u00a0die Reihen der Seinen verst\u00e4rkte.<\/p>\n<p>Empfangen wurde die Ro\u00dftaler Abordnung vom Cadolzburger Sch\u00fctzenmeister Gerhard Hollweck. Dieser begr\u00fc\u00dfte\u00a0in humorvoller Weise die obersten W\u00fcrdentr\u00e4ger beider Orte und die anwesende Sch\u00fctzenprominenz\u00a0mit Bezirkssch\u00fctzenmeister Gerold Ziegler an vorderster Front, sowie alle Sch\u00fctzenabordnungen der benachbarten Orte, die sich vermutlich anno 1668 vom \u201eEinsatz zur Bewachung der Cadolzburg\u201c gedr\u00fcckt haben.<\/p>\n<p>Sch\u00fctzen\u00a0aus den einfachen R\u00e4ngen und Cadolzburger Gesinde war ebenfalls reichlich anwesend.<\/p>\n<p>Das Kommando \u00fcbernahm nun die Cadolzburger Stadtwache. Diese kontrollierte den Ro\u00dftaler Haufen auf saubere Kleidung und ordentliche Bewaffnung.<\/p>\n<p>\u00dcberwacht wurde die \u00dcberpr\u00fcfung von dem f\u00fcr seine saubere Weste allseits bekannten\u00a0Europaminister Markus S\u00f6der.<\/p>\n<p>Diesmal war nichts zu beanstanden. Doch halt!!\u00a0Da hat sich ein zerlumpter Geselle dazwischengemogelt. Die Stadtwache legte diesen Halunken einen Schandkragen an und stellte ihn unter Arrest.<\/p>\n<p>Gemeinsam bewegte sich anschlie\u00dfend der ganze Tross in Richtung Burg, wo sie von den B\u00f6llersch\u00fctzen standesgem\u00e4\u00df begr\u00fc\u00dft wurden. Von oben \u00fcberwachte der Aero-Club F\u00fcrth die Einhaltung der guten Sitten.<\/p>\n<p>Um die Cadolzburger positiv zu beeinflussen, spendierten die Ro\u00dftaler im Burginnenhof ein Fass Bier zu Stadtwurst, Brot und s\u00fc\u00dfsauren Gurken. Diese Geste der Ro\u00dftaler war letztendlich ausschlaggebend f\u00fcr die Bereinigung der Schmach von 1668.<\/p>\n<p>Nach Austausch der\u00a0Vers\u00f6hnungsurkunden und einer Erinnerungsmedaille war die Beilegung der \u201eFeindschaft\u201c auch amtlich besiegelt.<\/p>\n<p>Inzwischen waren die Cadolzburger Gaukler und Spielleut eingetroffen um mit frohen Kl\u00e4ngen die Sch\u00fctzen und G\u00e4ste zum Sch\u00fctzenhaus zu begleiten, wo mit fr\u00e4nkischen Spezialit\u00e4ten das gro\u00dfe Vers\u00f6hnungsmahl ausgiebig gefeiert wurde.<\/p>\n<p>Es war ein \u201ekulturhistorisches Spektakel\u201c mit einem Augenzwinkern beider Kontrahenten und alle hatten ihren Spa\u00df daran.<\/p>\n<p>&nbsp;<\/p>\n<p><b>Bildbeschreibung:<\/b><\/p>\n<p><b>Bild 1<\/b>: Einmarsch in die Burg mit \u201eRo\u00dftaler Lumpen\u201c im Schandkragen<\/p>\n<p><img decoding=\"async\" loading=\"lazy\" class=\"aligncenter size-full wp-image-384\" src=\"http:\/\/kpsg-cadolzburg.de\/WP\/wp-content\/uploads\/2014\/11\/Versoehnung-Bild-1.jpg\" alt=\"Chronik - Anekdoten - Versoehnung Bild 1\" width=\"400\" height=\"300\" srcset=\"http:\/\/kpsg-cadolzburg.de\/WP\/wp-content\/uploads\/2014\/11\/Versoehnung-Bild-1.jpg 400w, http:\/\/kpsg-cadolzburg.de\/WP\/wp-content\/uploads\/2014\/11\/Versoehnung-Bild-1-300x225.jpg 300w, http:\/\/kpsg-cadolzburg.de\/WP\/wp-content\/uploads\/2014\/11\/Versoehnung-Bild-1-200x150.jpg 200w, http:\/\/kpsg-cadolzburg.de\/WP\/wp-content\/uploads\/2014\/11\/Versoehnung-Bild-1-150x112.jpg 150w\" sizes=\"(max-width: 400px) 100vw, 400px\" \/><\/p>\n<p>&nbsp;<\/p>\n<p>&nbsp;<\/p>\n<p><b>Bild 2<\/b>: Einmarsch der Ro\u00dftaler nach Kontrolle,\u00a0sauber gekleidet und mit ordentlichen Waffen.<\/p>\n<p><img decoding=\"async\" loading=\"lazy\" class=\"aligncenter size-full wp-image-383\" src=\"http:\/\/kpsg-cadolzburg.de\/WP\/wp-content\/uploads\/2014\/11\/Versoehnung-Bild-2.jpg\" alt=\"Chronik - Anekdoten - Versoehnung Bild 2\" width=\"400\" height=\"300\" srcset=\"http:\/\/kpsg-cadolzburg.de\/WP\/wp-content\/uploads\/2014\/11\/Versoehnung-Bild-2.jpg 400w, http:\/\/kpsg-cadolzburg.de\/WP\/wp-content\/uploads\/2014\/11\/Versoehnung-Bild-2-300x225.jpg 300w, http:\/\/kpsg-cadolzburg.de\/WP\/wp-content\/uploads\/2014\/11\/Versoehnung-Bild-2-200x150.jpg 200w, http:\/\/kpsg-cadolzburg.de\/WP\/wp-content\/uploads\/2014\/11\/Versoehnung-Bild-2-150x112.jpg 150w\" sizes=\"(max-width: 400px) 100vw, 400px\" \/><\/p>\n<p>&nbsp;<\/p>\n<p><b>Bild 3<\/b>: Die Marketender der Ro\u00dftaler mit ihrem \u201eFriedensangebot\u201c.<\/p>\n<p><img decoding=\"async\" loading=\"lazy\" class=\"aligncenter size-full wp-image-382\" src=\"http:\/\/kpsg-cadolzburg.de\/WP\/wp-content\/uploads\/2014\/11\/Versoehnung-Bild-3.jpg\" alt=\"Chronik - Anekdoten - Versoehnung Bild 3\" width=\"400\" height=\"314\" srcset=\"http:\/\/kpsg-cadolzburg.de\/WP\/wp-content\/uploads\/2014\/11\/Versoehnung-Bild-3.jpg 400w, http:\/\/kpsg-cadolzburg.de\/WP\/wp-content\/uploads\/2014\/11\/Versoehnung-Bild-3-300x235.jpg 300w, http:\/\/kpsg-cadolzburg.de\/WP\/wp-content\/uploads\/2014\/11\/Versoehnung-Bild-3-191x150.jpg 191w, http:\/\/kpsg-cadolzburg.de\/WP\/wp-content\/uploads\/2014\/11\/Versoehnung-Bild-3-150x117.jpg 150w\" sizes=\"(max-width: 400px) 100vw, 400px\" \/><\/p>\n<p><img decoding=\"async\" loading=\"lazy\" class=\"aligncenter size-full wp-image-381\" src=\"http:\/\/kpsg-cadolzburg.de\/WP\/wp-content\/uploads\/2014\/11\/Versoehnung-Bild-4.jpg\" alt=\"Chronik - Anekdoten - Versoehnung Bild 4\" width=\"400\" height=\"300\" srcset=\"http:\/\/kpsg-cadolzburg.de\/WP\/wp-content\/uploads\/2014\/11\/Versoehnung-Bild-4.jpg 400w, http:\/\/kpsg-cadolzburg.de\/WP\/wp-content\/uploads\/2014\/11\/Versoehnung-Bild-4-300x225.jpg 300w, http:\/\/kpsg-cadolzburg.de\/WP\/wp-content\/uploads\/2014\/11\/Versoehnung-Bild-4-200x150.jpg 200w, http:\/\/kpsg-cadolzburg.de\/WP\/wp-content\/uploads\/2014\/11\/Versoehnung-Bild-4-150x112.jpg 150w\" sizes=\"(max-width: 400px) 100vw, 400px\" \/><\/p>\n<p><b>Bild 4<\/b>: Die Prominenz \u00fcberwacht das Spektakel.<img decoding=\"async\" loading=\"lazy\" class=\"aligncenter wp-image-380 size-full\" src=\"http:\/\/kpsg-cadolzburg.de\/WP\/wp-content\/uploads\/2014\/11\/Versoehnung-Bild-5.jpg\" alt=\"Chronik - Anekdoten - Versoehnung Bild 5\" width=\"400\" height=\"300\" srcset=\"http:\/\/kpsg-cadolzburg.de\/WP\/wp-content\/uploads\/2014\/11\/Versoehnung-Bild-5.jpg 400w, http:\/\/kpsg-cadolzburg.de\/WP\/wp-content\/uploads\/2014\/11\/Versoehnung-Bild-5-300x225.jpg 300w, http:\/\/kpsg-cadolzburg.de\/WP\/wp-content\/uploads\/2014\/11\/Versoehnung-Bild-5-200x150.jpg 200w, http:\/\/kpsg-cadolzburg.de\/WP\/wp-content\/uploads\/2014\/11\/Versoehnung-Bild-5-150x112.jpg 150w\" sizes=\"(max-width: 400px) 100vw, 400px\" \/><\/p>\n<p><b>Bild 5<\/b>: Ausgabe des Friedensangebotes<img decoding=\"async\" loading=\"lazy\" class=\"aligncenter wp-image-379 size-full\" src=\"http:\/\/kpsg-cadolzburg.de\/WP\/wp-content\/uploads\/2014\/11\/Versoehnung-Bild-6.jpg\" alt=\"Chronik - Anekdoten - Versoehnung Bild 6\" width=\"400\" height=\"300\" srcset=\"http:\/\/kpsg-cadolzburg.de\/WP\/wp-content\/uploads\/2014\/11\/Versoehnung-Bild-6.jpg 400w, http:\/\/kpsg-cadolzburg.de\/WP\/wp-content\/uploads\/2014\/11\/Versoehnung-Bild-6-300x225.jpg 300w, http:\/\/kpsg-cadolzburg.de\/WP\/wp-content\/uploads\/2014\/11\/Versoehnung-Bild-6-200x150.jpg 200w, http:\/\/kpsg-cadolzburg.de\/WP\/wp-content\/uploads\/2014\/11\/Versoehnung-Bild-6-150x112.jpg 150w\" sizes=\"(max-width: 400px) 100vw, 400px\" \/><\/p>\n<p><b>Bild 6<\/b>: Der Zwist ist beigelegt. Die Sch\u00fctzenmeister Gerhard Hollweck und J\u00fcrgen Emmerling tauschen die Friedensurkunden.<\/p>\n<p><img decoding=\"async\" loading=\"lazy\" class=\"aligncenter wp-image-378 size-full\" src=\"http:\/\/kpsg-cadolzburg.de\/WP\/wp-content\/uploads\/2014\/11\/Versoehnung-Bild-7.jpg\" alt=\"Chronik - Anekdoten - Versoehnung Bild 7\" width=\"400\" height=\"300\" srcset=\"http:\/\/kpsg-cadolzburg.de\/WP\/wp-content\/uploads\/2014\/11\/Versoehnung-Bild-7.jpg 400w, http:\/\/kpsg-cadolzburg.de\/WP\/wp-content\/uploads\/2014\/11\/Versoehnung-Bild-7-300x225.jpg 300w, http:\/\/kpsg-cadolzburg.de\/WP\/wp-content\/uploads\/2014\/11\/Versoehnung-Bild-7-200x150.jpg 200w, http:\/\/kpsg-cadolzburg.de\/WP\/wp-content\/uploads\/2014\/11\/Versoehnung-Bild-7-150x112.jpg 150w\" sizes=\"(max-width: 400px) 100vw, 400px\" \/><\/p>\n<p>&nbsp;<\/p>\n<p><b>Bild 7<\/b>: Ausmarsch unter frohen Kl\u00e4ngen zum Friedensmahl ins Sch\u00fctzenheim.<img decoding=\"async\" loading=\"lazy\" class=\"aligncenter wp-image-377 size-full\" src=\"http:\/\/kpsg-cadolzburg.de\/WP\/wp-content\/uploads\/2014\/11\/Versoehnung-Bild-8.jpg\" alt=\"Chronik - Anekdoten - Versoehnung Bild 8\" width=\"400\" height=\"300\" srcset=\"http:\/\/kpsg-cadolzburg.de\/WP\/wp-content\/uploads\/2014\/11\/Versoehnung-Bild-8.jpg 400w, http:\/\/kpsg-cadolzburg.de\/WP\/wp-content\/uploads\/2014\/11\/Versoehnung-Bild-8-300x225.jpg 300w, http:\/\/kpsg-cadolzburg.de\/WP\/wp-content\/uploads\/2014\/11\/Versoehnung-Bild-8-200x150.jpg 200w, http:\/\/kpsg-cadolzburg.de\/WP\/wp-content\/uploads\/2014\/11\/Versoehnung-Bild-8-150x112.jpg 150w\" sizes=\"(max-width: 400px) 100vw, 400px\" \/><\/p>\n<p><b><em>\u00a0<\/em><\/b><\/p>\n<p><b><em><a href=\"http:\/\/kpsg-cadolzburg.de\/WP\/?page_id=90\">zur\u00fcck zur Chronik<\/a><\/em><\/b><\/p>\n","protected":false},"excerpt":{"rendered":"<p>Ro\u00dftaler und Cadolzburger Sch\u00fctzen feierten Vers\u00f6hnung nach 340 Jahren. Ein Sch\u00fctzenfest oder eine \u201ekulturhistorische\u201c Veranstaltung ganz anderer Art feierten die kgl. Priv. Sch\u00fctzengesellschaft 1452 Cadolzburg und die Sch\u00fctzengesellschaft deutsche Eiche Ro\u00dftal aus dem Sch\u00fctzengau F\u00fcrth. &nbsp; Die Vorgeschichte: Im Januar 1668 erhielt der Ro\u00dftaler Richter vom Oberamt Cadolzburg die Aufforderung,\u2026 <a class=\"continue-reading-link\" href=\"http:\/\/kpsg-cadolzburg.de\/?page_id=372\">Continue reading<\/a><\/p>\n","protected":false},"author":3,"featured_media":0,"parent":90,"menu_order":0,"comment_status":"closed","ping_status":"closed","template":"","meta":{"footnotes":""},"_links":{"self":[{"href":"http:\/\/kpsg-cadolzburg.de\/index.php?rest_route=\/wp\/v2\/pages\/372"}],"collection":[{"href":"http:\/\/kpsg-cadolzburg.de\/index.php?rest_route=\/wp\/v2\/pages"}],"about":[{"href":"http:\/\/kpsg-cadolzburg.de\/index.php?rest_route=\/wp\/v2\/types\/page"}],"author":[{"embeddable":true,"href":"http:\/\/kpsg-cadolzburg.de\/index.php?rest_route=\/wp\/v2\/users\/3"}],"replies":[{"embeddable":true,"href":"http:\/\/kpsg-cadolzburg.de\/index.php?rest_route=%2Fwp%2Fv2%2Fcomments&post=372"}],"version-history":[{"count":6,"href":"http:\/\/kpsg-cadolzburg.de\/index.php?rest_route=\/wp\/v2\/pages\/372\/revisions"}],"predecessor-version":[{"id":387,"href":"http:\/\/kpsg-cadolzburg.de\/index.php?rest_route=\/wp\/v2\/pages\/372\/revisions\/387"}],"up":[{"embeddable":true,"href":"http:\/\/kpsg-cadolzburg.de\/index.php?rest_route=\/wp\/v2\/pages\/90"}],"wp:attachment":[{"href":"http:\/\/kpsg-cadolzburg.de\/index.php?rest_route=%2Fwp%2Fv2%2Fmedia&parent=372"}],"curies":[{"name":"wp","href":"https:\/\/api.w.org\/{rel}","templated":true}]}}