{"id":43,"date":"2014-10-17T00:25:17","date_gmt":"2014-10-16T22:25:17","guid":{"rendered":"http:\/\/kpsg-cadolzburg.de\/WP\/?page_id=43"},"modified":"2017-10-05T19:37:13","modified_gmt":"2017-10-05T17:37:13","slug":"lexikon","status":"publish","type":"page","link":"http:\/\/kpsg-cadolzburg.de\/?page_id=43","title":{"rendered":"Lexikon"},"content":{"rendered":"<p><strong>Langbogen<\/strong><\/p>\n<p><img decoding=\"async\" loading=\"lazy\" class=\"alignleft size-medium wp-image-685\" src=\"http:\/\/kpsg-cadolzburg.de\/WP\/wp-content\/uploads\/2014\/10\/Langbogen-131x300.jpg\" alt=\"Langbogen\" width=\"131\" height=\"300\" srcset=\"http:\/\/kpsg-cadolzburg.de\/WP\/wp-content\/uploads\/2014\/10\/Langbogen-131x300.jpg 131w, http:\/\/kpsg-cadolzburg.de\/WP\/wp-content\/uploads\/2014\/10\/Langbogen-66x150.jpg 66w, http:\/\/kpsg-cadolzburg.de\/WP\/wp-content\/uploads\/2014\/10\/Langbogen.jpg 194w\" sizes=\"(max-width: 131px) 100vw, 131px\" \/>Der Langbogen (engl. Longbow ) ist der urspr\u00fcnglichste Bogen. In seiner primitivsten Form besteht er aus einem biegsamen Holz und einer Sehne. Ein wirklicher Langbogen ist etwa so lang wie sein Sch\u00fctze gross ist. Gespannt gleicht seine Form dem Buchstaben D. Die \u00e4ltesten Bogenfunde stammen aus dem Mesolithikum, beispielsweise aus Holmegaard, D\u00e4nemark. Sie waren aus Ulmen, sp\u00e4ter vor allem aus Eibenholz gefertigt. Dieser Bogentyp war bis in die Bronzezeit gel\u00e4ufig.<\/p>\n<p>Im Mittelalter waren vor allem Waliser und Engl\u00e4nder gef\u00fcrchtete Bogensch\u00fctzen. Mehrere Schlachten in dem Hundertj\u00e4hrigen Krieg gewannen die Engl\u00e4nder aufgrund ihrer \u00fcberlegenen Bogenstreitmacht.<\/p>\n<p>Im Gegensatz zur Jagd wurde mit den damaligen Kriegsb\u00f6gen nicht gezielt, sondern auf die Salvenwirkung gesetzt. Ein durchschnittlicher englischer Bogensch\u00fctze sollte idealerweise acht Pfeile gleichzeitig in der Luft halten. Da\u00df hei\u00dft, wenn der achte Pfeil geschossen wurde, war der erste noch nicht im Ziel. Kriegsb\u00f6gen hatten ein hohes Zuggewicht, typischerweise mehr als 100 lbs. Das entspricht 445 N. In den alten Chroniken wird geschrieben, da\u00df die Pfeile dicht wie Schnee auf den Gegner nieder gingen.<\/p>\n<p>Langb\u00f6gen gibt es als Holzbogen aus einem St\u00fcck, aus mehreren Holzarten oder auch mit auf- oder eingelegten Kunststoffmaterialien.<\/p>\n<p>Weiter wird heute zwischen Langb\u00f6gen englischer und amerikanischer Bauart unterschieden, die englischen haben \u00fcber die gesamte L\u00e4nge D-f\u00f6rmigen Querschnitt meist mit einer Lederwicklung als Griff; die amerikanischen besitzen flache Wurfarme und einen auf die Hand geformten Griff. Letztere werden auch Flachb\u00f6gen bezeichnet.<\/p>\n<p>&nbsp;<\/p>\n<p><strong>Recurvebogen <\/strong><\/p>\n<p><img decoding=\"async\" loading=\"lazy\" class=\"alignleft wp-image-684\" src=\"http:\/\/kpsg-cadolzburg.de\/WP\/wp-content\/uploads\/2014\/10\/Recurve-236x300.jpg\" alt=\"Recurve\" width=\"267\" height=\"340\" srcset=\"http:\/\/kpsg-cadolzburg.de\/WP\/wp-content\/uploads\/2014\/10\/Recurve-236x300.jpg 236w, http:\/\/kpsg-cadolzburg.de\/WP\/wp-content\/uploads\/2014\/10\/Recurve-118x150.jpg 118w, http:\/\/kpsg-cadolzburg.de\/WP\/wp-content\/uploads\/2014\/10\/Recurve.jpg 426w\" sizes=\"(max-width: 267px) 100vw, 267px\" \/>Dieser Bogentyp stammt vermutlich aus Asien. In dem \u00e4gyptischen Theben wurden Exemplare diesen Typs gefunden, die wahrscheinlich assyrischer Herkunft waren und vermutlich aus einer Zeit von 1200 Jahren vor der Zeitenwende stammen.<\/p>\n<p>Im Unterschied zu dem Langbogen sind beim Recurvebogen die Enden der Wurfarme so stark nach vorn gebogen, da\u00df die Sehne anliegt. Dadurch erh\u00e4lt der Bogen einen h\u00f6heren Wirkungsgrad. Er kann weiter gespannt werden als ein europ\u00e4ischer Langbogen. Die anliegenden Sehnen d\u00e4mpfen den Handschock nachdem Schuss. Er wird auch Reflexbogen bezeichnet.<\/p>\n<p>Der Recurve ist heute der typische Bogen beim olympischen Bogenschie\u00dfen.Als Kriegswaffe f\u00fchrte der Reflexbogen die Hunnen um 600 zu ihren Erfolgen in Europa. Ihre aus Holz, Knochen und Sehnen hergestellten Kompositb\u00f6gen l\u00f6sten sich in dem feuchten Klima West- und Mitteleuropas dennoch auf und trugen so daf\u00fcr bei, sie zu stoppen.<\/p>\n<p>&nbsp;<\/p>\n<p><strong>Compoundbogen<\/strong><\/p>\n<p><img decoding=\"async\" loading=\"lazy\" class=\"alignleft size-medium wp-image-683\" src=\"http:\/\/kpsg-cadolzburg.de\/WP\/wp-content\/uploads\/2014\/10\/Compound-265x300.jpg\" alt=\"Compound\" width=\"265\" height=\"300\" srcset=\"http:\/\/kpsg-cadolzburg.de\/WP\/wp-content\/uploads\/2014\/10\/Compound-265x300.jpg 265w, http:\/\/kpsg-cadolzburg.de\/WP\/wp-content\/uploads\/2014\/10\/Compound-133x150.jpg 133w, http:\/\/kpsg-cadolzburg.de\/WP\/wp-content\/uploads\/2014\/10\/Compound.jpg 530w\" sizes=\"(max-width: 265px) 100vw, 265px\" \/>Der Compoundbogen (engl. compound bow ) wurde 1969 in den Vereinigte Staaten Amerika erfunden. Er macht sich das Flaschenzugprinzip zunutze. Hierbei wird die Sehne \u00fcber ein oder zwei Umlenkrollen an den Enden der Wurfarme gef\u00fchrt. Durch diese besondere Konstruktion nimmt die f\u00fcr den Auszug der Sehne notwendige Kraft erst zu und dann wieder ab. Bei vollem Auszug mu\u00df der Sch\u00fctze ca. 20 bis 60 Prozent des Zuggewichts aufwenden.<\/p>\n<p>Die Pfeilgeschwindigkeit bei Compoundb\u00f6gen kann mehr als 340 fps (feet per second) betragen, das entspricht etwa 103 m\/sec oder 370 km\/h.<\/p>\n<p>Der Compoundsch\u00fctze zieht die Sehne h\u00e4ufig nicht mit den Fingern, sondern benutzt eine mechanische Ablasshilfe, ein so bezeichnetes Release.<\/p>\n<p>Compoundsch\u00fctzen benutzen spezielle Bogenvisiere, die keine Kimme haben. Dazu wird an der Sehne meist eine kleine Visierhilfe befestigt, die in dem Prinzip eine kleine Metallscheibe mit einem Stopfnadel grossem Loch ist, durch die auf das Bogenvisier geschaut wird.<\/p>\n<p>H\u00e4ufig werden an den Compoundb\u00f6gen Stabilisatoren benutzt, die den Bogen besser ausbalancieren und beim Ablass des Pfeiles die Schwingungen des Bogens d\u00e4mpfen.<\/p>\n<p>&nbsp;<\/p>\n","protected":false},"excerpt":{"rendered":"<p>Langbogen Der Langbogen (engl. Longbow ) ist der urspr\u00fcnglichste Bogen. In seiner primitivsten Form besteht er aus einem biegsamen Holz und einer Sehne. Ein wirklicher Langbogen ist etwa so lang wie sein Sch\u00fctze gross ist. Gespannt gleicht seine Form dem Buchstaben D. Die \u00e4ltesten Bogenfunde stammen aus dem Mesolithikum, beispielsweise\u2026 <a class=\"continue-reading-link\" href=\"http:\/\/kpsg-cadolzburg.de\/?page_id=43\">Continue reading<\/a><\/p>\n","protected":false},"author":3,"featured_media":0,"parent":21,"menu_order":2,"comment_status":"closed","ping_status":"closed","template":"","meta":{"footnotes":""},"_links":{"self":[{"href":"http:\/\/kpsg-cadolzburg.de\/index.php?rest_route=\/wp\/v2\/pages\/43"}],"collection":[{"href":"http:\/\/kpsg-cadolzburg.de\/index.php?rest_route=\/wp\/v2\/pages"}],"about":[{"href":"http:\/\/kpsg-cadolzburg.de\/index.php?rest_route=\/wp\/v2\/types\/page"}],"author":[{"embeddable":true,"href":"http:\/\/kpsg-cadolzburg.de\/index.php?rest_route=\/wp\/v2\/users\/3"}],"replies":[{"embeddable":true,"href":"http:\/\/kpsg-cadolzburg.de\/index.php?rest_route=%2Fwp%2Fv2%2Fcomments&post=43"}],"version-history":[{"count":4,"href":"http:\/\/kpsg-cadolzburg.de\/index.php?rest_route=\/wp\/v2\/pages\/43\/revisions"}],"predecessor-version":[{"id":690,"href":"http:\/\/kpsg-cadolzburg.de\/index.php?rest_route=\/wp\/v2\/pages\/43\/revisions\/690"}],"up":[{"embeddable":true,"href":"http:\/\/kpsg-cadolzburg.de\/index.php?rest_route=\/wp\/v2\/pages\/21"}],"wp:attachment":[{"href":"http:\/\/kpsg-cadolzburg.de\/index.php?rest_route=%2Fwp%2Fv2%2Fmedia&parent=43"}],"curies":[{"name":"wp","href":"https:\/\/api.w.org\/{rel}","templated":true}]}}