{"id":45,"date":"2014-10-17T00:26:21","date_gmt":"2014-10-16T22:26:21","guid":{"rendered":"http:\/\/kpsg-cadolzburg.de\/WP\/?page_id=45"},"modified":"2021-06-13T12:01:42","modified_gmt":"2021-06-13T10:01:42","slug":"schnupperschiessen","status":"publish","type":"page","link":"http:\/\/kpsg-cadolzburg.de\/?page_id=45","title":{"rendered":"Schnupperschie\u00dfen"},"content":{"rendered":"<p>Wir m\u00f6chten mit unserem \u201eSchnupperschie\u00dfen\u201c allen Interessierten die M\u00f6glichkeit bieten ohne gro\u00dfen Aufwand und Kosten das Bogenschie\u00dfen selbst auszuprobieren. Zum Bogenschie\u00dfen braucht man keine Vorkenntnisse oder \u00fcberm\u00e4\u00dfige Kraft. Wir stellen Ihnen w\u00e4hrend dem Schnupperschie\u00dfen die komplette Ausr\u00fcstung wie Bogen, Pfeile und Schutzausr\u00fcstung entsprechend Gr\u00f6\u00dfe und Statur zur Verf\u00fcgung. Einer unserer erfahrenen Bogensch\u00fctzen gibt Ihnen eine pers\u00f6nliche Unterweisung in die geltenden \u00a0Sicherheitsvorschriften, den Trainingsablauf und vor allem die notwendige Technik f\u00fcr den \u201eersten Schuss\u201c.<\/p>\n<p>Sie beginnen in der Regel mit einer Schussentfernung von 9m, sobald die Sch\u00fcsse sicher auf der Scheibe sind, kommt die erste richtige Distanz mit 18m (Hallendistanz). Das Schnupperschie\u00dfen kann bis zu\u00a06 mal wiederholt werden. Meist steht schon nach dem ersten Training fest, ob Bogenschie\u00dfen der neue Zeitvertreib werden wird.<\/p>\n<div>\n<p><img decoding=\"async\" loading=\"lazy\" class=\"aligncenter wp-image-715\" src=\"http:\/\/kpsg-cadolzburg.de\/WP\/wp-content\/uploads\/2014\/10\/schnupperschiessen-300x225.jpg\" alt=\"\" width=\"400\" height=\"300\" srcset=\"http:\/\/kpsg-cadolzburg.de\/WP\/wp-content\/uploads\/2014\/10\/schnupperschiessen-300x225.jpg 300w, http:\/\/kpsg-cadolzburg.de\/WP\/wp-content\/uploads\/2014\/10\/schnupperschiessen-768x576.jpg 768w, http:\/\/kpsg-cadolzburg.de\/WP\/wp-content\/uploads\/2014\/10\/schnupperschiessen-1024x768.jpg 1024w, http:\/\/kpsg-cadolzburg.de\/WP\/wp-content\/uploads\/2014\/10\/schnupperschiessen-200x150.jpg 200w, http:\/\/kpsg-cadolzburg.de\/WP\/wp-content\/uploads\/2014\/10\/schnupperschiessen-150x113.jpg 150w, http:\/\/kpsg-cadolzburg.de\/WP\/wp-content\/uploads\/2014\/10\/schnupperschiessen.jpg 1120w\" sizes=\"(max-width: 400px) 100vw, 400px\" \/><\/p>\n<\/div>\n<p>Das Schnupperschie\u00dfen ist f\u00fcr Jugendliche kostenfrei, Erwachsene haben lediglich die Versicherungsgeb\u00fchr des Bayrischen Sportsch\u00fctzenbundes (BSSB) zu entrichten.<\/p>\n<p>Bei der Kleidung ist alles geeignet was am Oberk\u00f6rper und an den Armen eng anliegt. (T-Shirt o. Sweat-Shirt). Nasenringe sind ebenso wie Piercings in der Lippe oder Nasenfl\u00fcgel eher ungeeignet und k\u00f6nnen zu schmerzhaften Erfahrungen f\u00fchren. Deshalb \u00a0sollten Ringe und Piercings zu Hause bleiben. Als Schuhwerk ist alles geeignet was einen sicheren Stand erm\u00f6glicht.<\/p>\n<p>Bei Interesse wenden Sie sich an den Sportleiter Markus Erban mobil<br \/>\n0172 3671023.<\/p>\n","protected":false},"excerpt":{"rendered":"<p>Wir m\u00f6chten mit unserem \u201eSchnupperschie\u00dfen\u201c allen Interessierten die M\u00f6glichkeit bieten ohne gro\u00dfen Aufwand und Kosten das Bogenschie\u00dfen selbst auszuprobieren. Zum Bogenschie\u00dfen braucht man keine Vorkenntnisse oder \u00fcberm\u00e4\u00dfige Kraft. Wir stellen Ihnen w\u00e4hrend dem Schnupperschie\u00dfen die komplette Ausr\u00fcstung wie Bogen, Pfeile und Schutzausr\u00fcstung entsprechend Gr\u00f6\u00dfe und Statur zur Verf\u00fcgung. Einer unserer\u2026 <a class=\"continue-reading-link\" href=\"http:\/\/kpsg-cadolzburg.de\/?page_id=45\">Continue reading<\/a><\/p>\n","protected":false},"author":3,"featured_media":0,"parent":21,"menu_order":4,"comment_status":"closed","ping_status":"closed","template":"","meta":{"footnotes":""},"_links":{"self":[{"href":"http:\/\/kpsg-cadolzburg.de\/index.php?rest_route=\/wp\/v2\/pages\/45"}],"collection":[{"href":"http:\/\/kpsg-cadolzburg.de\/index.php?rest_route=\/wp\/v2\/pages"}],"about":[{"href":"http:\/\/kpsg-cadolzburg.de\/index.php?rest_route=\/wp\/v2\/types\/page"}],"author":[{"embeddable":true,"href":"http:\/\/kpsg-cadolzburg.de\/index.php?rest_route=\/wp\/v2\/users\/3"}],"replies":[{"embeddable":true,"href":"http:\/\/kpsg-cadolzburg.de\/index.php?rest_route=%2Fwp%2Fv2%2Fcomments&post=45"}],"version-history":[{"count":7,"href":"http:\/\/kpsg-cadolzburg.de\/index.php?rest_route=\/wp\/v2\/pages\/45\/revisions"}],"predecessor-version":[{"id":1927,"href":"http:\/\/kpsg-cadolzburg.de\/index.php?rest_route=\/wp\/v2\/pages\/45\/revisions\/1927"}],"up":[{"embeddable":true,"href":"http:\/\/kpsg-cadolzburg.de\/index.php?rest_route=\/wp\/v2\/pages\/21"}],"wp:attachment":[{"href":"http:\/\/kpsg-cadolzburg.de\/index.php?rest_route=%2Fwp%2Fv2%2Fmedia&parent=45"}],"curies":[{"name":"wp","href":"https:\/\/api.w.org\/{rel}","templated":true}]}}