{"id":49,"date":"2014-10-17T00:27:31","date_gmt":"2014-10-16T22:27:31","guid":{"rendered":"http:\/\/kpsg-cadolzburg.de\/WP\/?page_id=49"},"modified":"2020-01-06T17:24:05","modified_gmt":"2020-01-06T15:24:05","slug":"ausruestung","status":"publish","type":"page","link":"http:\/\/kpsg-cadolzburg.de\/?page_id=49","title":{"rendered":"Ausr\u00fcstung"},"content":{"rendered":"<div><b>Was ben\u00f6tigen Sie zum Bogenschiessen?<\/b><\/div>\n<div><\/div>\n<ul>\n<li>Interesse und etwas Zeit<\/li>\n<li>einen Bogen inkl. Sehne und Auflage<\/li>\n<li>Pfeile<\/li>\n<\/ul>\n<p>Dies reicht zur urspr\u00fcnglichen Art des Bogenschie\u00dfens dem Blank- oder Langbogenschie\u00dfen, so wie bei Robin Hood im Sherwood Forrest.<\/p>\n<p>Folgende Dinge sollten aber noch vorhanden sein, um den Spa\u00df nicht vorzeitig zu verlieren, niemanden zu gef\u00e4hrden oder gar angezeigt zu werden:<\/p>\n<div><\/div>\n<ul>\n<li>Einen erfahrenen Bogensch\u00fctzen<\/li>\n<li>Armschutz und Fingerschutz<\/li>\n<li>Streifschutz f\u00fcr die Brust<\/li>\n<li>Zielscheibe mit Scheibenauflage<\/li>\n<li>Geeignetes sicheres Gel\u00e4nde<\/li>\n<\/ul>\n<div><\/div>\n<p>Damit ist die Ausr\u00fcstung komplett. Der Wunsch die Ausr\u00fcstung zu erweitern kommt\u00a0nach kurzer Zeit meist von selbst.<\/p>\n<blockquote><p><b><span style=\"text-decoration: underline;\">WARNUNG!<\/span><\/b><\/p>\n<p><b>Bogenschiessen kann zu akutem Freizeitmangel und Verdickung der Oberk\u00f6rpermuskulatur f\u00fchren!<\/b><\/p><\/blockquote>\n<p>Um das Bogenschie\u00dfen auszuprobieren, schauen Sie einfach w\u00e4hrend unserer Trainingszeiten im Schie\u00dfhaus bzw. auf unserem Trainingsgel\u00e4nde gegen\u00fcber dem alten Jahn-Sportplatz in Cadolzburg vorbei.<\/p>\n<p>Ein Betreuer sucht dann den zur Person passenden Bogen (abh\u00e4ngig vom dominanten Auge, Kraft und K\u00f6rpergr\u00f6\u00dfe) aus unserem Bestand aus. Er zeigt dem Neuling wie es prinzipiell geht und was er besser nicht macht. Und schon kann es losgehen und es k\u00f6nnen die ersten Pfeile auf die Scheibe geschossen werden.<\/p>\n<p>Sollte das Bogenschie\u00dfen begeistern, so kann man eine Grundausr\u00fcstung f\u00fcr relativ wenig Geld erst mal mieten. Fast alle Bogenh\u00e4ndler bieten ein Mietbogenprogramm f\u00fcr mehrere Monate an. Informationen hierzu erfahren Sie bei unseren Betreuern. Die Mietgeb\u00fchr wird meist bei einem sp\u00e4teren Kauf ganz oder teilweise angerechnet. Eine Einstiegerausr\u00fcstung ist f\u00fcr 300 bis 500 \u20ac zu kaufen.<\/p>\n","protected":false},"excerpt":{"rendered":"<p>Was ben\u00f6tigen Sie zum Bogenschiessen? Interesse und etwas Zeit einen Bogen inkl. Sehne und Auflage Pfeile Dies reicht zur urspr\u00fcnglichen Art des Bogenschie\u00dfens dem Blank- oder Langbogenschie\u00dfen, so wie bei Robin Hood im Sherwood Forrest. Folgende Dinge sollten aber noch vorhanden sein, um den Spa\u00df nicht vorzeitig zu verlieren, niemanden\u2026 <a class=\"continue-reading-link\" href=\"http:\/\/kpsg-cadolzburg.de\/?page_id=49\">Continue reading<\/a><\/p>\n","protected":false},"author":3,"featured_media":0,"parent":21,"menu_order":0,"comment_status":"closed","ping_status":"closed","template":"","meta":{"footnotes":""},"_links":{"self":[{"href":"http:\/\/kpsg-cadolzburg.de\/index.php?rest_route=\/wp\/v2\/pages\/49"}],"collection":[{"href":"http:\/\/kpsg-cadolzburg.de\/index.php?rest_route=\/wp\/v2\/pages"}],"about":[{"href":"http:\/\/kpsg-cadolzburg.de\/index.php?rest_route=\/wp\/v2\/types\/page"}],"author":[{"embeddable":true,"href":"http:\/\/kpsg-cadolzburg.de\/index.php?rest_route=\/wp\/v2\/users\/3"}],"replies":[{"embeddable":true,"href":"http:\/\/kpsg-cadolzburg.de\/index.php?rest_route=%2Fwp%2Fv2%2Fcomments&post=49"}],"version-history":[{"count":6,"href":"http:\/\/kpsg-cadolzburg.de\/index.php?rest_route=\/wp\/v2\/pages\/49\/revisions"}],"predecessor-version":[{"id":1814,"href":"http:\/\/kpsg-cadolzburg.de\/index.php?rest_route=\/wp\/v2\/pages\/49\/revisions\/1814"}],"up":[{"embeddable":true,"href":"http:\/\/kpsg-cadolzburg.de\/index.php?rest_route=\/wp\/v2\/pages\/21"}],"wp:attachment":[{"href":"http:\/\/kpsg-cadolzburg.de\/index.php?rest_route=%2Fwp%2Fv2%2Fmedia&parent=49"}],"curies":[{"name":"wp","href":"https:\/\/api.w.org\/{rel}","templated":true}]}}