{"id":51,"date":"2014-10-17T00:30:25","date_gmt":"2014-10-16T22:30:25","guid":{"rendered":"http:\/\/kpsg-cadolzburg.de\/WP\/?page_id=51"},"modified":"2020-01-02T23:14:11","modified_gmt":"2020-01-02T21:14:11","slug":"schiessstaetten","status":"publish","type":"page","link":"http:\/\/kpsg-cadolzburg.de\/?page_id=51","title":{"rendered":"Schie\u00dfst\u00e4tten"},"content":{"rendered":"<p><strong>Au\u00dfenanlage<\/strong><\/p>\n<p>Bei sch\u00f6nem Wetter schie\u00dfen wir w\u00e4hrend der Sommermonate auf unserem eigenen 70m Gel\u00e4nde direkt hinter dem Sch\u00fctzenheim.<\/p>\n<p><img decoding=\"async\" loading=\"lazy\" class=\"alignleft wp-image-700\" src=\"http:\/\/kpsg-cadolzburg.de\/WP\/wp-content\/uploads\/2014\/10\/Aussen-1-300x225.jpg\" alt=\"Aussen 1\" width=\"340\" height=\"255\" srcset=\"http:\/\/kpsg-cadolzburg.de\/WP\/wp-content\/uploads\/2014\/10\/Aussen-1-300x225.jpg 300w, http:\/\/kpsg-cadolzburg.de\/WP\/wp-content\/uploads\/2014\/10\/Aussen-1-768x576.jpg 768w, http:\/\/kpsg-cadolzburg.de\/WP\/wp-content\/uploads\/2014\/10\/Aussen-1-1024x768.jpg 1024w, http:\/\/kpsg-cadolzburg.de\/WP\/wp-content\/uploads\/2014\/10\/Aussen-1-200x150.jpg 200w, http:\/\/kpsg-cadolzburg.de\/WP\/wp-content\/uploads\/2014\/10\/Aussen-1-150x113.jpg 150w\" sizes=\"(max-width: 340px) 100vw, 340px\" \/><img decoding=\"async\" loading=\"lazy\" class=\"alignright wp-image-699\" src=\"http:\/\/kpsg-cadolzburg.de\/WP\/wp-content\/uploads\/2014\/10\/Aussen-2-300x225.jpg\" alt=\"Aussen 2\" width=\"340\" height=\"255\" srcset=\"http:\/\/kpsg-cadolzburg.de\/WP\/wp-content\/uploads\/2014\/10\/Aussen-2-300x225.jpg 300w, http:\/\/kpsg-cadolzburg.de\/WP\/wp-content\/uploads\/2014\/10\/Aussen-2-768x576.jpg 768w, http:\/\/kpsg-cadolzburg.de\/WP\/wp-content\/uploads\/2014\/10\/Aussen-2-1024x768.jpg 1024w, http:\/\/kpsg-cadolzburg.de\/WP\/wp-content\/uploads\/2014\/10\/Aussen-2-200x150.jpg 200w, http:\/\/kpsg-cadolzburg.de\/WP\/wp-content\/uploads\/2014\/10\/Aussen-2-150x113.jpg 150w, http:\/\/kpsg-cadolzburg.de\/WP\/wp-content\/uploads\/2014\/10\/Aussen-2.jpg 1632w\" sizes=\"(max-width: 340px) 100vw, 340px\" \/><\/p>\n<p><img decoding=\"async\" loading=\"lazy\" class=\"aligncenter wp-image-698\" src=\"http:\/\/kpsg-cadolzburg.de\/WP\/wp-content\/uploads\/2014\/10\/Aussen-3-300x225.jpg\" alt=\"Aussen 3\" width=\"340\" height=\"255\" srcset=\"http:\/\/kpsg-cadolzburg.de\/WP\/wp-content\/uploads\/2014\/10\/Aussen-3-300x225.jpg 300w, http:\/\/kpsg-cadolzburg.de\/WP\/wp-content\/uploads\/2014\/10\/Aussen-3-768x576.jpg 768w, http:\/\/kpsg-cadolzburg.de\/WP\/wp-content\/uploads\/2014\/10\/Aussen-3-1024x768.jpg 1024w, http:\/\/kpsg-cadolzburg.de\/WP\/wp-content\/uploads\/2014\/10\/Aussen-3-200x150.jpg 200w, http:\/\/kpsg-cadolzburg.de\/WP\/wp-content\/uploads\/2014\/10\/Aussen-3-150x113.jpg 150w, http:\/\/kpsg-cadolzburg.de\/WP\/wp-content\/uploads\/2014\/10\/Aussen-3.jpg 1632w\" sizes=\"(max-width: 340px) 100vw, 340px\" \/><\/p>\n<p>F\u00fcr gr\u00f6\u00dfere Veranstaltungen stellt uns die Gemeinde das Gel\u00e4nde des alten Fussballplatzes des TSV Cadolzburg direkt unterhalb des Sch\u00fctzenheims zur Verf\u00fcgung.<\/p>\n<p><strong>Halle<\/strong><\/p>\n<p>Bei schlechtem Wetter und w\u00e4hrend der Wintermonate steht uns die Halle der Luftdrucksch\u00fctzen unserer Sch\u00fctzengesellschaft zur Verf\u00fcgung. Au\u00dferdem steht uns die 100m- Halle zur Verf\u00fcgung, um auch im Winter auf gr\u00f6\u00dfere Entfernung trainieren zu k\u00f6nnen.<\/p>\n<p><img decoding=\"async\" loading=\"lazy\" class=\"alignleft wp-image-702\" src=\"http:\/\/kpsg-cadolzburg.de\/WP\/wp-content\/uploads\/2014\/10\/0-048-300x225.jpg\" alt=\"0 048\" width=\"340\" height=\"255\" srcset=\"http:\/\/kpsg-cadolzburg.de\/WP\/wp-content\/uploads\/2014\/10\/0-048-300x225.jpg 300w, http:\/\/kpsg-cadolzburg.de\/WP\/wp-content\/uploads\/2014\/10\/0-048-768x576.jpg 768w, http:\/\/kpsg-cadolzburg.de\/WP\/wp-content\/uploads\/2014\/10\/0-048-1024x768.jpg 1024w, http:\/\/kpsg-cadolzburg.de\/WP\/wp-content\/uploads\/2014\/10\/0-048-200x150.jpg 200w, http:\/\/kpsg-cadolzburg.de\/WP\/wp-content\/uploads\/2014\/10\/0-048-150x113.jpg 150w, http:\/\/kpsg-cadolzburg.de\/WP\/wp-content\/uploads\/2014\/10\/0-048.jpg 1632w\" sizes=\"(max-width: 340px) 100vw, 340px\" \/><img decoding=\"async\" loading=\"lazy\" class=\"alignright wp-image-701\" src=\"http:\/\/kpsg-cadolzburg.de\/WP\/wp-content\/uploads\/2014\/10\/Halle-1-300x225.jpg\" alt=\"Halle 1\" width=\"340\" height=\"255\" srcset=\"http:\/\/kpsg-cadolzburg.de\/WP\/wp-content\/uploads\/2014\/10\/Halle-1-300x225.jpg 300w, http:\/\/kpsg-cadolzburg.de\/WP\/wp-content\/uploads\/2014\/10\/Halle-1-768x576.jpg 768w, http:\/\/kpsg-cadolzburg.de\/WP\/wp-content\/uploads\/2014\/10\/Halle-1-1024x768.jpg 1024w, http:\/\/kpsg-cadolzburg.de\/WP\/wp-content\/uploads\/2014\/10\/Halle-1-200x150.jpg 200w, http:\/\/kpsg-cadolzburg.de\/WP\/wp-content\/uploads\/2014\/10\/Halle-1-150x113.jpg 150w, http:\/\/kpsg-cadolzburg.de\/WP\/wp-content\/uploads\/2014\/10\/Halle-1.jpg 1632w\" sizes=\"(max-width: 340px) 100vw, 340px\" \/><\/p>\n","protected":false},"excerpt":{"rendered":"<p>Au\u00dfenanlage Bei sch\u00f6nem Wetter schie\u00dfen wir w\u00e4hrend der Sommermonate auf unserem eigenen 70m Gel\u00e4nde direkt hinter dem Sch\u00fctzenheim. F\u00fcr gr\u00f6\u00dfere Veranstaltungen stellt uns die Gemeinde das Gel\u00e4nde des alten Fussballplatzes des TSV Cadolzburg direkt unterhalb des Sch\u00fctzenheims zur Verf\u00fcgung. Halle Bei schlechtem Wetter und w\u00e4hrend der Wintermonate steht uns die\u2026 <a class=\"continue-reading-link\" href=\"http:\/\/kpsg-cadolzburg.de\/?page_id=51\">Continue reading<\/a><\/p>\n","protected":false},"author":3,"featured_media":0,"parent":21,"menu_order":3,"comment_status":"closed","ping_status":"closed","template":"","meta":{"footnotes":""},"_links":{"self":[{"href":"http:\/\/kpsg-cadolzburg.de\/index.php?rest_route=\/wp\/v2\/pages\/51"}],"collection":[{"href":"http:\/\/kpsg-cadolzburg.de\/index.php?rest_route=\/wp\/v2\/pages"}],"about":[{"href":"http:\/\/kpsg-cadolzburg.de\/index.php?rest_route=\/wp\/v2\/types\/page"}],"author":[{"embeddable":true,"href":"http:\/\/kpsg-cadolzburg.de\/index.php?rest_route=\/wp\/v2\/users\/3"}],"replies":[{"embeddable":true,"href":"http:\/\/kpsg-cadolzburg.de\/index.php?rest_route=%2Fwp%2Fv2%2Fcomments&post=51"}],"version-history":[{"count":12,"href":"http:\/\/kpsg-cadolzburg.de\/index.php?rest_route=\/wp\/v2\/pages\/51\/revisions"}],"predecessor-version":[{"id":1794,"href":"http:\/\/kpsg-cadolzburg.de\/index.php?rest_route=\/wp\/v2\/pages\/51\/revisions\/1794"}],"up":[{"embeddable":true,"href":"http:\/\/kpsg-cadolzburg.de\/index.php?rest_route=\/wp\/v2\/pages\/21"}],"wp:attachment":[{"href":"http:\/\/kpsg-cadolzburg.de\/index.php?rest_route=%2Fwp%2Fv2%2Fmedia&parent=51"}],"curies":[{"name":"wp","href":"https:\/\/api.w.org\/{rel}","templated":true}]}}