{"id":57,"date":"2014-10-17T00:34:02","date_gmt":"2014-10-16T22:34:02","guid":{"rendered":"http:\/\/kpsg-cadolzburg.de\/WP\/?page_id=57"},"modified":"2023-03-31T00:35:55","modified_gmt":"2023-03-30T22:35:55","slug":"kk-und-gk","status":"publish","type":"page","link":"http:\/\/kpsg-cadolzburg.de\/?page_id=57","title":{"rendered":"KK und GK"},"content":{"rendered":"<p>Auf unseren Schie\u00dfst\u00e4nden k\u00f6nnen wir die meisten KK- und GK-Disziplinen nach den Sportordnungen des DSB bzw.&nbsp; BSSB sowie des BDS trainieren. Perkussionswaffen sind nicht zugelassen.<br \/>\nF\u00fcr Unterhabel C sowie die KK und GK Fallplattendisziplinen stehen geeignete Anlagen zur Verf\u00fcgung.<\/p>\n<p>Aktuell (Stand 03\/2023) haben wir folgende Mannschaften zu den Rundenwettk\u00e4mpfen gemeldet:<\/p>\n<p>GK Sportpistole (Gauliga A) im Gau F\u00fcrth, <a rel=\"noreferrer noopener\" href=\"http:\/\/msb-wil.de\/RWK\/Ergebnisse\/Grosskaliber-A-M.pdf\" target=\"_blank\">hier<\/a> die Ergebnisse<br \/>\nGK Sportpistole (Gauliga B) im Gau F\u00fcrth, <a rel=\"noreferrer noopener\" href=\"http:\/\/msb-wil.de\/RWK\/Ergebnisse\/Grosskaliber-B-M.pdf\" target=\"_blank\">hier<\/a> die Ergebnisse<br \/>\nDas GK-Training findet \u00fcblicherweise Donnerstags von 18:00 bis 22:00 statt.<\/p>\n<p>KK Sportpistole (Gauliga A) im Gau F\u00fcrth, <a rel=\"noreferrer noopener\" href=\"http:\/\/msb-wil.de\/RWK\/Ergebnisse\/SpoPi%20A%20Mannschaft.pdf\" target=\"_blank\">hier<\/a> die Ergebnisse<br \/>\nDas KK-Training findet \u00fcblicherweise Donnerstags von 18:00 bis 22:00 statt.<\/p>\n","protected":false},"excerpt":{"rendered":"<p>Auf unseren Schie\u00dfst\u00e4nden k\u00f6nnen wir die meisten KK- und GK-Disziplinen nach den Sportordnungen des DSB bzw.&nbsp; BSSB sowie des BDS trainieren. Perkussionswaffen sind nicht zugelassen. F\u00fcr Unterhabel C sowie die KK und GK Fallplattendisziplinen stehen geeignete Anlagen zur Verf\u00fcgung. Aktuell (Stand 03\/2023) haben wir folgende Mannschaften zu den Rundenwettk\u00e4mpfen gemeldet:\u2026 <a class=\"continue-reading-link\" href=\"http:\/\/kpsg-cadolzburg.de\/?page_id=57\">Continue reading<\/a><\/p>\n","protected":false},"author":3,"featured_media":0,"parent":35,"menu_order":0,"comment_status":"closed","ping_status":"closed","template":"","meta":{"footnotes":""},"_links":{"self":[{"href":"http:\/\/kpsg-cadolzburg.de\/index.php?rest_route=\/wp\/v2\/pages\/57"}],"collection":[{"href":"http:\/\/kpsg-cadolzburg.de\/index.php?rest_route=\/wp\/v2\/pages"}],"about":[{"href":"http:\/\/kpsg-cadolzburg.de\/index.php?rest_route=\/wp\/v2\/types\/page"}],"author":[{"embeddable":true,"href":"http:\/\/kpsg-cadolzburg.de\/index.php?rest_route=\/wp\/v2\/users\/3"}],"replies":[{"embeddable":true,"href":"http:\/\/kpsg-cadolzburg.de\/index.php?rest_route=%2Fwp%2Fv2%2Fcomments&post=57"}],"version-history":[{"count":16,"href":"http:\/\/kpsg-cadolzburg.de\/index.php?rest_route=\/wp\/v2\/pages\/57\/revisions"}],"predecessor-version":[{"id":2133,"href":"http:\/\/kpsg-cadolzburg.de\/index.php?rest_route=\/wp\/v2\/pages\/57\/revisions\/2133"}],"up":[{"embeddable":true,"href":"http:\/\/kpsg-cadolzburg.de\/index.php?rest_route=\/wp\/v2\/pages\/35"}],"wp:attachment":[{"href":"http:\/\/kpsg-cadolzburg.de\/index.php?rest_route=%2Fwp%2Fv2%2Fmedia&parent=57"}],"curies":[{"name":"wp","href":"https:\/\/api.w.org\/{rel}","templated":true}]}}