{"id":59,"date":"2014-10-17T00:35:16","date_gmt":"2014-10-16T22:35:16","guid":{"rendered":"http:\/\/kpsg-cadolzburg.de\/WP\/?page_id=59"},"modified":"2019-11-28T23:45:58","modified_gmt":"2019-11-28T21:45:58","slug":"termine","status":"publish","type":"page","link":"http:\/\/kpsg-cadolzburg.de\/?page_id=59","title":{"rendered":"Termine"},"content":{"rendered":"<p><strong>Unsere\u00a0festen Schie\u00dftage: ( G\u00e4ste bitten wir sich vorher unter\u00a00176 63679565 anzumelden!)<\/strong><\/p>\n<ul>\n<li>Dienstag 19 bis 22 Uhr (Luftdisziplinen, Kurz- und Langwaffen KK und GK) &#8211; bevorzugt f\u00fcr Gastsch\u00fctzen<\/li>\n<li>Mittwoch ab 18 Uhr (nur Bogen!!!) &#8211; bevorzugt f\u00fcr Sch\u00fcler und Jugend<\/li>\n<li>Donnerstag 18 bis 22 Uhr (Luftdisziplinen, Kurz- und Langwaffen KK und GK) &#8211; bevorzugt f\u00fcr Vereinsmitglieder<\/li>\n<li>Sonntag ab 10 Uhr (nur Bogen!!!) &#8211; bevorzugt f\u00fcr Erwachsene<\/li>\n<\/ul>\n<p><strong>Donnerstag ist auch unser Vereinsabend mit geselliger Runde von Jung\u00a0bis Alt, mit Bewirtung im Schie\u00dfhaus.<\/strong><\/p>\n<p>Weitere Schie\u00dftage f\u00fcr G\u00e4ste bzw. Gruppen sind nach Vereinbarung m\u00f6glich, auch ist eine feste Anmietung unserer St\u00e4nde f\u00fcr regelm\u00e4\u00dfige Trainings m\u00f6glich.<\/p>\n<p>Bitte nutzen Sie f\u00fcr Anfragen unser <a href=\"http:\/\/www.schuetzen-cadolzburg.de\/pages\/kontakt.php\">Kontaktformular<\/a>. <strong><span style=\"color: #800080;\">(Funktion derzeit in \u00dcberarbeitung).<\/span><\/strong><\/p>\n","protected":false},"excerpt":{"rendered":"<p>Unsere\u00a0festen Schie\u00dftage: ( G\u00e4ste bitten wir sich vorher unter\u00a00176 63679565 anzumelden!) Dienstag 19 bis 22 Uhr (Luftdisziplinen, Kurz- und Langwaffen KK und GK) &#8211; bevorzugt f\u00fcr Gastsch\u00fctzen Mittwoch ab 18 Uhr (nur Bogen!!!) &#8211; bevorzugt f\u00fcr Sch\u00fcler und Jugend Donnerstag 18 bis 22 Uhr (Luftdisziplinen, Kurz- und Langwaffen KK und\u2026 <a class=\"continue-reading-link\" href=\"http:\/\/kpsg-cadolzburg.de\/?page_id=59\">Continue reading<\/a><\/p>\n","protected":false},"author":3,"featured_media":0,"parent":0,"menu_order":0,"comment_status":"closed","ping_status":"closed","template":"","meta":{"footnotes":""},"_links":{"self":[{"href":"http:\/\/kpsg-cadolzburg.de\/index.php?rest_route=\/wp\/v2\/pages\/59"}],"collection":[{"href":"http:\/\/kpsg-cadolzburg.de\/index.php?rest_route=\/wp\/v2\/pages"}],"about":[{"href":"http:\/\/kpsg-cadolzburg.de\/index.php?rest_route=\/wp\/v2\/types\/page"}],"author":[{"embeddable":true,"href":"http:\/\/kpsg-cadolzburg.de\/index.php?rest_route=\/wp\/v2\/users\/3"}],"replies":[{"embeddable":true,"href":"http:\/\/kpsg-cadolzburg.de\/index.php?rest_route=%2Fwp%2Fv2%2Fcomments&post=59"}],"version-history":[{"count":9,"href":"http:\/\/kpsg-cadolzburg.de\/index.php?rest_route=\/wp\/v2\/pages\/59\/revisions"}],"predecessor-version":[{"id":1777,"href":"http:\/\/kpsg-cadolzburg.de\/index.php?rest_route=\/wp\/v2\/pages\/59\/revisions\/1777"}],"wp:attachment":[{"href":"http:\/\/kpsg-cadolzburg.de\/index.php?rest_route=%2Fwp%2Fv2%2Fmedia&parent=59"}],"curies":[{"name":"wp","href":"https:\/\/api.w.org\/{rel}","templated":true}]}}