{"id":951,"date":"2017-06-04T14:56:38","date_gmt":"2017-06-04T12:56:38","guid":{"rendered":"http:\/\/kpsg-cadolzburg.de\/?page_id=951"},"modified":"2017-09-03T14:28:15","modified_gmt":"2017-09-03T12:28:15","slug":"800-jahre-mauterndorf-abordnung-unseres-schuetzenvereines","status":"publish","type":"page","link":"http:\/\/kpsg-cadolzburg.de\/?page_id=951","title":{"rendered":"800 Jahre Mauterndorf &#8211; Abordnung unseres Sch\u00fctzenvereins"},"content":{"rendered":"<div style=\"width: 250px\" class=\"wp-caption alignright\"><img decoding=\"async\" loading=\"lazy\" src=\"http:\/\/kpsg-cadolzburg.de\/WP\/wp-content\/uploads\/2017\/09\/Mauterndorf.jpg\" alt=\"\" width=\"240\" height=\"160\" \/><p class=\"wp-caption-text\">Mauterndorf<\/p><\/div>\n<p>Vom 27.05. &#8211; 28.05.2017 wurden anl\u00e4sslich des Jubeljahres \u00a0 \u00a0 \u00a0 \u00a0&#8222;800 Jahre Markt Mauterndorf &#8220; unter anderem die 35 &#8211; j\u00e4hrige Partnerschaft mit Cadolzburg in einem Festakt gew\u00fcrdigt.<\/p>\n<p>Eine Abordnung von Sch\u00fctzenschwestern und Sch\u00fctzenbr\u00fcdern nahm aktiv an den Festlichkeiten teil. Die nachfolgenden Bilder sollen Euch einen Eindruck von den Festlichkeiten vermitteln. Vielen Dank an die Sch\u00fctzenschwestern und Sch\u00fctzenbr\u00fcder, die stellvertretend f\u00fcr uns alle, an der Festlichkeit teilnahmen.<\/p>\n<p>&nbsp;<\/p>\n<p><a href=\"http:\/\/kpsg-cadolzburg.de\/WP\/wp-content\/uploads\/2017\/06\/2017-05-28_Mauterndorf800Jahre-159.jpg\"><img decoding=\"async\" loading=\"lazy\" class=\"size-medium wp-image-983 alignnone\" src=\"http:\/\/kpsg-cadolzburg.de\/WP\/wp-content\/uploads\/2017\/06\/2017-05-28_Mauterndorf800Jahre-159-300x169.jpg\" alt=\"\" width=\"300\" height=\"169\" srcset=\"http:\/\/kpsg-cadolzburg.de\/WP\/wp-content\/uploads\/2017\/06\/2017-05-28_Mauterndorf800Jahre-159-300x169.jpg 300w, http:\/\/kpsg-cadolzburg.de\/WP\/wp-content\/uploads\/2017\/06\/2017-05-28_Mauterndorf800Jahre-159-768x432.jpg 768w, http:\/\/kpsg-cadolzburg.de\/WP\/wp-content\/uploads\/2017\/06\/2017-05-28_Mauterndorf800Jahre-159-250x141.jpg 250w, http:\/\/kpsg-cadolzburg.de\/WP\/wp-content\/uploads\/2017\/06\/2017-05-28_Mauterndorf800Jahre-159-150x84.jpg 150w, http:\/\/kpsg-cadolzburg.de\/WP\/wp-content\/uploads\/2017\/06\/2017-05-28_Mauterndorf800Jahre-159.jpg 1008w\" sizes=\"(max-width: 300px) 100vw, 300px\" \/><\/a><a href=\"http:\/\/kpsg-cadolzburg.de\/WP\/wp-content\/uploads\/2017\/06\/2017-05-28_Mauterndorf800Jahre-165.jpg\"><img decoding=\"async\" loading=\"lazy\" class=\"alignright size-medium wp-image-982\" src=\"http:\/\/kpsg-cadolzburg.de\/WP\/wp-content\/uploads\/2017\/06\/2017-05-28_Mauterndorf800Jahre-165-300x169.jpg\" alt=\"\" width=\"300\" height=\"169\" srcset=\"http:\/\/kpsg-cadolzburg.de\/WP\/wp-content\/uploads\/2017\/06\/2017-05-28_Mauterndorf800Jahre-165-300x169.jpg 300w, http:\/\/kpsg-cadolzburg.de\/WP\/wp-content\/uploads\/2017\/06\/2017-05-28_Mauterndorf800Jahre-165-768x432.jpg 768w, http:\/\/kpsg-cadolzburg.de\/WP\/wp-content\/uploads\/2017\/06\/2017-05-28_Mauterndorf800Jahre-165-250x141.jpg 250w, http:\/\/kpsg-cadolzburg.de\/WP\/wp-content\/uploads\/2017\/06\/2017-05-28_Mauterndorf800Jahre-165-150x84.jpg 150w, http:\/\/kpsg-cadolzburg.de\/WP\/wp-content\/uploads\/2017\/06\/2017-05-28_Mauterndorf800Jahre-165.jpg 1008w\" sizes=\"(max-width: 300px) 100vw, 300px\" \/><\/a><\/p>\n<h2 class=\"align_center\">\u00a0<a href=\"http:\/\/kpsg-cadolzburg.de\/WP\/wp-content\/uploads\/2017\/06\/2017-05-28_Mauterndorf800Jahre-166.jpg\"><img decoding=\"async\" loading=\"lazy\" class=\"size-medium wp-image-981 aligncenter\" src=\"http:\/\/kpsg-cadolzburg.de\/WP\/wp-content\/uploads\/2017\/06\/2017-05-28_Mauterndorf800Jahre-166-300x169.jpg\" alt=\"\" width=\"300\" height=\"169\" srcset=\"http:\/\/kpsg-cadolzburg.de\/WP\/wp-content\/uploads\/2017\/06\/2017-05-28_Mauterndorf800Jahre-166-300x169.jpg 300w, http:\/\/kpsg-cadolzburg.de\/WP\/wp-content\/uploads\/2017\/06\/2017-05-28_Mauterndorf800Jahre-166-768x432.jpg 768w, http:\/\/kpsg-cadolzburg.de\/WP\/wp-content\/uploads\/2017\/06\/2017-05-28_Mauterndorf800Jahre-166-250x141.jpg 250w, http:\/\/kpsg-cadolzburg.de\/WP\/wp-content\/uploads\/2017\/06\/2017-05-28_Mauterndorf800Jahre-166-150x84.jpg 150w, http:\/\/kpsg-cadolzburg.de\/WP\/wp-content\/uploads\/2017\/06\/2017-05-28_Mauterndorf800Jahre-166.jpg 1008w\" sizes=\"(max-width: 300px) 100vw, 300px\" \/><\/a><\/h2>\n<h2 class=\"align_center\"><a href=\"http:\/\/kpsg-cadolzburg.de\/WP\/wp-content\/uploads\/2017\/06\/2017-05-28_Mauterndorf800Jahre-B-3.jpg\"><img decoding=\"async\" loading=\"lazy\" class=\"alignright size-medium wp-image-980\" src=\"http:\/\/kpsg-cadolzburg.de\/WP\/wp-content\/uploads\/2017\/06\/2017-05-28_Mauterndorf800Jahre-B-3-300x200.jpg\" alt=\"\" width=\"300\" height=\"200\" srcset=\"http:\/\/kpsg-cadolzburg.de\/WP\/wp-content\/uploads\/2017\/06\/2017-05-28_Mauterndorf800Jahre-B-3-300x200.jpg 300w, http:\/\/kpsg-cadolzburg.de\/WP\/wp-content\/uploads\/2017\/06\/2017-05-28_Mauterndorf800Jahre-B-3-768x512.jpg 768w, http:\/\/kpsg-cadolzburg.de\/WP\/wp-content\/uploads\/2017\/06\/2017-05-28_Mauterndorf800Jahre-B-3-225x150.jpg 225w, http:\/\/kpsg-cadolzburg.de\/WP\/wp-content\/uploads\/2017\/06\/2017-05-28_Mauterndorf800Jahre-B-3-150x100.jpg 150w, http:\/\/kpsg-cadolzburg.de\/WP\/wp-content\/uploads\/2017\/06\/2017-05-28_Mauterndorf800Jahre-B-3.jpg 785w\" sizes=\"(max-width: 300px) 100vw, 300px\" \/><\/a> <a href=\"http:\/\/kpsg-cadolzburg.de\/WP\/wp-content\/uploads\/2017\/06\/2017-05-28_Mauterndorf800Jahre-B-4.jpg\"><img decoding=\"async\" loading=\"lazy\" class=\"size-medium wp-image-979 alignleft\" src=\"http:\/\/kpsg-cadolzburg.de\/WP\/wp-content\/uploads\/2017\/06\/2017-05-28_Mauterndorf800Jahre-B-4-300x201.jpg\" alt=\"\" width=\"300\" height=\"201\" srcset=\"http:\/\/kpsg-cadolzburg.de\/WP\/wp-content\/uploads\/2017\/06\/2017-05-28_Mauterndorf800Jahre-B-4-300x201.jpg 300w, http:\/\/kpsg-cadolzburg.de\/WP\/wp-content\/uploads\/2017\/06\/2017-05-28_Mauterndorf800Jahre-B-4-768x514.jpg 768w, http:\/\/kpsg-cadolzburg.de\/WP\/wp-content\/uploads\/2017\/06\/2017-05-28_Mauterndorf800Jahre-B-4-224x150.jpg 224w, http:\/\/kpsg-cadolzburg.de\/WP\/wp-content\/uploads\/2017\/06\/2017-05-28_Mauterndorf800Jahre-B-4-150x100.jpg 150w, http:\/\/kpsg-cadolzburg.de\/WP\/wp-content\/uploads\/2017\/06\/2017-05-28_Mauterndorf800Jahre-B-4.jpg 798w\" sizes=\"(max-width: 300px) 100vw, 300px\" \/><\/a> <a href=\"http:\/\/kpsg-cadolzburg.de\/WP\/wp-content\/uploads\/2017\/06\/2017-05-28_Mauterndorf800Jahre-B-5.jpg\"><img decoding=\"async\" loading=\"lazy\" class=\"alignright size-medium wp-image-978\" src=\"http:\/\/kpsg-cadolzburg.de\/WP\/wp-content\/uploads\/2017\/06\/2017-05-28_Mauterndorf800Jahre-B-5-300x201.jpg\" alt=\"\" width=\"300\" height=\"201\" srcset=\"http:\/\/kpsg-cadolzburg.de\/WP\/wp-content\/uploads\/2017\/06\/2017-05-28_Mauterndorf800Jahre-B-5-300x201.jpg 300w, http:\/\/kpsg-cadolzburg.de\/WP\/wp-content\/uploads\/2017\/06\/2017-05-28_Mauterndorf800Jahre-B-5-768x514.jpg 768w, http:\/\/kpsg-cadolzburg.de\/WP\/wp-content\/uploads\/2017\/06\/2017-05-28_Mauterndorf800Jahre-B-5-224x150.jpg 224w, http:\/\/kpsg-cadolzburg.de\/WP\/wp-content\/uploads\/2017\/06\/2017-05-28_Mauterndorf800Jahre-B-5-150x100.jpg 150w, http:\/\/kpsg-cadolzburg.de\/WP\/wp-content\/uploads\/2017\/06\/2017-05-28_Mauterndorf800Jahre-B-5.jpg 822w\" sizes=\"(max-width: 300px) 100vw, 300px\" \/><\/a> <a href=\"http:\/\/kpsg-cadolzburg.de\/WP\/wp-content\/uploads\/2017\/06\/2017-05-28_Mauterndorf800Jahre-B-6.jpg\"><img decoding=\"async\" loading=\"lazy\" class=\"size-medium wp-image-977 alignleft\" src=\"http:\/\/kpsg-cadolzburg.de\/WP\/wp-content\/uploads\/2017\/06\/2017-05-28_Mauterndorf800Jahre-B-6-300x200.jpg\" alt=\"\" width=\"300\" height=\"200\" srcset=\"http:\/\/kpsg-cadolzburg.de\/WP\/wp-content\/uploads\/2017\/06\/2017-05-28_Mauterndorf800Jahre-B-6-300x200.jpg 300w, http:\/\/kpsg-cadolzburg.de\/WP\/wp-content\/uploads\/2017\/06\/2017-05-28_Mauterndorf800Jahre-B-6-768x513.jpg 768w, http:\/\/kpsg-cadolzburg.de\/WP\/wp-content\/uploads\/2017\/06\/2017-05-28_Mauterndorf800Jahre-B-6-225x150.jpg 225w, http:\/\/kpsg-cadolzburg.de\/WP\/wp-content\/uploads\/2017\/06\/2017-05-28_Mauterndorf800Jahre-B-6-150x100.jpg 150w, http:\/\/kpsg-cadolzburg.de\/WP\/wp-content\/uploads\/2017\/06\/2017-05-28_Mauterndorf800Jahre-B-6.jpg 828w\" sizes=\"(max-width: 300px) 100vw, 300px\" \/><\/a> <a href=\"http:\/\/kpsg-cadolzburg.de\/WP\/wp-content\/uploads\/2017\/06\/2017-05-28_Mauterndorf800Jahre-B-7.jpg\"><img decoding=\"async\" loading=\"lazy\" class=\"alignright size-medium wp-image-976\" src=\"http:\/\/kpsg-cadolzburg.de\/WP\/wp-content\/uploads\/2017\/06\/2017-05-28_Mauterndorf800Jahre-B-7-300x200.jpg\" alt=\"\" width=\"300\" height=\"200\" srcset=\"http:\/\/kpsg-cadolzburg.de\/WP\/wp-content\/uploads\/2017\/06\/2017-05-28_Mauterndorf800Jahre-B-7-300x200.jpg 300w, http:\/\/kpsg-cadolzburg.de\/WP\/wp-content\/uploads\/2017\/06\/2017-05-28_Mauterndorf800Jahre-B-7-768x511.jpg 768w, http:\/\/kpsg-cadolzburg.de\/WP\/wp-content\/uploads\/2017\/06\/2017-05-28_Mauterndorf800Jahre-B-7-225x150.jpg 225w, http:\/\/kpsg-cadolzburg.de\/WP\/wp-content\/uploads\/2017\/06\/2017-05-28_Mauterndorf800Jahre-B-7-150x100.jpg 150w, http:\/\/kpsg-cadolzburg.de\/WP\/wp-content\/uploads\/2017\/06\/2017-05-28_Mauterndorf800Jahre-B-7.jpg 828w\" sizes=\"(max-width: 300px) 100vw, 300px\" \/><\/a> <a href=\"http:\/\/kpsg-cadolzburg.de\/WP\/wp-content\/uploads\/2017\/06\/2017-05-28_Mauterndorf800Jahre-B-10.jpg\"><img decoding=\"async\" loading=\"lazy\" class=\"size-medium wp-image-975 alignleft\" src=\"http:\/\/kpsg-cadolzburg.de\/WP\/wp-content\/uploads\/2017\/06\/2017-05-28_Mauterndorf800Jahre-B-10-300x201.jpg\" alt=\"\" width=\"300\" height=\"201\" srcset=\"http:\/\/kpsg-cadolzburg.de\/WP\/wp-content\/uploads\/2017\/06\/2017-05-28_Mauterndorf800Jahre-B-10-300x201.jpg 300w, http:\/\/kpsg-cadolzburg.de\/WP\/wp-content\/uploads\/2017\/06\/2017-05-28_Mauterndorf800Jahre-B-10-768x513.jpg 768w, http:\/\/kpsg-cadolzburg.de\/WP\/wp-content\/uploads\/2017\/06\/2017-05-28_Mauterndorf800Jahre-B-10-224x150.jpg 224w, http:\/\/kpsg-cadolzburg.de\/WP\/wp-content\/uploads\/2017\/06\/2017-05-28_Mauterndorf800Jahre-B-10-150x100.jpg 150w, http:\/\/kpsg-cadolzburg.de\/WP\/wp-content\/uploads\/2017\/06\/2017-05-28_Mauterndorf800Jahre-B-10.jpg 787w\" sizes=\"(max-width: 300px) 100vw, 300px\" \/><\/a> <a href=\"http:\/\/kpsg-cadolzburg.de\/WP\/wp-content\/uploads\/2017\/06\/2017-05-28_Mauterndorf800Jahre-B-12.jpg\"><img decoding=\"async\" loading=\"lazy\" class=\"alignright size-medium wp-image-974\" src=\"http:\/\/kpsg-cadolzburg.de\/WP\/wp-content\/uploads\/2017\/06\/2017-05-28_Mauterndorf800Jahre-B-12-300x201.jpg\" alt=\"\" width=\"300\" height=\"201\" srcset=\"http:\/\/kpsg-cadolzburg.de\/WP\/wp-content\/uploads\/2017\/06\/2017-05-28_Mauterndorf800Jahre-B-12-300x201.jpg 300w, http:\/\/kpsg-cadolzburg.de\/WP\/wp-content\/uploads\/2017\/06\/2017-05-28_Mauterndorf800Jahre-B-12-768x515.jpg 768w, http:\/\/kpsg-cadolzburg.de\/WP\/wp-content\/uploads\/2017\/06\/2017-05-28_Mauterndorf800Jahre-B-12-224x150.jpg 224w, http:\/\/kpsg-cadolzburg.de\/WP\/wp-content\/uploads\/2017\/06\/2017-05-28_Mauterndorf800Jahre-B-12-150x101.jpg 150w, http:\/\/kpsg-cadolzburg.de\/WP\/wp-content\/uploads\/2017\/06\/2017-05-28_Mauterndorf800Jahre-B-12.jpg 832w\" sizes=\"(max-width: 300px) 100vw, 300px\" \/><\/a> <a href=\"http:\/\/kpsg-cadolzburg.de\/WP\/wp-content\/uploads\/2017\/06\/2017-05-28_Mauterndorf800Jahre-B-24.jpg\"><img decoding=\"async\" loading=\"lazy\" class=\"size-medium wp-image-973 alignleft\" src=\"http:\/\/kpsg-cadolzburg.de\/WP\/wp-content\/uploads\/2017\/06\/2017-05-28_Mauterndorf800Jahre-B-24-300x201.jpg\" alt=\"\" width=\"300\" height=\"201\" srcset=\"http:\/\/kpsg-cadolzburg.de\/WP\/wp-content\/uploads\/2017\/06\/2017-05-28_Mauterndorf800Jahre-B-24-300x201.jpg 300w, http:\/\/kpsg-cadolzburg.de\/WP\/wp-content\/uploads\/2017\/06\/2017-05-28_Mauterndorf800Jahre-B-24-768x514.jpg 768w, http:\/\/kpsg-cadolzburg.de\/WP\/wp-content\/uploads\/2017\/06\/2017-05-28_Mauterndorf800Jahre-B-24-224x150.jpg 224w, http:\/\/kpsg-cadolzburg.de\/WP\/wp-content\/uploads\/2017\/06\/2017-05-28_Mauterndorf800Jahre-B-24-150x100.jpg 150w, http:\/\/kpsg-cadolzburg.de\/WP\/wp-content\/uploads\/2017\/06\/2017-05-28_Mauterndorf800Jahre-B-24.jpg 828w\" sizes=\"(max-width: 300px) 100vw, 300px\" \/><\/a> <a href=\"http:\/\/kpsg-cadolzburg.de\/WP\/wp-content\/uploads\/2017\/06\/2017-05-28_Mauterndorf800Jahre-B-28.jpg\"><img decoding=\"async\" loading=\"lazy\" class=\"alignright size-medium wp-image-972\" src=\"http:\/\/kpsg-cadolzburg.de\/WP\/wp-content\/uploads\/2017\/06\/2017-05-28_Mauterndorf800Jahre-B-28-300x200.jpg\" alt=\"\" width=\"300\" height=\"200\" srcset=\"http:\/\/kpsg-cadolzburg.de\/WP\/wp-content\/uploads\/2017\/06\/2017-05-28_Mauterndorf800Jahre-B-28-300x200.jpg 300w, http:\/\/kpsg-cadolzburg.de\/WP\/wp-content\/uploads\/2017\/06\/2017-05-28_Mauterndorf800Jahre-B-28-768x513.jpg 768w, http:\/\/kpsg-cadolzburg.de\/WP\/wp-content\/uploads\/2017\/06\/2017-05-28_Mauterndorf800Jahre-B-28-225x150.jpg 225w, http:\/\/kpsg-cadolzburg.de\/WP\/wp-content\/uploads\/2017\/06\/2017-05-28_Mauterndorf800Jahre-B-28-150x100.jpg 150w, http:\/\/kpsg-cadolzburg.de\/WP\/wp-content\/uploads\/2017\/06\/2017-05-28_Mauterndorf800Jahre-B-28.jpg 827w\" sizes=\"(max-width: 300px) 100vw, 300px\" \/><\/a> <a href=\"http:\/\/kpsg-cadolzburg.de\/WP\/wp-content\/uploads\/2017\/06\/2017-05-28_Mauterndorf800Jahre-B-35.jpg\"><img decoding=\"async\" loading=\"lazy\" class=\"size-medium wp-image-971 alignleft\" src=\"http:\/\/kpsg-cadolzburg.de\/WP\/wp-content\/uploads\/2017\/06\/2017-05-28_Mauterndorf800Jahre-B-35-300x201.jpg\" alt=\"\" width=\"300\" height=\"201\" srcset=\"http:\/\/kpsg-cadolzburg.de\/WP\/wp-content\/uploads\/2017\/06\/2017-05-28_Mauterndorf800Jahre-B-35-300x201.jpg 300w, http:\/\/kpsg-cadolzburg.de\/WP\/wp-content\/uploads\/2017\/06\/2017-05-28_Mauterndorf800Jahre-B-35-768x514.jpg 768w, http:\/\/kpsg-cadolzburg.de\/WP\/wp-content\/uploads\/2017\/06\/2017-05-28_Mauterndorf800Jahre-B-35-224x150.jpg 224w, http:\/\/kpsg-cadolzburg.de\/WP\/wp-content\/uploads\/2017\/06\/2017-05-28_Mauterndorf800Jahre-B-35-150x100.jpg 150w, http:\/\/kpsg-cadolzburg.de\/WP\/wp-content\/uploads\/2017\/06\/2017-05-28_Mauterndorf800Jahre-B-35.jpg 770w\" sizes=\"(max-width: 300px) 100vw, 300px\" \/><\/a> <a href=\"http:\/\/kpsg-cadolzburg.de\/WP\/wp-content\/uploads\/2017\/06\/2017-05-28_Mauterndorf800Jahre-B-36.jpg\"><img decoding=\"async\" loading=\"lazy\" class=\"size-medium wp-image-970 aligncenter\" src=\"http:\/\/kpsg-cadolzburg.de\/WP\/wp-content\/uploads\/2017\/06\/2017-05-28_Mauterndorf800Jahre-B-36-300x200.jpg\" alt=\"\" width=\"300\" height=\"200\" srcset=\"http:\/\/kpsg-cadolzburg.de\/WP\/wp-content\/uploads\/2017\/06\/2017-05-28_Mauterndorf800Jahre-B-36-300x200.jpg 300w, http:\/\/kpsg-cadolzburg.de\/WP\/wp-content\/uploads\/2017\/06\/2017-05-28_Mauterndorf800Jahre-B-36-768x513.jpg 768w, http:\/\/kpsg-cadolzburg.de\/WP\/wp-content\/uploads\/2017\/06\/2017-05-28_Mauterndorf800Jahre-B-36-225x150.jpg 225w, http:\/\/kpsg-cadolzburg.de\/WP\/wp-content\/uploads\/2017\/06\/2017-05-28_Mauterndorf800Jahre-B-36-150x100.jpg 150w, http:\/\/kpsg-cadolzburg.de\/WP\/wp-content\/uploads\/2017\/06\/2017-05-28_Mauterndorf800Jahre-B-36.jpg 854w\" sizes=\"(max-width: 300px) 100vw, 300px\" \/><\/a><\/h2>\n<h2 class=\"align_center\"><\/h2>\n<p>&nbsp;<\/p>\n<p>&nbsp;<\/p>\n<p>&nbsp;<\/p>\n","protected":false},"excerpt":{"rendered":"<p>Vom 27.05. &#8211; 28.05.2017 wurden anl\u00e4sslich des Jubeljahres \u00a0 \u00a0 \u00a0 \u00a0&#8222;800 Jahre Markt Mauterndorf &#8220; unter anderem die 35 &#8211; j\u00e4hrige Partnerschaft mit Cadolzburg in einem Festakt gew\u00fcrdigt. Eine Abordnung von Sch\u00fctzenschwestern und Sch\u00fctzenbr\u00fcdern nahm aktiv an den Festlichkeiten teil. Die nachfolgenden Bilder sollen Euch einen Eindruck von den\u2026 <a class=\"continue-reading-link\" href=\"http:\/\/kpsg-cadolzburg.de\/?page_id=951\">Continue reading<\/a><\/p>\n","protected":false},"author":5,"featured_media":0,"parent":90,"menu_order":4,"comment_status":"closed","ping_status":"closed","template":"","meta":{"footnotes":""},"_links":{"self":[{"href":"http:\/\/kpsg-cadolzburg.de\/index.php?rest_route=\/wp\/v2\/pages\/951"}],"collection":[{"href":"http:\/\/kpsg-cadolzburg.de\/index.php?rest_route=\/wp\/v2\/pages"}],"about":[{"href":"http:\/\/kpsg-cadolzburg.de\/index.php?rest_route=\/wp\/v2\/types\/page"}],"author":[{"embeddable":true,"href":"http:\/\/kpsg-cadolzburg.de\/index.php?rest_route=\/wp\/v2\/users\/5"}],"replies":[{"embeddable":true,"href":"http:\/\/kpsg-cadolzburg.de\/index.php?rest_route=%2Fwp%2Fv2%2Fcomments&post=951"}],"version-history":[{"count":11,"href":"http:\/\/kpsg-cadolzburg.de\/index.php?rest_route=\/wp\/v2\/pages\/951\/revisions"}],"predecessor-version":[{"id":1098,"href":"http:\/\/kpsg-cadolzburg.de\/index.php?rest_route=\/wp\/v2\/pages\/951\/revisions\/1098"}],"up":[{"embeddable":true,"href":"http:\/\/kpsg-cadolzburg.de\/index.php?rest_route=\/wp\/v2\/pages\/90"}],"wp:attachment":[{"href":"http:\/\/kpsg-cadolzburg.de\/index.php?rest_route=%2Fwp%2Fv2%2Fmedia&parent=951"}],"curies":[{"name":"wp","href":"https:\/\/api.w.org\/{rel}","templated":true}]}}